{"id":2,"date":"2013-11-20T16:26:22","date_gmt":"2013-11-20T16:26:22","guid":{"rendered":"http:\/\/ludwig-witzani.de\/?page_id=2"},"modified":"2025-06-03T10:32:56","modified_gmt":"2025-06-03T10:32:56","slug":"autor","status":"publish","type":"page","link":"https:\/\/ludwig-witzani.de\/zu-den-grossen-traeumen\/autor\/","title":{"rendered":"\u00dcber mich"},"content":{"rendered":"<p style=\"text-align: right;\"><a href=\"https:\/\/www.epubli.de\/blog\/interview-ludwig-witzani-2\">AUTORENINTERVIEW LUDWIG WITZANI<\/a><\/p>\n<p style=\"text-align: right;\"><a href=\"http:\/\/ludwig-witzani.de\/von-meerbusch-in-die-weite-welt-autorenportrait-rheinische-post\/\">&#8222;Von Meerbusch in die weite Welt&#8220; (Autorenportrait Rheinische Post)<\/a><\/p>\n<p>&nbsp;<\/p>\n<p style=\"text-align: right;\"><em>\u201eAlles pr\u00fcfe der Mensch, sagen die Himmlischen,<\/em><br \/>\n<em>Dass er, kr\u00e4ftig gen\u00e4hrt, danken f\u00fcr Alles lern&#8216;,<\/em><br \/>\n<em>Und verstehe die Freiheit,<\/em><br \/>\n<em>Aufzubrechen, wohin er will.\u201c<\/em><br \/>\n<em>&#8211; H\u00f6lderlin &#8211;<\/em><\/p>\n<p><img loading=\"lazy\" decoding=\"async\" class=\"size-full wp-image-219 alignright\" src=\"http:\/\/ludwig-witzani.de\/wp-content\/uploads\/2013\/11\/reise-ludwig.jpg\" alt=\"Ludwig im Laufe der Zeit\" width=\"250\" height=\"879\"\/>Meine erste richtige Individualreise unternahm ich im Alter von neun Jahren, als ich aus dem dritten Stock&nbsp;eines Jugendheimes die Regenrinne herunterkletterte,&nbsp;um durch den angrenzenden Wald die Autobahn nach&nbsp;K\u00f6ln zu erreichen. Fast zwei Tage und zwei N\u00e4chte&nbsp;dauerte es, bis nach einhundert Kilometern als Tramper&nbsp;und Schwarzfahrer meine Heimatstadt erreicht hatte&nbsp;und alle Dinge sich zum Guten wandten.<\/p>\n<p>Wenn ich es recht bedenke, waren auch meine sp\u00e4teren Reisen zum Amazonas, durch die Sahara, nach Indien&nbsp;oder Tibet oder in das Innere Afrikas nicht aufregender&nbsp;gewesen als diese allererste Tour mit ganz kleinem Gep\u00e4ck.&nbsp;Immer waren es Erkundungen der Welt \u2013 aber auch&nbsp;Manifestationen eines Lebensgef\u00fchles, das in H\u00f6lderlins&nbsp;Diktum \u201e\u2026aufzubrechen wohin ich will\u201c&nbsp;seinen un\u00fcberbietbaren Ausdruck gefunden hat.<\/p>\n<p>Ich bin mir bewusst, dass diese Freiheit ein Geschenk und eine Gnade ist. Ein gl\u00fcckliches Geschick hat es&nbsp;mir fr\u00fch erlaubt,&nbsp; das eigene Leben mit dem Gl\u00fcck des&nbsp;Reisens zu verbinden. Dass ich au\u00dferdem noch die Gelegenheit hatte, \u00fcber meine Erfahrungen in gro\u00dfen&nbsp;deutschen Zeitungen und Magazinen zu berichten, erlaubte mir die Ausweitung meiner Reisen in&nbsp;einem Umfang, von dem ich nie zu tr\u00e4umen gewagt&nbsp;h\u00e4tte.<\/p>\n<p>Aber&nbsp; ganz gleich, wohin es mich auch getrieben hatte, ganz gleich, in welchem Alter oder mit&nbsp;welchen Reisepartnern ich unterwegs war \u2013&nbsp;immer war es auch der Widerhall der Welt in&nbsp;mir selbst, der die Reise lohnte. Insofern enth\u00e4lt&nbsp;H\u00f6lderlins&nbsp; Diktum \u201eaufzubrechen, wohin ich will,\u201c&nbsp;immer eine doppelte Zielvorgabe:&nbsp; in die Welt \u2013&nbsp;und zu mir selbst.<\/p>\n<p>So soll diese Webseite eine Einladung sein,&nbsp;eine Einladung, die Welt zu sehen um am Ende,&nbsp;sich selbst ein wenig besser zu verstehen\u2026<\/p>\n<p>&nbsp;<\/p>\n<p><img loading=\"lazy\" decoding=\"async\" class=\"size-full wp-image-261 aligncenter\" src=\"http:\/\/ludwig-witzani.de\/wp-content\/uploads\/2013\/11\/1.01-Welt.jpg\" alt=\"Reiseroute\" width=\"506\" height=\"491\"\/><\/p>\n<p>&nbsp;<\/p>\n","protected":false},"excerpt":{"rendered":"<p>AUTORENINTERVIEW LUDWIG WITZANI &#8222;Von Meerbusch in die weite Welt&#8220; (Autorenportrait Rheinische Post) &nbsp; \u201eAlles pr\u00fcfe der Mensch, sagen die Himmlischen, Dass er, kr\u00e4ftig gen\u00e4hrt, danken f\u00fcr Alles lern&#8216;, Und verstehe die Freiheit, Aufzubrechen, wohin er will.\u201c &#8211; H\u00f6lderlin &#8211; Meine erste richtige Individualreise unternahm ich im Alter von neun Jahren, als ich aus dem dritten &hellip; <a href=\"https:\/\/ludwig-witzani.de\/zu-den-grossen-traeumen\/autor\/\" class=\"more-link\"><span class=\"screen-reader-text\">\u00dcber mich<\/span> weiterlesen <span class=\"meta-nav\">&rarr;<\/span><\/a><\/p>\n","protected":false},"author":2,"featured_media":0,"parent":0,"menu_order":0,"comment_status":"open","ping_status":"open","template":"","meta":{"ngg_post_thumbnail":0,"jetpack_post_was_ever_published":false,"footnotes":""},"class_list":["post-2","page","type-page","status-publish","hentry"],"yoast_head":"<!-- This site is optimized with the Yoast SEO plugin v27.4 - https:\/\/yoast.com\/product\/yoast-seo-wordpress\/ -->\n<title>\u00dcber mich - Ludwig Witzani<\/title>\n<meta name=\"robots\" content=\"index, follow, max-snippet:-1, max-image-preview:large, max-video-preview:-1\" \/>\n<link rel=\"canonical\" href=\"https:\/\/ludwig-witzani.de\/zu-den-grossen-traeumen\/autor\/\" \/>\n<meta property=\"og:locale\" content=\"de_DE\" \/>\n<meta property=\"og:type\" content=\"article\" \/>\n<meta property=\"og:title\" content=\"\u00dcber mich - Ludwig Witzani\" \/>\n<meta property=\"og:description\" content=\"AUTORENINTERVIEW LUDWIG WITZANI &#8222;Von Meerbusch in die weite Welt&#8220; (Autorenportrait Rheinische Post) &nbsp; \u201eAlles pr\u00fcfe der Mensch, sagen die Himmlischen, Dass er, kr\u00e4ftig gen\u00e4hrt, danken f\u00fcr Alles lern&#8216;, Und verstehe die Freiheit, Aufzubrechen, wohin er will.\u201c &#8211; H\u00f6lderlin &#8211; Meine erste richtige Individualreise unternahm ich im Alter von neun Jahren, als ich aus dem dritten &hellip; \u00dcber mich weiterlesen &rarr;\" \/>\n<meta property=\"og:url\" content=\"https:\/\/ludwig-witzani.de\/zu-den-grossen-traeumen\/autor\/\" \/>\n<meta property=\"og:site_name\" content=\"Ludwig Witzani\" \/>\n<meta property=\"article:modified_time\" content=\"2025-06-03T10:32:56+00:00\" \/>\n<meta property=\"og:image\" content=\"https:\/\/ludwig-witzani.de\/wp-content\/uploads\/2013\/11\/reise-ludwig.jpg\" \/>\n\t<meta property=\"og:image:width\" content=\"250\" \/>\n\t<meta property=\"og:image:height\" content=\"879\" \/>\n\t<meta property=\"og:image:type\" content=\"image\/jpeg\" \/>\n<meta name=\"twitter:card\" content=\"summary_large_image\" \/>\n<meta name=\"twitter:label1\" content=\"Gesch\u00e4tzte Lesezeit\" \/>\n\t<meta name=\"twitter:data1\" content=\"2\u00a0Minuten\" \/>\n<script type=\"application\/ld+json\" class=\"yoast-schema-graph\">{\"@context\":\"https:\\\/\\\/schema.org\",\"@graph\":[{\"@type\":\"WebPage\",\"@id\":\"https:\\\/\\\/ludwig-witzani.de\\\/zu-den-grossen-traeumen\\\/autor\\\/\",\"url\":\"https:\\\/\\\/ludwig-witzani.de\\\/zu-den-grossen-traeumen\\\/autor\\\/\",\"name\":\"\u00dcber mich - Ludwig Witzani\",\"isPartOf\":{\"@id\":\"https:\\\/\\\/ludwig-witzani.de\\\/zu-den-grossen-traeumen\\\/#website\"},\"primaryImageOfPage\":{\"@id\":\"https:\\\/\\\/ludwig-witzani.de\\\/zu-den-grossen-traeumen\\\/autor\\\/#primaryimage\"},\"image\":{\"@id\":\"https:\\\/\\\/ludwig-witzani.de\\\/zu-den-grossen-traeumen\\\/autor\\\/#primaryimage\"},\"thumbnailUrl\":\"http:\\\/\\\/ludwig-witzani.de\\\/wp-content\\\/uploads\\\/2013\\\/11\\\/reise-ludwig.jpg\",\"datePublished\":\"2013-11-20T16:26:22+00:00\",\"dateModified\":\"2025-06-03T10:32:56+00:00\",\"breadcrumb\":{\"@id\":\"https:\\\/\\\/ludwig-witzani.de\\\/zu-den-grossen-traeumen\\\/autor\\\/#breadcrumb\"},\"inLanguage\":\"de\",\"potentialAction\":[{\"@type\":\"ReadAction\",\"target\":[\"https:\\\/\\\/ludwig-witzani.de\\\/zu-den-grossen-traeumen\\\/autor\\\/\"]}]},{\"@type\":\"ImageObject\",\"inLanguage\":\"de\",\"@id\":\"https:\\\/\\\/ludwig-witzani.de\\\/zu-den-grossen-traeumen\\\/autor\\\/#primaryimage\",\"url\":\"http:\\\/\\\/ludwig-witzani.de\\\/wp-content\\\/uploads\\\/2013\\\/11\\\/reise-ludwig.jpg\",\"contentUrl\":\"http:\\\/\\\/ludwig-witzani.de\\\/wp-content\\\/uploads\\\/2013\\\/11\\\/reise-ludwig.jpg\"},{\"@type\":\"BreadcrumbList\",\"@id\":\"https:\\\/\\\/ludwig-witzani.de\\\/zu-den-grossen-traeumen\\\/autor\\\/#breadcrumb\",\"itemListElement\":[{\"@type\":\"ListItem\",\"position\":1,\"name\":\"Startseite\",\"item\":\"https:\\\/\\\/ludwig-witzani.de\\\/zu-den-grossen-traeumen\\\/\"},{\"@type\":\"ListItem\",\"position\":2,\"name\":\"\u00dcber mich\"}]},{\"@type\":\"WebSite\",\"@id\":\"https:\\\/\\\/ludwig-witzani.de\\\/zu-den-grossen-traeumen\\\/#website\",\"url\":\"https:\\\/\\\/ludwig-witzani.de\\\/zu-den-grossen-traeumen\\\/\",\"name\":\"Ludwig Witzani\",\"description\":\"World Wide Travel\",\"potentialAction\":[{\"@type\":\"SearchAction\",\"target\":{\"@type\":\"EntryPoint\",\"urlTemplate\":\"https:\\\/\\\/ludwig-witzani.de\\\/zu-den-grossen-traeumen\\\/?s={search_term_string}\"},\"query-input\":{\"@type\":\"PropertyValueSpecification\",\"valueRequired\":true,\"valueName\":\"search_term_string\"}}],\"inLanguage\":\"de\"}]}<\/script>\n<!-- \/ Yoast SEO plugin. -->","yoast_head_json":{"title":"\u00dcber mich - Ludwig Witzani","robots":{"index":"index","follow":"follow","max-snippet":"max-snippet:-1","max-image-preview":"max-image-preview:large","max-video-preview":"max-video-preview:-1"},"canonical":"https:\/\/ludwig-witzani.de\/zu-den-grossen-traeumen\/autor\/","og_locale":"de_DE","og_type":"article","og_title":"\u00dcber mich - Ludwig Witzani","og_description":"AUTORENINTERVIEW LUDWIG WITZANI &#8222;Von Meerbusch in die weite Welt&#8220; (Autorenportrait Rheinische Post) &nbsp; \u201eAlles pr\u00fcfe der Mensch, sagen die Himmlischen, Dass er, kr\u00e4ftig gen\u00e4hrt, danken f\u00fcr Alles lern&#8216;, Und verstehe die Freiheit, Aufzubrechen, wohin er will.\u201c &#8211; H\u00f6lderlin &#8211; Meine erste richtige Individualreise unternahm ich im Alter von neun Jahren, als ich aus dem dritten &hellip; \u00dcber mich weiterlesen &rarr;","og_url":"https:\/\/ludwig-witzani.de\/zu-den-grossen-traeumen\/autor\/","og_site_name":"Ludwig Witzani","article_modified_time":"2025-06-03T10:32:56+00:00","og_image":[{"width":250,"height":879,"url":"https:\/\/ludwig-witzani.de\/wp-content\/uploads\/2013\/11\/reise-ludwig.jpg","type":"image\/jpeg"}],"twitter_card":"summary_large_image","twitter_misc":{"Gesch\u00e4tzte Lesezeit":"2\u00a0Minuten"},"schema":{"@context":"https:\/\/schema.org","@graph":[{"@type":"WebPage","@id":"https:\/\/ludwig-witzani.de\/zu-den-grossen-traeumen\/autor\/","url":"https:\/\/ludwig-witzani.de\/zu-den-grossen-traeumen\/autor\/","name":"\u00dcber mich - Ludwig Witzani","isPartOf":{"@id":"https:\/\/ludwig-witzani.de\/zu-den-grossen-traeumen\/#website"},"primaryImageOfPage":{"@id":"https:\/\/ludwig-witzani.de\/zu-den-grossen-traeumen\/autor\/#primaryimage"},"image":{"@id":"https:\/\/ludwig-witzani.de\/zu-den-grossen-traeumen\/autor\/#primaryimage"},"thumbnailUrl":"http:\/\/ludwig-witzani.de\/wp-content\/uploads\/2013\/11\/reise-ludwig.jpg","datePublished":"2013-11-20T16:26:22+00:00","dateModified":"2025-06-03T10:32:56+00:00","breadcrumb":{"@id":"https:\/\/ludwig-witzani.de\/zu-den-grossen-traeumen\/autor\/#breadcrumb"},"inLanguage":"de","potentialAction":[{"@type":"ReadAction","target":["https:\/\/ludwig-witzani.de\/zu-den-grossen-traeumen\/autor\/"]}]},{"@type":"ImageObject","inLanguage":"de","@id":"https:\/\/ludwig-witzani.de\/zu-den-grossen-traeumen\/autor\/#primaryimage","url":"http:\/\/ludwig-witzani.de\/wp-content\/uploads\/2013\/11\/reise-ludwig.jpg","contentUrl":"http:\/\/ludwig-witzani.de\/wp-content\/uploads\/2013\/11\/reise-ludwig.jpg"},{"@type":"BreadcrumbList","@id":"https:\/\/ludwig-witzani.de\/zu-den-grossen-traeumen\/autor\/#breadcrumb","itemListElement":[{"@type":"ListItem","position":1,"name":"Startseite","item":"https:\/\/ludwig-witzani.de\/zu-den-grossen-traeumen\/"},{"@type":"ListItem","position":2,"name":"\u00dcber mich"}]},{"@type":"WebSite","@id":"https:\/\/ludwig-witzani.de\/zu-den-grossen-traeumen\/#website","url":"https:\/\/ludwig-witzani.de\/zu-den-grossen-traeumen\/","name":"Ludwig Witzani","description":"World Wide Travel","potentialAction":[{"@type":"SearchAction","target":{"@type":"EntryPoint","urlTemplate":"https:\/\/ludwig-witzani.de\/zu-den-grossen-traeumen\/?s={search_term_string}"},"query-input":{"@type":"PropertyValueSpecification","valueRequired":true,"valueName":"search_term_string"}}],"inLanguage":"de"}]}},"jetpack_shortlink":"https:\/\/wp.me\/P4daYo-2","jetpack_sharing_enabled":false,"_links":{"self":[{"href":"https:\/\/ludwig-witzani.de\/zu-den-grossen-traeumen\/wp-json\/wp\/v2\/pages\/2","targetHints":{"allow":["GET"]}}],"collection":[{"href":"https:\/\/ludwig-witzani.de\/zu-den-grossen-traeumen\/wp-json\/wp\/v2\/pages"}],"about":[{"href":"https:\/\/ludwig-witzani.de\/zu-den-grossen-traeumen\/wp-json\/wp\/v2\/types\/page"}],"author":[{"embeddable":true,"href":"https:\/\/ludwig-witzani.de\/zu-den-grossen-traeumen\/wp-json\/wp\/v2\/users\/2"}],"replies":[{"embeddable":true,"href":"https:\/\/ludwig-witzani.de\/zu-den-grossen-traeumen\/wp-json\/wp\/v2\/comments?post=2"}],"version-history":[{"count":12,"href":"https:\/\/ludwig-witzani.de\/zu-den-grossen-traeumen\/wp-json\/wp\/v2\/pages\/2\/revisions"}],"predecessor-version":[{"id":7134,"href":"https:\/\/ludwig-witzani.de\/zu-den-grossen-traeumen\/wp-json\/wp\/v2\/pages\/2\/revisions\/7134"}],"wp:attachment":[{"href":"https:\/\/ludwig-witzani.de\/zu-den-grossen-traeumen\/wp-json\/wp\/v2\/media?parent=2"}],"curies":[{"name":"wp","href":"https:\/\/api.w.org\/{rel}","templated":true}]}}