{"id":1976,"date":"2014-03-04T17:33:07","date_gmt":"2014-03-04T17:33:07","guid":{"rendered":"http:\/\/ludwig-witzani.de\/?page_id=1976"},"modified":"2025-06-03T10:32:54","modified_gmt":"2025-06-03T10:32:54","slug":"bharat-darshan","status":"publish","type":"page","link":"https:\/\/ludwig-witzani.de\/zu-den-grossen-traeumen\/buecher\/bharat-darshan\/","title":{"rendered":"Indische Reisen"},"content":{"rendered":"<h5 style=\"text-align: left;\"><span style=\"color: #000000;\">Als Backpacker unterwegs zwischen&nbsp;<\/span><span style=\"color: #000000;\">den Quellen des Ganges und Kap Komorin&nbsp;<\/span><span style=\"color: #000000;\">mit einem Finale auf der Kumbh Mela von Allahabad (Weltreisen Band II)&nbsp;<\/span><\/h5>\n<p style=\"text-align: left;\"><a href=\"http:\/\/ludwig-witzani.de\/wp-content\/uploads\/2014\/03\/cover-indien-titel-neu-v2-800.jpg\" target=\"_blank\" rel=\"noopener\"><img loading=\"lazy\" decoding=\"async\" class=\"aligncenter wp-image-4187 size-full\" src=\"http:\/\/ludwig-witzani.de\/wp-content\/uploads\/2014\/03\/cover-indien-titel-neu-v2-800.jpg\" alt=\"Indische Reisen\" width=\"603\" height=\"800\"\/><\/a><\/p>\n<p style=\"text-align: left;\">Ludwig Witzani ist von den Quellen des Ganges im Norden bis Kap Komorin im S\u00fcden, von Gujarat im Westen bis zu den Sunderbans im Osten mit Bussen und Bahnen durch ganz Indien gereist. Er hat an der S\u00fcdspitze des indischen Subkontinentes auf den Monsun gewartet, hat sich mit den Pilgern durch den K\u00e4figgang von Ayodhya hindurchgedr\u00e4ngt und ist mit dem Linienbus zwischen den Stellungen der indischen und pakistanischen Armee in Kaschmir hindurchgefahren. In drei\u00dfig Reiseerz\u00e4hlungen f\u00fchrt er den Leser durch alle Himmelsrichtungen der indischen Welt, um schlie\u00dflich seine Reise als Teilnehmer der Kumbh Mela von Allahabad abzuschlie\u00dfen. Ein Kompendium der indischen Wirklichkeit aus der Perspektive eines Backpackers mit einer Schw\u00e4che f\u00fcr Tempel und Geschichte\u2026<\/p>\n<p style=\"text-align: left;\"><em><strong><a href=\"http:\/\/ludwig-witzani.de\/indien-inhaltsverzeichnis-und-leseprobe\/\">INHALTSVERZEICHNIS &nbsp;<\/a><\/strong><\/em><\/p>\n<p style=\"text-align: left;\"><em><strong><a href=\"http:\/\/ludwig-witzani.de\/indien-leseprobe\/\">LESEPROBE 1&nbsp; Mein erster Tag in Indien<\/a><\/strong><\/em><\/p>\n<p>Leseperobe 2 (Audio) AUF DER TEMPELTREPPE<\/p>\n<p style=\"text-align: left;\"><a href=\"https:\/\/itunes.apple.com\/de\/book\/indische-reisen\/id923289170?mt=11&amp;uo=4\" target=\"_blank\" rel=\"noopener\">i<\/a><\/p>\n<p style=\"text-align: left;\"><a title=\"Taschenbuch\" href=\"http:\/\/www.epubli.de\/shop\/buch\/Indische-Reisen-Ludwig-Witzani-9783737510493\/40682\" target=\"_blank\" rel=\"noopener\">Taschenbuch bei ePubli oder amazon kaufen (19,95 \u20ac)&nbsp;<\/a><\/p>\n","protected":false},"excerpt":{"rendered":"<p>Als Backpacker unterwegs zwischen&nbsp;den Quellen des Ganges und Kap Komorin&nbsp;mit einem Finale auf der Kumbh Mela von Allahabad (Weltreisen Band II)&nbsp; Ludwig Witzani ist von den Quellen des Ganges im Norden bis Kap Komorin im S\u00fcden, von Gujarat im Westen bis zu den Sunderbans im Osten mit Bussen und Bahnen durch ganz Indien gereist. Er &hellip; <a href=\"https:\/\/ludwig-witzani.de\/zu-den-grossen-traeumen\/buecher\/bharat-darshan\/\" class=\"more-link\"><span class=\"screen-reader-text\">Indische Reisen<\/span> weiterlesen <span class=\"meta-nav\">&rarr;<\/span><\/a><\/p>\n","protected":false},"author":2,"featured_media":0,"parent":11,"menu_order":0,"comment_status":"open","ping_status":"closed","template":"","meta":{"ngg_post_thumbnail":0,"jetpack_post_was_ever_published":false,"footnotes":""},"class_list":["post-1976","page","type-page","status-publish","hentry"],"yoast_head":"<!-- This site is optimized with the Yoast SEO plugin v27.4 - https:\/\/yoast.com\/product\/yoast-seo-wordpress\/ -->\n<title>Indische Reisen - Ludwig Witzani<\/title>\n<meta name=\"description\" content=\"Ganz Indien in einem Buch. Mit Bussen und Bahn reist Ludwig Witzani durch alle Teile des indischen Subkontinents mit einem Finale auf der Kumbh Mela von Allahabad\" \/>\n<meta name=\"robots\" content=\"index, follow, max-snippet:-1, max-image-preview:large, max-video-preview:-1\" \/>\n<link rel=\"canonical\" href=\"https:\/\/ludwig-witzani.de\/zu-den-grossen-traeumen\/buecher\/bharat-darshan\/\" \/>\n<meta property=\"og:locale\" content=\"de_DE\" \/>\n<meta property=\"og:type\" content=\"article\" \/>\n<meta property=\"og:title\" content=\"Indische Reisen - Ludwig Witzani\" \/>\n<meta property=\"og:description\" content=\"Ganz Indien in einem Buch. Mit Bussen und Bahn reist Ludwig Witzani durch alle Teile des indischen Subkontinents mit einem Finale auf der Kumbh Mela von Allahabad\" \/>\n<meta property=\"og:url\" content=\"https:\/\/ludwig-witzani.de\/zu-den-grossen-traeumen\/buecher\/bharat-darshan\/\" \/>\n<meta property=\"og:site_name\" content=\"Ludwig Witzani\" \/>\n<meta property=\"article:modified_time\" content=\"2025-06-03T10:32:54+00:00\" \/>\n<meta property=\"og:image\" content=\"https:\/\/ludwig-witzani.de\/wp-content\/uploads\/2014\/03\/cover-indien-titel-neu-v2-800.jpg\" \/>\n\t<meta property=\"og:image:width\" content=\"603\" \/>\n\t<meta property=\"og:image:height\" content=\"800\" \/>\n\t<meta property=\"og:image:type\" content=\"image\/jpeg\" \/>\n<meta name=\"twitter:card\" content=\"summary_large_image\" \/>\n<meta name=\"twitter:label1\" content=\"Gesch\u00e4tzte Lesezeit\" \/>\n\t<meta name=\"twitter:data1\" content=\"2\u00a0Minuten\" \/>\n<script type=\"application\/ld+json\" class=\"yoast-schema-graph\">{\"@context\":\"https:\\\/\\\/schema.org\",\"@graph\":[{\"@type\":\"WebPage\",\"@id\":\"https:\\\/\\\/ludwig-witzani.de\\\/zu-den-grossen-traeumen\\\/buecher\\\/bharat-darshan\\\/\",\"url\":\"https:\\\/\\\/ludwig-witzani.de\\\/zu-den-grossen-traeumen\\\/buecher\\\/bharat-darshan\\\/\",\"name\":\"Indische Reisen - Ludwig Witzani\",\"isPartOf\":{\"@id\":\"https:\\\/\\\/ludwig-witzani.de\\\/zu-den-grossen-traeumen\\\/#website\"},\"primaryImageOfPage\":{\"@id\":\"https:\\\/\\\/ludwig-witzani.de\\\/zu-den-grossen-traeumen\\\/buecher\\\/bharat-darshan\\\/#primaryimage\"},\"image\":{\"@id\":\"https:\\\/\\\/ludwig-witzani.de\\\/zu-den-grossen-traeumen\\\/buecher\\\/bharat-darshan\\\/#primaryimage\"},\"thumbnailUrl\":\"http:\\\/\\\/ludwig-witzani.de\\\/wp-content\\\/uploads\\\/2014\\\/03\\\/cover-indien-titel-neu-v2-800.jpg\",\"datePublished\":\"2014-03-04T17:33:07+00:00\",\"dateModified\":\"2025-06-03T10:32:54+00:00\",\"description\":\"Ganz Indien in einem Buch. Mit Bussen und Bahn reist Ludwig Witzani durch alle Teile des indischen Subkontinents mit einem Finale auf der Kumbh Mela von Allahabad\",\"breadcrumb\":{\"@id\":\"https:\\\/\\\/ludwig-witzani.de\\\/zu-den-grossen-traeumen\\\/buecher\\\/bharat-darshan\\\/#breadcrumb\"},\"inLanguage\":\"de\",\"potentialAction\":[{\"@type\":\"ReadAction\",\"target\":[\"https:\\\/\\\/ludwig-witzani.de\\\/zu-den-grossen-traeumen\\\/buecher\\\/bharat-darshan\\\/\"]}]},{\"@type\":\"ImageObject\",\"inLanguage\":\"de\",\"@id\":\"https:\\\/\\\/ludwig-witzani.de\\\/zu-den-grossen-traeumen\\\/buecher\\\/bharat-darshan\\\/#primaryimage\",\"url\":\"http:\\\/\\\/ludwig-witzani.de\\\/wp-content\\\/uploads\\\/2014\\\/03\\\/cover-indien-titel-neu-v2-800.jpg\",\"contentUrl\":\"http:\\\/\\\/ludwig-witzani.de\\\/wp-content\\\/uploads\\\/2014\\\/03\\\/cover-indien-titel-neu-v2-800.jpg\"},{\"@type\":\"BreadcrumbList\",\"@id\":\"https:\\\/\\\/ludwig-witzani.de\\\/zu-den-grossen-traeumen\\\/buecher\\\/bharat-darshan\\\/#breadcrumb\",\"itemListElement\":[{\"@type\":\"ListItem\",\"position\":1,\"name\":\"Startseite\",\"item\":\"https:\\\/\\\/ludwig-witzani.de\\\/zu-den-grossen-traeumen\\\/\"},{\"@type\":\"ListItem\",\"position\":2,\"name\":\"Buchver\u00f6ffentlichungen\",\"item\":\"https:\\\/\\\/ludwig-witzani.de\\\/zu-den-grossen-traeumen\\\/buecher\\\/\"},{\"@type\":\"ListItem\",\"position\":3,\"name\":\"Indische Reisen\"}]},{\"@type\":\"WebSite\",\"@id\":\"https:\\\/\\\/ludwig-witzani.de\\\/zu-den-grossen-traeumen\\\/#website\",\"url\":\"https:\\\/\\\/ludwig-witzani.de\\\/zu-den-grossen-traeumen\\\/\",\"name\":\"Ludwig Witzani\",\"description\":\"World Wide Travel\",\"potentialAction\":[{\"@type\":\"SearchAction\",\"target\":{\"@type\":\"EntryPoint\",\"urlTemplate\":\"https:\\\/\\\/ludwig-witzani.de\\\/zu-den-grossen-traeumen\\\/?s={search_term_string}\"},\"query-input\":{\"@type\":\"PropertyValueSpecification\",\"valueRequired\":true,\"valueName\":\"search_term_string\"}}],\"inLanguage\":\"de\"}]}<\/script>\n<!-- \/ Yoast SEO plugin. -->","yoast_head_json":{"title":"Indische Reisen - Ludwig Witzani","description":"Ganz Indien in einem Buch. Mit Bussen und Bahn reist Ludwig Witzani durch alle Teile des indischen Subkontinents mit einem Finale auf der Kumbh Mela von Allahabad","robots":{"index":"index","follow":"follow","max-snippet":"max-snippet:-1","max-image-preview":"max-image-preview:large","max-video-preview":"max-video-preview:-1"},"canonical":"https:\/\/ludwig-witzani.de\/zu-den-grossen-traeumen\/buecher\/bharat-darshan\/","og_locale":"de_DE","og_type":"article","og_title":"Indische Reisen - Ludwig Witzani","og_description":"Ganz Indien in einem Buch. Mit Bussen und Bahn reist Ludwig Witzani durch alle Teile des indischen Subkontinents mit einem Finale auf der Kumbh Mela von Allahabad","og_url":"https:\/\/ludwig-witzani.de\/zu-den-grossen-traeumen\/buecher\/bharat-darshan\/","og_site_name":"Ludwig Witzani","article_modified_time":"2025-06-03T10:32:54+00:00","og_image":[{"width":603,"height":800,"url":"https:\/\/ludwig-witzani.de\/wp-content\/uploads\/2014\/03\/cover-indien-titel-neu-v2-800.jpg","type":"image\/jpeg"}],"twitter_card":"summary_large_image","twitter_misc":{"Gesch\u00e4tzte Lesezeit":"2\u00a0Minuten"},"schema":{"@context":"https:\/\/schema.org","@graph":[{"@type":"WebPage","@id":"https:\/\/ludwig-witzani.de\/zu-den-grossen-traeumen\/buecher\/bharat-darshan\/","url":"https:\/\/ludwig-witzani.de\/zu-den-grossen-traeumen\/buecher\/bharat-darshan\/","name":"Indische Reisen - Ludwig Witzani","isPartOf":{"@id":"https:\/\/ludwig-witzani.de\/zu-den-grossen-traeumen\/#website"},"primaryImageOfPage":{"@id":"https:\/\/ludwig-witzani.de\/zu-den-grossen-traeumen\/buecher\/bharat-darshan\/#primaryimage"},"image":{"@id":"https:\/\/ludwig-witzani.de\/zu-den-grossen-traeumen\/buecher\/bharat-darshan\/#primaryimage"},"thumbnailUrl":"http:\/\/ludwig-witzani.de\/wp-content\/uploads\/2014\/03\/cover-indien-titel-neu-v2-800.jpg","datePublished":"2014-03-04T17:33:07+00:00","dateModified":"2025-06-03T10:32:54+00:00","description":"Ganz Indien in einem Buch. Mit Bussen und Bahn reist Ludwig Witzani durch alle Teile des indischen Subkontinents mit einem Finale auf der Kumbh Mela von Allahabad","breadcrumb":{"@id":"https:\/\/ludwig-witzani.de\/zu-den-grossen-traeumen\/buecher\/bharat-darshan\/#breadcrumb"},"inLanguage":"de","potentialAction":[{"@type":"ReadAction","target":["https:\/\/ludwig-witzani.de\/zu-den-grossen-traeumen\/buecher\/bharat-darshan\/"]}]},{"@type":"ImageObject","inLanguage":"de","@id":"https:\/\/ludwig-witzani.de\/zu-den-grossen-traeumen\/buecher\/bharat-darshan\/#primaryimage","url":"http:\/\/ludwig-witzani.de\/wp-content\/uploads\/2014\/03\/cover-indien-titel-neu-v2-800.jpg","contentUrl":"http:\/\/ludwig-witzani.de\/wp-content\/uploads\/2014\/03\/cover-indien-titel-neu-v2-800.jpg"},{"@type":"BreadcrumbList","@id":"https:\/\/ludwig-witzani.de\/zu-den-grossen-traeumen\/buecher\/bharat-darshan\/#breadcrumb","itemListElement":[{"@type":"ListItem","position":1,"name":"Startseite","item":"https:\/\/ludwig-witzani.de\/zu-den-grossen-traeumen\/"},{"@type":"ListItem","position":2,"name":"Buchver\u00f6ffentlichungen","item":"https:\/\/ludwig-witzani.de\/zu-den-grossen-traeumen\/buecher\/"},{"@type":"ListItem","position":3,"name":"Indische Reisen"}]},{"@type":"WebSite","@id":"https:\/\/ludwig-witzani.de\/zu-den-grossen-traeumen\/#website","url":"https:\/\/ludwig-witzani.de\/zu-den-grossen-traeumen\/","name":"Ludwig Witzani","description":"World Wide Travel","potentialAction":[{"@type":"SearchAction","target":{"@type":"EntryPoint","urlTemplate":"https:\/\/ludwig-witzani.de\/zu-den-grossen-traeumen\/?s={search_term_string}"},"query-input":{"@type":"PropertyValueSpecification","valueRequired":true,"valueName":"search_term_string"}}],"inLanguage":"de"}]}},"jetpack_shortlink":"https:\/\/wp.me\/P4daYo-vS","jetpack_sharing_enabled":true,"_links":{"self":[{"href":"https:\/\/ludwig-witzani.de\/zu-den-grossen-traeumen\/wp-json\/wp\/v2\/pages\/1976","targetHints":{"allow":["GET"]}}],"collection":[{"href":"https:\/\/ludwig-witzani.de\/zu-den-grossen-traeumen\/wp-json\/wp\/v2\/pages"}],"about":[{"href":"https:\/\/ludwig-witzani.de\/zu-den-grossen-traeumen\/wp-json\/wp\/v2\/types\/page"}],"author":[{"embeddable":true,"href":"https:\/\/ludwig-witzani.de\/zu-den-grossen-traeumen\/wp-json\/wp\/v2\/users\/2"}],"replies":[{"embeddable":true,"href":"https:\/\/ludwig-witzani.de\/zu-den-grossen-traeumen\/wp-json\/wp\/v2\/comments?post=1976"}],"version-history":[{"count":26,"href":"https:\/\/ludwig-witzani.de\/zu-den-grossen-traeumen\/wp-json\/wp\/v2\/pages\/1976\/revisions"}],"predecessor-version":[{"id":10335,"href":"https:\/\/ludwig-witzani.de\/zu-den-grossen-traeumen\/wp-json\/wp\/v2\/pages\/1976\/revisions\/10335"}],"up":[{"embeddable":true,"href":"https:\/\/ludwig-witzani.de\/zu-den-grossen-traeumen\/wp-json\/wp\/v2\/pages\/11"}],"wp:attachment":[{"href":"https:\/\/ludwig-witzani.de\/zu-den-grossen-traeumen\/wp-json\/wp\/v2\/media?parent=1976"}],"curies":[{"name":"wp","href":"https:\/\/api.w.org\/{rel}","templated":true}]}}