{"id":160,"date":"2013-11-26T14:28:09","date_gmt":"2013-11-26T14:28:09","guid":{"rendered":"http:\/\/ludwig-witzani.de\/?page_id=160"},"modified":"2025-06-03T10:32:56","modified_gmt":"2025-06-03T10:32:56","slug":"backpackers-welt","status":"publish","type":"page","link":"https:\/\/ludwig-witzani.de\/zu-den-grossen-traeumen\/backpackers-welt\/","title":{"rendered":"Einladung zur Weltreise"},"content":{"rendered":"<p>Auf der unten eingef\u00fcgten Weltkarte k\u00f6nnen sie die Weltreiseroute nachverfolgen. N\u00e4here Informationen \u00fcber die einzelnen Stationen erhalten Sie, wenn Sie die einfach die Punkte auf der Routenlinie anklicken.<\/p>\n<p>Im passwortgesch\u00fctzten Bereich &#8222;Freunde&#8220; findet man unter &#8222;Animationen&#8220; eine f<a title=\"Eine Reise um die Welt in f\u00fcnf Etappen\" href=\"http:\/\/ludwig-witzani.de\/autor\/freunde\/animation-winds-of-change\/eine-reise-um-die-welt-in-fuenf-etappen\/\">\u00fcnfteilige musikunterlegte Videoanimation dieser Reise um die Welt<\/a> (Eurasien &#8211; Ostasien &#8211; S\u00fcdostasien &#8211; Australien und Ozeanien &#8211; S\u00fcdamerika ).<br \/>\nLassen Sie sich durch die St\u00f6rmeldung nicht abschrecken. Sie k\u00f6nnen die Karte per Maus oder Touchpad bewegen und die Orte auch anklicken.<\/p>\n<p>Gute Reise!<\/p>\n\n<p>&nbsp;<\/p>\n<p><a href=\"http:\/\/ludwig-witzani.de\/wp-content\/uploads\/2015\/04\/2.1.jpg\"><img loading=\"lazy\" decoding=\"async\" class=\"aligncenter  wp-image-4888\" src=\"http:\/\/ludwig-witzani.de\/wp-content\/uploads\/2015\/04\/2.1.jpg\" alt=\"2.1\" width=\"522\" height=\"507\"\/><\/a><\/p>\n<p style=\"text-align: center;\">&nbsp; &nbsp; &nbsp; &nbsp; &nbsp; &nbsp; (Quelle: Google Earth)<\/p>\n<p>&nbsp;<\/p>\n<p>&nbsp;<\/p>\n<p>&nbsp;<\/p>\n<p>&nbsp;<\/p>\n<p>&nbsp;<\/p>\n<p>&nbsp;<\/p>\n<p>&nbsp;<\/p>\n<p>&nbsp;<\/p>\n<p>&nbsp;<\/p>\n<p>&nbsp;<\/p>\n<p>&nbsp;<\/p>\n<p>&nbsp;<\/p>\n<p>&nbsp;<\/p>\n<p>&nbsp;<\/p>\n","protected":false},"excerpt":{"rendered":"<p>Auf der unten eingef\u00fcgten Weltkarte k\u00f6nnen sie die Weltreiseroute nachverfolgen. N\u00e4here Informationen \u00fcber die einzelnen Stationen erhalten Sie, wenn Sie die einfach die Punkte auf der Routenlinie anklicken. Im passwortgesch\u00fctzten Bereich &#8222;Freunde&#8220; findet man unter &#8222;Animationen&#8220; eine f\u00fcnfteilige musikunterlegte Videoanimation dieser Reise um die Welt (Eurasien &#8211; Ostasien &#8211; S\u00fcdostasien &#8211; Australien und Ozeanien &#8211; &hellip; <a href=\"https:\/\/ludwig-witzani.de\/zu-den-grossen-traeumen\/backpackers-welt\/\" class=\"more-link\"><span class=\"screen-reader-text\">Einladung zur Weltreise<\/span> weiterlesen <span class=\"meta-nav\">&rarr;<\/span><\/a><\/p>\n","protected":false},"author":2,"featured_media":0,"parent":0,"menu_order":0,"comment_status":"open","ping_status":"closed","template":"","meta":{"ngg_post_thumbnail":0,"jetpack_post_was_ever_published":true,"footnotes":""},"class_list":["post-160","page","type-page","status-publish","hentry"],"yoast_head":"<!-- This site is optimized with the Yoast SEO plugin v27.4 - https:\/\/yoast.com\/product\/yoast-seo-wordpress\/ -->\n<title>Einladung zur Weltreise - Ludwig Witzani<\/title>\n<meta name=\"robots\" content=\"index, follow, max-snippet:-1, max-image-preview:large, max-video-preview:-1\" \/>\n<link rel=\"canonical\" href=\"https:\/\/ludwig-witzani.de\/zu-den-grossen-traeumen\/backpackers-welt\/\" \/>\n<meta property=\"og:locale\" content=\"de_DE\" \/>\n<meta property=\"og:type\" content=\"article\" \/>\n<meta property=\"og:title\" content=\"Einladung zur Weltreise - Ludwig Witzani\" \/>\n<meta property=\"og:description\" content=\"Auf der unten eingef\u00fcgten Weltkarte k\u00f6nnen sie die Weltreiseroute nachverfolgen. N\u00e4here Informationen \u00fcber die einzelnen Stationen erhalten Sie, wenn Sie die einfach die Punkte auf der Routenlinie anklicken. Im passwortgesch\u00fctzten Bereich &#8222;Freunde&#8220; findet man unter &#8222;Animationen&#8220; eine f\u00fcnfteilige musikunterlegte Videoanimation dieser Reise um die Welt (Eurasien &#8211; Ostasien &#8211; S\u00fcdostasien &#8211; Australien und Ozeanien &#8211; &hellip; Einladung zur Weltreise weiterlesen &rarr;\" \/>\n<meta property=\"og:url\" content=\"https:\/\/ludwig-witzani.de\/zu-den-grossen-traeumen\/backpackers-welt\/\" \/>\n<meta property=\"og:site_name\" content=\"Ludwig Witzani\" \/>\n<meta property=\"article:modified_time\" content=\"2025-06-03T10:32:56+00:00\" \/>\n<meta name=\"twitter:card\" content=\"summary_large_image\" \/>\n<meta name=\"twitter:label1\" content=\"Gesch\u00e4tzte Lesezeit\" \/>\n\t<meta name=\"twitter:data1\" content=\"1\u00a0Minute\" \/>\n<script type=\"application\/ld+json\" class=\"yoast-schema-graph\">{\"@context\":\"https:\\\/\\\/schema.org\",\"@graph\":[{\"@type\":\"WebPage\",\"@id\":\"https:\\\/\\\/ludwig-witzani.de\\\/zu-den-grossen-traeumen\\\/backpackers-welt\\\/\",\"url\":\"https:\\\/\\\/ludwig-witzani.de\\\/zu-den-grossen-traeumen\\\/backpackers-welt\\\/\",\"name\":\"Einladung zur Weltreise - Ludwig Witzani\",\"isPartOf\":{\"@id\":\"https:\\\/\\\/ludwig-witzani.de\\\/zu-den-grossen-traeumen\\\/#website\"},\"primaryImageOfPage\":{\"@id\":\"https:\\\/\\\/ludwig-witzani.de\\\/zu-den-grossen-traeumen\\\/backpackers-welt\\\/#primaryimage\"},\"image\":{\"@id\":\"https:\\\/\\\/ludwig-witzani.de\\\/zu-den-grossen-traeumen\\\/backpackers-welt\\\/#primaryimage\"},\"thumbnailUrl\":\"http:\\\/\\\/ludwig-witzani.de\\\/wp-content\\\/uploads\\\/2015\\\/04\\\/2.1.jpg\",\"datePublished\":\"2013-11-26T14:28:09+00:00\",\"dateModified\":\"2025-06-03T10:32:56+00:00\",\"breadcrumb\":{\"@id\":\"https:\\\/\\\/ludwig-witzani.de\\\/zu-den-grossen-traeumen\\\/backpackers-welt\\\/#breadcrumb\"},\"inLanguage\":\"de\",\"potentialAction\":[{\"@type\":\"ReadAction\",\"target\":[\"https:\\\/\\\/ludwig-witzani.de\\\/zu-den-grossen-traeumen\\\/backpackers-welt\\\/\"]}]},{\"@type\":\"ImageObject\",\"inLanguage\":\"de\",\"@id\":\"https:\\\/\\\/ludwig-witzani.de\\\/zu-den-grossen-traeumen\\\/backpackers-welt\\\/#primaryimage\",\"url\":\"http:\\\/\\\/ludwig-witzani.de\\\/wp-content\\\/uploads\\\/2015\\\/04\\\/2.1.jpg\",\"contentUrl\":\"http:\\\/\\\/ludwig-witzani.de\\\/wp-content\\\/uploads\\\/2015\\\/04\\\/2.1.jpg\"},{\"@type\":\"BreadcrumbList\",\"@id\":\"https:\\\/\\\/ludwig-witzani.de\\\/zu-den-grossen-traeumen\\\/backpackers-welt\\\/#breadcrumb\",\"itemListElement\":[{\"@type\":\"ListItem\",\"position\":1,\"name\":\"Startseite\",\"item\":\"https:\\\/\\\/ludwig-witzani.de\\\/zu-den-grossen-traeumen\\\/\"},{\"@type\":\"ListItem\",\"position\":2,\"name\":\"Einladung zur Weltreise\"}]},{\"@type\":\"WebSite\",\"@id\":\"https:\\\/\\\/ludwig-witzani.de\\\/zu-den-grossen-traeumen\\\/#website\",\"url\":\"https:\\\/\\\/ludwig-witzani.de\\\/zu-den-grossen-traeumen\\\/\",\"name\":\"Ludwig Witzani\",\"description\":\"World Wide Travel\",\"potentialAction\":[{\"@type\":\"SearchAction\",\"target\":{\"@type\":\"EntryPoint\",\"urlTemplate\":\"https:\\\/\\\/ludwig-witzani.de\\\/zu-den-grossen-traeumen\\\/?s={search_term_string}\"},\"query-input\":{\"@type\":\"PropertyValueSpecification\",\"valueRequired\":true,\"valueName\":\"search_term_string\"}}],\"inLanguage\":\"de\"}]}<\/script>\n<!-- \/ Yoast SEO plugin. -->","yoast_head_json":{"title":"Einladung zur Weltreise - Ludwig Witzani","robots":{"index":"index","follow":"follow","max-snippet":"max-snippet:-1","max-image-preview":"max-image-preview:large","max-video-preview":"max-video-preview:-1"},"canonical":"https:\/\/ludwig-witzani.de\/zu-den-grossen-traeumen\/backpackers-welt\/","og_locale":"de_DE","og_type":"article","og_title":"Einladung zur Weltreise - Ludwig Witzani","og_description":"Auf der unten eingef\u00fcgten Weltkarte k\u00f6nnen sie die Weltreiseroute nachverfolgen. N\u00e4here Informationen \u00fcber die einzelnen Stationen erhalten Sie, wenn Sie die einfach die Punkte auf der Routenlinie anklicken. Im passwortgesch\u00fctzten Bereich &#8222;Freunde&#8220; findet man unter &#8222;Animationen&#8220; eine f\u00fcnfteilige musikunterlegte Videoanimation dieser Reise um die Welt (Eurasien &#8211; Ostasien &#8211; S\u00fcdostasien &#8211; Australien und Ozeanien &#8211; &hellip; Einladung zur Weltreise weiterlesen &rarr;","og_url":"https:\/\/ludwig-witzani.de\/zu-den-grossen-traeumen\/backpackers-welt\/","og_site_name":"Ludwig Witzani","article_modified_time":"2025-06-03T10:32:56+00:00","twitter_card":"summary_large_image","twitter_misc":{"Gesch\u00e4tzte Lesezeit":"1\u00a0Minute"},"schema":{"@context":"https:\/\/schema.org","@graph":[{"@type":"WebPage","@id":"https:\/\/ludwig-witzani.de\/zu-den-grossen-traeumen\/backpackers-welt\/","url":"https:\/\/ludwig-witzani.de\/zu-den-grossen-traeumen\/backpackers-welt\/","name":"Einladung zur Weltreise - Ludwig Witzani","isPartOf":{"@id":"https:\/\/ludwig-witzani.de\/zu-den-grossen-traeumen\/#website"},"primaryImageOfPage":{"@id":"https:\/\/ludwig-witzani.de\/zu-den-grossen-traeumen\/backpackers-welt\/#primaryimage"},"image":{"@id":"https:\/\/ludwig-witzani.de\/zu-den-grossen-traeumen\/backpackers-welt\/#primaryimage"},"thumbnailUrl":"http:\/\/ludwig-witzani.de\/wp-content\/uploads\/2015\/04\/2.1.jpg","datePublished":"2013-11-26T14:28:09+00:00","dateModified":"2025-06-03T10:32:56+00:00","breadcrumb":{"@id":"https:\/\/ludwig-witzani.de\/zu-den-grossen-traeumen\/backpackers-welt\/#breadcrumb"},"inLanguage":"de","potentialAction":[{"@type":"ReadAction","target":["https:\/\/ludwig-witzani.de\/zu-den-grossen-traeumen\/backpackers-welt\/"]}]},{"@type":"ImageObject","inLanguage":"de","@id":"https:\/\/ludwig-witzani.de\/zu-den-grossen-traeumen\/backpackers-welt\/#primaryimage","url":"http:\/\/ludwig-witzani.de\/wp-content\/uploads\/2015\/04\/2.1.jpg","contentUrl":"http:\/\/ludwig-witzani.de\/wp-content\/uploads\/2015\/04\/2.1.jpg"},{"@type":"BreadcrumbList","@id":"https:\/\/ludwig-witzani.de\/zu-den-grossen-traeumen\/backpackers-welt\/#breadcrumb","itemListElement":[{"@type":"ListItem","position":1,"name":"Startseite","item":"https:\/\/ludwig-witzani.de\/zu-den-grossen-traeumen\/"},{"@type":"ListItem","position":2,"name":"Einladung zur Weltreise"}]},{"@type":"WebSite","@id":"https:\/\/ludwig-witzani.de\/zu-den-grossen-traeumen\/#website","url":"https:\/\/ludwig-witzani.de\/zu-den-grossen-traeumen\/","name":"Ludwig Witzani","description":"World Wide Travel","potentialAction":[{"@type":"SearchAction","target":{"@type":"EntryPoint","urlTemplate":"https:\/\/ludwig-witzani.de\/zu-den-grossen-traeumen\/?s={search_term_string}"},"query-input":{"@type":"PropertyValueSpecification","valueRequired":true,"valueName":"search_term_string"}}],"inLanguage":"de"}]}},"jetpack_shortlink":"https:\/\/wp.me\/P4daYo-2A","jetpack_sharing_enabled":true,"_links":{"self":[{"href":"https:\/\/ludwig-witzani.de\/zu-den-grossen-traeumen\/wp-json\/wp\/v2\/pages\/160","targetHints":{"allow":["GET"]}}],"collection":[{"href":"https:\/\/ludwig-witzani.de\/zu-den-grossen-traeumen\/wp-json\/wp\/v2\/pages"}],"about":[{"href":"https:\/\/ludwig-witzani.de\/zu-den-grossen-traeumen\/wp-json\/wp\/v2\/types\/page"}],"author":[{"embeddable":true,"href":"https:\/\/ludwig-witzani.de\/zu-den-grossen-traeumen\/wp-json\/wp\/v2\/users\/2"}],"replies":[{"embeddable":true,"href":"https:\/\/ludwig-witzani.de\/zu-den-grossen-traeumen\/wp-json\/wp\/v2\/comments?post=160"}],"version-history":[{"count":31,"href":"https:\/\/ludwig-witzani.de\/zu-den-grossen-traeumen\/wp-json\/wp\/v2\/pages\/160\/revisions"}],"predecessor-version":[{"id":10294,"href":"https:\/\/ludwig-witzani.de\/zu-den-grossen-traeumen\/wp-json\/wp\/v2\/pages\/160\/revisions\/10294"}],"wp:attachment":[{"href":"https:\/\/ludwig-witzani.de\/zu-den-grossen-traeumen\/wp-json\/wp\/v2\/media?parent=160"}],"curies":[{"name":"wp","href":"https:\/\/api.w.org\/{rel}","templated":true}]}}