{"id":1182,"date":"2013-12-22T15:33:51","date_gmt":"2013-12-22T15:33:51","guid":{"rendered":"http:\/\/ludwig-witzani.de\/?page_id=1182"},"modified":"2025-06-03T10:32:55","modified_gmt":"2025-06-03T10:32:55","slug":"fuellige-riesen-auf-freundlcihen-inseln","status":"publish","type":"page","link":"https:\/\/ludwig-witzani.de\/zu-den-grossen-traeumen\/backpackers-welt\/fuellige-riesen-auf-freundlcihen-inseln\/","title":{"rendered":"F\u00fcllige Riesen auf freundlichen Inseln"},"content":{"rendered":"<h3><a href=\"http:\/\/ludwig-witzani.de\/wp-content\/uploads\/2013\/12\/2-Tonga-10.jpg\"><img loading=\"lazy\" decoding=\"async\" class=\"aligncenter size-full wp-image-1184\" alt=\"2-Tonga (10)\" src=\"http:\/\/ludwig-witzani.de\/wp-content\/uploads\/2013\/12\/2-Tonga-10.jpg\" width=\"800\" height=\"535\" \/><\/a><\/h3>\n<h3>Easy Life in Tongatapu<\/h3>\n<p>Als Kapit\u00e4n James Cook im Jahre 1773 auf Tonga landete und das Neuland wegen des enthusiastischen Empfangs die &#8222;freundlichen Inseln&#8220; nannte, ahnte er nicht, da\u00df es die Einheimischen in Wahrheit auf ihn und seine Mannschaft abgesehen hatten. Die komplette Besatzung der Endeavour sollte nach den urspr\u00fcnglichen Verpflegungspl\u00e4nen der Tonganesen in den Kochtopf wandern, und nur der unverstellten Freundlichkeit des Kapit\u00e4ns war es zu danken, da\u00df sich die sensiblen und offenbar nicht besonders hungrigen Eingeborenen eines anderen besannen.<\/p>\n<p>Wer gut 200 Jahre sp\u00e4ter auf den freundlichen Inseln landet, braucht Dergleichen nicht mehr zu berf\u00fcrchten. Tonga, das \u00e4lteste der polynesischen K\u00f6nigreiche, empfangt den Besucher als ein friedliches Refugium im s\u00fcdlichen Pazifik, dessen knapp 700 qkm Landfl\u00e4che immerhin \u00fcber 170 Inseln verteilt sind. Von den heute gut 100.000 Tonganesen leben mehr als die H\u00e4lfte der Bev\u00f6lkerung auf der Hauptinsel Tongatapu, auf der sich auch die winzige Hauptinsel Nuku&#8217;alofa, die K\u00f6nigsresidenz und der internationale Flughafen befinden.<\/p>\n<p>Tongas 170 Inseln sind fast alle flach, \u00fcber und \u00fcber mit Palmen bewachsen, von wenigen asphaltierten und sehr vielen Lehmstra\u00dfen durchzogen. Nichts ist zu sp\u00fcren von der Hektik Oahuas oder der Grandiosit\u00e4t Bora Boras, und dieser erste Eindruck wird auch bei einem l\u00e4ngeren Aufenthalt keineswegs korrigiert. Langsam und gem\u00e4chlich bewegen sich die Tonganesen durch das Gel\u00e4nde, gem\u00fctlich umkreist der Bus die Hauptinsel in weniger als zwei Stunden, behaglich reiben sich die vielen kleinen. schwarzen Schweine ihre W\u00e4nste an den B\u00e4umen. Kleine Kinder, an denen nichts, aber auch gar nichts auf ihre k\u00fcnftige F\u00fclle hinweist, treiben wie bei uns in alteurop\u00e4ischen Zeiten mit einem Stock die Reifen \u00fcber die Wiesen. Und die Jugendlichen, zu muskul\u00f6ser Breite herangewachsen, trainieren den Volkssport Rugby.<a href=\"http:\/\/ludwig-witzani.de\/wp-content\/uploads\/2013\/12\/2-Tonga-9.jpg\"><img loading=\"lazy\" decoding=\"async\" class=\"aligncenter size-full wp-image-1186\" alt=\"2-Tonga (9)\" src=\"http:\/\/ludwig-witzani.de\/wp-content\/uploads\/2013\/12\/2-Tonga-9.jpg\" width=\"800\" height=\"534\" \/><\/a><\/p>\n<p>An die au\u00dfergew\u00f6hnlich gro\u00dfen und massig gewachsenen M\u00e4nner und Frauen muss sich der filigrane Westtourist dann aber erst gew\u00f6hnen. Vom K\u00f6nig bis zum Knecht hat die Natur hier ein Volk von Riesen hervorgebracht, wof\u00fcr die Einheimischen verschiedene Erkl\u00e4rungen anbieten. Sicher, so der Glaube des Volkes, haben einst in den Zeiten der polynesischen Entdeckungsreisen nur die Wohlgen\u00e4hrtesten, diejenigen mit den gr\u00f6\u00dften Fettreserven, die pazifischen Odysseen \u00fcberstanden. Vielleicht war auch der Kannibalismus der Fr\u00fchzeit nahrhafter als man dachte, auf jeden Fall tr\u00e4gt die traditionsgem\u00e4\u00df fett- und kalorienhaltige Ern\u00e4hrung der Inselbewohner das lhre zur Gewichtigkeit der Tonganesen bei. G\u00fcnstig wirkt sich diese Schwere \u00fcbrigens bei den j\u00e4hrlichen Hurrikanen aus: wo der Sturm drei China-K\u00f6che aus Kanton locker \u00fcber den Haufen weht, bleibt em Tonganese aus Kolovai fest auf seinen beiden Beinen stehen. Und jeder, der seine unj\u00fcngst verstorbene Majest\u00e4t, K\u00f6nig Taufa. &#8218;ahua Topou IV, entweder als Kolossalstatue in der N\u00e4he des Flughafens oder in vivo mit dem Jeep hatte \u00fcber die Lande fahren sehen, musste zugeben, dass hier eine weltweit einzigartige Relation des Umfangs von Staatsoberhaupt und Staatsgebiet vorlag.<\/p>\n<p>Sehr l\u00e4ndlich geht es m Tongas Hauptstadt Nuku&#8217;alofa zu, einem malerischen Dorf mit dem K\u00f6nigspalast und dem Busbahnhof als Stadtzentren. Einmal w\u00f6chentlich werden auf dem Hafenmarkt die Erzeugnisse der tonganesischen Wirtschaft getauscht: zwischen den Knollen der Taro-Frucht, Tapa-Decken; Fruchtbarkeits\u00adund Liebesw\u00e4sserchen sowie Kokosnusserzeugnissen aller Art, Bananen und Mandarinen sitzen respektemfl\u00f6\u00dfende Marktfrauen in ihren schwarzen Bastr\u00f6cken und verwalten mit sicherer Hand die Fr\u00fcchte, die Kasse und die Kinderschar.<\/p>\n<p>Wesentlich seltener als die Marktfrauen treffen sich die Parlamentarier von Tonga, ine konstitutionell wohl einmalige Gruppe von insgesamt 23 Mandatstr\u00e4gern, von denen die sieben Minister des K\u00f6nigs, sieben Adelige und die beiden Gouverneure der Nachbarinseln nur sich selbst und die sieben Abgeordneten den Rest der 100.000 Einwohner Tongas vertreten.<\/p>\n<p>Das beeindruckendste Geb\u00e4ude Nuku&#8216; alofas ist die katholische Basilika des heiligen Antonius. Sie hat mit\u00a0 ihrer Schwesterkirche in Padua gemein sondern gleicht eher einer nach oben spitz zulaufenden fliegenden Untertasse. \u00dcbrigens herrscht hier zu allen Tageszeiten heftiger Andrang,was nicht am non-stopp-\u00adge\u00f6ffneten Beichtstuhl sondern daran liegt, dass sichg im Untergeschoss der Kathedrale em sehr erfolgreiches japanisches Restaurant etablierte. Gleich in der Nachbarschaft, am der Titilupe Disco Palace, versammelt sich des Abends der tonganesische Nachwuchs, um zu den Kl\u00e4ngen westlicher Popmusik die Tanzschritte der Ahnen aufs Parkett zu legen, ein sch\u00f6nes Bild, wie sich hier die Paare finden, die den zuk\u00fcnftigen Bestand des tonganesischen Volkes sichern werden, w\u00fcrden da nicht die zappeligen Leichtgewichte aus \u00dcbersee den Anblick tr\u00fcben.<\/p>\n<p>Klein und \u00fcbersichtlich wie die Hauptstadt ist auch\u00a0\u00a0Tongas herausragende, man k\u00f6nnte auch sagen: einzige\u00a0 arch\u00e4ologische Attraktion: das ber\u00fchmte Trilithon von Haarnonga, das ganz im Osten Tongatapus zwischen einer Grundschule und der Bushaltestelle besucht werden kann. Es handelt sich um ein aus drei etwa f\u00fcnf Meter langen wuchtigen Korallenbl\u00f6cken gebildetes Megalithtor, das die K\u00f6nige\u00a0 von Tonga im 13. Jahrhundert erbauen lie\u00dfen. Immerhin kann man auf Anhieb feststellen, dass der\u00a0 Durchgang durch Megalithtor breit genug ist, um drei Japaner, zwei Europ\u00e4er oder einen Tonganesen je alterantiv auf einmal durchzulassen. K\u00f6nig Taufa&#8217;ahua Topou IV h\u00f6chstselbst hatte sich einst auf den obersten Megalithen hieven lassen und damit nicht nur ein betr\u00e4chliches Zutrauen in die Stabilit\u00e4t der vorv\u00e4terlichen Baukunst bewiesen sondern auch noch durch beachtliche Ver\u00f6ffentlichungen im inseleigenen Amtsblatt seine Untertanen dar\u00fcber belehren k\u00f6nnen, dass die Licht- und Schattenentwicklung zwischen den verschiedenen Kerben des obersten Megaliths mit dem Beginn der Erntezeiten in einem harmonischen Zusammenhang gesehen werden m\u00fcssen.<\/p>\n<p><a href=\"http:\/\/ludwig-witzani.de\/wp-content\/uploads\/2013\/12\/2-Tonga-11.jpg\"><img loading=\"lazy\" decoding=\"async\" class=\"aligncenter size-full wp-image-1187\" alt=\"2-Tonga (11)\" src=\"http:\/\/ludwig-witzani.de\/wp-content\/uploads\/2013\/12\/2-Tonga-11.jpg\" width=\"800\" height=\"535\" \/><\/a><\/p>\n<p>Bewies seine Majest\u00e4t also \u00fcber die blo\u00dfe Stattlichkeit hinaus schon zu Beginn seiner Regierungszeit beachtliche Forscherqualit\u00e4ten, konnte er bald auch als sensibler \u00d6kologe gew\u00fcrdigt werden, hatte er doch aus R\u00fccksicht auf die bedrohte Art der sehr seltenen &#8222;flying foxes&#8220; auf sein k\u00f6nigliches Jagdprivileg auf eben diese Spezies wenigstens vorl\u00e4ufig verzichtet, Solcherart gesichert h\u00e4ngen die fledermausartigen Wesen im Norden Tongarnpus den ganzen Tag wie zusammengefaltete Brotlaibe in den B\u00e4umen und ertragen es mit inseleigenen Phlegma, dass sie, statt in H\u00f6hlen, wie es sich f\u00fcr Flederm\u00e4use eigentlich geh\u00f6rt, ihr Leben lang an der frischen Luft von Kolovai zuzubringen haben. Wehe dem Touristen, der sich etwa aus fotomotivischen Erw\u00e4gungen heraus dazu verleiten lie\u00dfe, die Flughunde durch einen gezielten Bananenwurf ein wenig aufzumischen: ihn tr\u00e4fe der spontane Zorn der ans\u00e4ssigen Bev\u00f6lkerung und die volle H\u00e4rte der tonganesischen Gesetze im meist leeren Inselgef\u00e4ngnis.<\/p>\n<p>Fremd wie der Anblick der Flughunde in den Laubb\u00e4umen von Kolovai wirken auch die Gr\u00e4ber der Tonganesen: eingez\u00e4umte Arreale mit wei\u00dfen Grabh\u00fcgeln, die wie Zementhaufen aussehen und auf ihren br\u00f6ckeligen K\u00e4mmen mit frischen Blumen geschm\u00fcckt werden. In ihrer unmittelbaren Umgebung befinden sich sarggro\u00dfe Bodenfl\u00e4chen, deren R\u00e4nder durch im Erdreich verankerte Bier- und Weinflaschen abgesteckt sind. Der Dorf\u00e4lteste gibt Auskunft: hier sind nicht die gro\u00dfen einheimischen Schlucker begraben, sondern es handelt sich um magische Bezirke, innerhalb derer unzutr\u00e4gliche Geister gebannt und daran gehindert werden sollen, aus dem Erdreich heraus den Inselfrieden zu st\u00f6ren.<\/p>\n<p>Die b\u00f6sen Geister, die ich mit mir nach Tonga brachte, haben sich nach einer guten Woche verfl\u00fcchtigt. Sanft weht der Wind durch die Palmenw\u00e4lder, die Flughunde d\u00f6sen in den B\u00e4umen von Kolovai, der neue K\u00f6nig f\u00e4hrt mit dem Jeep \u00fcber Land, \u00fcber dem Trilithon geht jeden Tag die Sonne auf, und vor den s\u00fcdlichen K\u00fcsten Tongatapus blasen die Wale ihre Font\u00e4nen hoch in die Luft. Der R\u00fcckflug kann warten.<\/p>\n<p><a href=\"http:\/\/ludwig-witzani.de\/wp-content\/uploads\/2013\/12\/2-Tonga-3.jpg\"><img loading=\"lazy\" decoding=\"async\" class=\"aligncenter size-full wp-image-1189\" alt=\"2-Tonga (3)\" src=\"http:\/\/ludwig-witzani.de\/wp-content\/uploads\/2013\/12\/2-Tonga-3.jpg\" width=\"800\" height=\"533\" \/><\/a><\/p>\n<p>&nbsp;<\/p>\n","protected":false},"excerpt":{"rendered":"<p>Easy Life in Tongatapu Als Kapit\u00e4n James Cook im Jahre 1773 auf Tonga landete und das Neuland wegen des enthusiastischen Empfangs die &#8222;freundlichen Inseln&#8220; nannte, ahnte er nicht, da\u00df es die Einheimischen in Wahrheit auf ihn und seine Mannschaft abgesehen hatten. Die komplette Besatzung der Endeavour sollte nach den urspr\u00fcnglichen Verpflegungspl\u00e4nen der Tonganesen in den &hellip; <a href=\"https:\/\/ludwig-witzani.de\/zu-den-grossen-traeumen\/backpackers-welt\/fuellige-riesen-auf-freundlcihen-inseln\/\" class=\"more-link\"><span class=\"screen-reader-text\">F\u00fcllige Riesen auf freundlichen Inseln<\/span> weiterlesen <span class=\"meta-nav\">&rarr;<\/span><\/a><\/p>\n","protected":false},"author":2,"featured_media":0,"parent":160,"menu_order":42,"comment_status":"open","ping_status":"open","template":"","meta":{"ngg_post_thumbnail":0,"jetpack_post_was_ever_published":false,"footnotes":""},"class_list":["post-1182","page","type-page","status-publish","hentry"],"yoast_head":"<!-- This site is optimized with the Yoast SEO plugin v27.4 - https:\/\/yoast.com\/product\/yoast-seo-wordpress\/ -->\n<title>F\u00fcllige Riesen auf freundlichen Inseln - Ludwig Witzani<\/title>\n<meta name=\"robots\" content=\"index, follow, max-snippet:-1, max-image-preview:large, max-video-preview:-1\" \/>\n<link rel=\"canonical\" href=\"https:\/\/ludwig-witzani.de\/zu-den-grossen-traeumen\/backpackers-welt\/fuellige-riesen-auf-freundlcihen-inseln\/\" \/>\n<meta property=\"og:locale\" content=\"de_DE\" \/>\n<meta property=\"og:type\" content=\"article\" \/>\n<meta property=\"og:title\" content=\"F\u00fcllige Riesen auf freundlichen Inseln - Ludwig Witzani\" \/>\n<meta property=\"og:description\" content=\"Easy Life in Tongatapu Als Kapit\u00e4n James Cook im Jahre 1773 auf Tonga landete und das Neuland wegen des enthusiastischen Empfangs die &#8222;freundlichen Inseln&#8220; nannte, ahnte er nicht, da\u00df es die Einheimischen in Wahrheit auf ihn und seine Mannschaft abgesehen hatten. Die komplette Besatzung der Endeavour sollte nach den urspr\u00fcnglichen Verpflegungspl\u00e4nen der Tonganesen in den &hellip; F\u00fcllige Riesen auf freundlichen Inseln weiterlesen &rarr;\" \/>\n<meta property=\"og:url\" content=\"https:\/\/ludwig-witzani.de\/zu-den-grossen-traeumen\/backpackers-welt\/fuellige-riesen-auf-freundlcihen-inseln\/\" \/>\n<meta property=\"og:site_name\" content=\"Ludwig Witzani\" \/>\n<meta property=\"article:modified_time\" content=\"2025-06-03T10:32:55+00:00\" \/>\n<meta property=\"og:image\" content=\"https:\/\/ludwig-witzani.de\/wp-content\/uploads\/2013\/12\/2-Tonga-10.jpg\" \/>\n\t<meta property=\"og:image:width\" content=\"800\" \/>\n\t<meta property=\"og:image:height\" content=\"535\" \/>\n\t<meta property=\"og:image:type\" content=\"image\/jpeg\" \/>\n<meta name=\"twitter:card\" content=\"summary_large_image\" \/>\n<meta name=\"twitter:label1\" content=\"Gesch\u00e4tzte Lesezeit\" \/>\n\t<meta name=\"twitter:data1\" content=\"6\u00a0Minuten\" \/>\n<script type=\"application\/ld+json\" class=\"yoast-schema-graph\">{\"@context\":\"https:\\\/\\\/schema.org\",\"@graph\":[{\"@type\":\"WebPage\",\"@id\":\"https:\\\/\\\/ludwig-witzani.de\\\/zu-den-grossen-traeumen\\\/backpackers-welt\\\/fuellige-riesen-auf-freundlcihen-inseln\\\/\",\"url\":\"https:\\\/\\\/ludwig-witzani.de\\\/zu-den-grossen-traeumen\\\/backpackers-welt\\\/fuellige-riesen-auf-freundlcihen-inseln\\\/\",\"name\":\"F\u00fcllige Riesen auf freundlichen Inseln - Ludwig Witzani\",\"isPartOf\":{\"@id\":\"https:\\\/\\\/ludwig-witzani.de\\\/zu-den-grossen-traeumen\\\/#website\"},\"primaryImageOfPage\":{\"@id\":\"https:\\\/\\\/ludwig-witzani.de\\\/zu-den-grossen-traeumen\\\/backpackers-welt\\\/fuellige-riesen-auf-freundlcihen-inseln\\\/#primaryimage\"},\"image\":{\"@id\":\"https:\\\/\\\/ludwig-witzani.de\\\/zu-den-grossen-traeumen\\\/backpackers-welt\\\/fuellige-riesen-auf-freundlcihen-inseln\\\/#primaryimage\"},\"thumbnailUrl\":\"http:\\\/\\\/ludwig-witzani.de\\\/wp-content\\\/uploads\\\/2013\\\/12\\\/2-Tonga-10.jpg\",\"datePublished\":\"2013-12-22T15:33:51+00:00\",\"dateModified\":\"2025-06-03T10:32:55+00:00\",\"breadcrumb\":{\"@id\":\"https:\\\/\\\/ludwig-witzani.de\\\/zu-den-grossen-traeumen\\\/backpackers-welt\\\/fuellige-riesen-auf-freundlcihen-inseln\\\/#breadcrumb\"},\"inLanguage\":\"de\",\"potentialAction\":[{\"@type\":\"ReadAction\",\"target\":[\"https:\\\/\\\/ludwig-witzani.de\\\/zu-den-grossen-traeumen\\\/backpackers-welt\\\/fuellige-riesen-auf-freundlcihen-inseln\\\/\"]}]},{\"@type\":\"ImageObject\",\"inLanguage\":\"de\",\"@id\":\"https:\\\/\\\/ludwig-witzani.de\\\/zu-den-grossen-traeumen\\\/backpackers-welt\\\/fuellige-riesen-auf-freundlcihen-inseln\\\/#primaryimage\",\"url\":\"http:\\\/\\\/ludwig-witzani.de\\\/wp-content\\\/uploads\\\/2013\\\/12\\\/2-Tonga-10.jpg\",\"contentUrl\":\"http:\\\/\\\/ludwig-witzani.de\\\/wp-content\\\/uploads\\\/2013\\\/12\\\/2-Tonga-10.jpg\"},{\"@type\":\"BreadcrumbList\",\"@id\":\"https:\\\/\\\/ludwig-witzani.de\\\/zu-den-grossen-traeumen\\\/backpackers-welt\\\/fuellige-riesen-auf-freundlcihen-inseln\\\/#breadcrumb\",\"itemListElement\":[{\"@type\":\"ListItem\",\"position\":1,\"name\":\"Startseite\",\"item\":\"https:\\\/\\\/ludwig-witzani.de\\\/zu-den-grossen-traeumen\\\/\"},{\"@type\":\"ListItem\",\"position\":2,\"name\":\"Einladung zur Weltreise\",\"item\":\"https:\\\/\\\/ludwig-witzani.de\\\/zu-den-grossen-traeumen\\\/backpackers-welt\\\/\"},{\"@type\":\"ListItem\",\"position\":3,\"name\":\"F\u00fcllige Riesen auf freundlichen Inseln\"}]},{\"@type\":\"WebSite\",\"@id\":\"https:\\\/\\\/ludwig-witzani.de\\\/zu-den-grossen-traeumen\\\/#website\",\"url\":\"https:\\\/\\\/ludwig-witzani.de\\\/zu-den-grossen-traeumen\\\/\",\"name\":\"Ludwig Witzani\",\"description\":\"World Wide Travel\",\"potentialAction\":[{\"@type\":\"SearchAction\",\"target\":{\"@type\":\"EntryPoint\",\"urlTemplate\":\"https:\\\/\\\/ludwig-witzani.de\\\/zu-den-grossen-traeumen\\\/?s={search_term_string}\"},\"query-input\":{\"@type\":\"PropertyValueSpecification\",\"valueRequired\":true,\"valueName\":\"search_term_string\"}}],\"inLanguage\":\"de\"}]}<\/script>\n<!-- \/ Yoast SEO plugin. -->","yoast_head_json":{"title":"F\u00fcllige Riesen auf freundlichen Inseln - Ludwig Witzani","robots":{"index":"index","follow":"follow","max-snippet":"max-snippet:-1","max-image-preview":"max-image-preview:large","max-video-preview":"max-video-preview:-1"},"canonical":"https:\/\/ludwig-witzani.de\/zu-den-grossen-traeumen\/backpackers-welt\/fuellige-riesen-auf-freundlcihen-inseln\/","og_locale":"de_DE","og_type":"article","og_title":"F\u00fcllige Riesen auf freundlichen Inseln - Ludwig Witzani","og_description":"Easy Life in Tongatapu Als Kapit\u00e4n James Cook im Jahre 1773 auf Tonga landete und das Neuland wegen des enthusiastischen Empfangs die &#8222;freundlichen Inseln&#8220; nannte, ahnte er nicht, da\u00df es die Einheimischen in Wahrheit auf ihn und seine Mannschaft abgesehen hatten. Die komplette Besatzung der Endeavour sollte nach den urspr\u00fcnglichen Verpflegungspl\u00e4nen der Tonganesen in den &hellip; F\u00fcllige Riesen auf freundlichen Inseln weiterlesen &rarr;","og_url":"https:\/\/ludwig-witzani.de\/zu-den-grossen-traeumen\/backpackers-welt\/fuellige-riesen-auf-freundlcihen-inseln\/","og_site_name":"Ludwig Witzani","article_modified_time":"2025-06-03T10:32:55+00:00","og_image":[{"width":800,"height":535,"url":"https:\/\/ludwig-witzani.de\/wp-content\/uploads\/2013\/12\/2-Tonga-10.jpg","type":"image\/jpeg"}],"twitter_card":"summary_large_image","twitter_misc":{"Gesch\u00e4tzte Lesezeit":"6\u00a0Minuten"},"schema":{"@context":"https:\/\/schema.org","@graph":[{"@type":"WebPage","@id":"https:\/\/ludwig-witzani.de\/zu-den-grossen-traeumen\/backpackers-welt\/fuellige-riesen-auf-freundlcihen-inseln\/","url":"https:\/\/ludwig-witzani.de\/zu-den-grossen-traeumen\/backpackers-welt\/fuellige-riesen-auf-freundlcihen-inseln\/","name":"F\u00fcllige Riesen auf freundlichen Inseln - Ludwig Witzani","isPartOf":{"@id":"https:\/\/ludwig-witzani.de\/zu-den-grossen-traeumen\/#website"},"primaryImageOfPage":{"@id":"https:\/\/ludwig-witzani.de\/zu-den-grossen-traeumen\/backpackers-welt\/fuellige-riesen-auf-freundlcihen-inseln\/#primaryimage"},"image":{"@id":"https:\/\/ludwig-witzani.de\/zu-den-grossen-traeumen\/backpackers-welt\/fuellige-riesen-auf-freundlcihen-inseln\/#primaryimage"},"thumbnailUrl":"http:\/\/ludwig-witzani.de\/wp-content\/uploads\/2013\/12\/2-Tonga-10.jpg","datePublished":"2013-12-22T15:33:51+00:00","dateModified":"2025-06-03T10:32:55+00:00","breadcrumb":{"@id":"https:\/\/ludwig-witzani.de\/zu-den-grossen-traeumen\/backpackers-welt\/fuellige-riesen-auf-freundlcihen-inseln\/#breadcrumb"},"inLanguage":"de","potentialAction":[{"@type":"ReadAction","target":["https:\/\/ludwig-witzani.de\/zu-den-grossen-traeumen\/backpackers-welt\/fuellige-riesen-auf-freundlcihen-inseln\/"]}]},{"@type":"ImageObject","inLanguage":"de","@id":"https:\/\/ludwig-witzani.de\/zu-den-grossen-traeumen\/backpackers-welt\/fuellige-riesen-auf-freundlcihen-inseln\/#primaryimage","url":"http:\/\/ludwig-witzani.de\/wp-content\/uploads\/2013\/12\/2-Tonga-10.jpg","contentUrl":"http:\/\/ludwig-witzani.de\/wp-content\/uploads\/2013\/12\/2-Tonga-10.jpg"},{"@type":"BreadcrumbList","@id":"https:\/\/ludwig-witzani.de\/zu-den-grossen-traeumen\/backpackers-welt\/fuellige-riesen-auf-freundlcihen-inseln\/#breadcrumb","itemListElement":[{"@type":"ListItem","position":1,"name":"Startseite","item":"https:\/\/ludwig-witzani.de\/zu-den-grossen-traeumen\/"},{"@type":"ListItem","position":2,"name":"Einladung zur Weltreise","item":"https:\/\/ludwig-witzani.de\/zu-den-grossen-traeumen\/backpackers-welt\/"},{"@type":"ListItem","position":3,"name":"F\u00fcllige Riesen auf freundlichen Inseln"}]},{"@type":"WebSite","@id":"https:\/\/ludwig-witzani.de\/zu-den-grossen-traeumen\/#website","url":"https:\/\/ludwig-witzani.de\/zu-den-grossen-traeumen\/","name":"Ludwig Witzani","description":"World Wide Travel","potentialAction":[{"@type":"SearchAction","target":{"@type":"EntryPoint","urlTemplate":"https:\/\/ludwig-witzani.de\/zu-den-grossen-traeumen\/?s={search_term_string}"},"query-input":{"@type":"PropertyValueSpecification","valueRequired":true,"valueName":"search_term_string"}}],"inLanguage":"de"}]}},"jetpack_shortlink":"https:\/\/wp.me\/P4daYo-j4","jetpack_sharing_enabled":true,"_links":{"self":[{"href":"https:\/\/ludwig-witzani.de\/zu-den-grossen-traeumen\/wp-json\/wp\/v2\/pages\/1182","targetHints":{"allow":["GET"]}}],"collection":[{"href":"https:\/\/ludwig-witzani.de\/zu-den-grossen-traeumen\/wp-json\/wp\/v2\/pages"}],"about":[{"href":"https:\/\/ludwig-witzani.de\/zu-den-grossen-traeumen\/wp-json\/wp\/v2\/types\/page"}],"author":[{"embeddable":true,"href":"https:\/\/ludwig-witzani.de\/zu-den-grossen-traeumen\/wp-json\/wp\/v2\/users\/2"}],"replies":[{"embeddable":true,"href":"https:\/\/ludwig-witzani.de\/zu-den-grossen-traeumen\/wp-json\/wp\/v2\/comments?post=1182"}],"version-history":[{"count":5,"href":"https:\/\/ludwig-witzani.de\/zu-den-grossen-traeumen\/wp-json\/wp\/v2\/pages\/1182\/revisions"}],"predecessor-version":[{"id":1191,"href":"https:\/\/ludwig-witzani.de\/zu-den-grossen-traeumen\/wp-json\/wp\/v2\/pages\/1182\/revisions\/1191"}],"up":[{"embeddable":true,"href":"https:\/\/ludwig-witzani.de\/zu-den-grossen-traeumen\/wp-json\/wp\/v2\/pages\/160"}],"wp:attachment":[{"href":"https:\/\/ludwig-witzani.de\/zu-den-grossen-traeumen\/wp-json\/wp\/v2\/media?parent=1182"}],"curies":[{"name":"wp","href":"https:\/\/api.w.org\/{rel}","templated":true}]}}