{"id":1128,"date":"2013-12-22T14:13:25","date_gmt":"2013-12-22T14:13:25","guid":{"rendered":"http:\/\/ludwig-witzani.de\/?page_id=1128"},"modified":"2025-06-03T10:32:55","modified_gmt":"2025-06-03T10:32:55","slug":"fuenf-buddhafiguren-wie-vergoldete-riesenkartoffeln","status":"publish","type":"page","link":"https:\/\/ludwig-witzani.de\/zu-den-grossen-traeumen\/backpackers-welt\/fuenf-buddhafiguren-wie-vergoldete-riesenkartoffeln\/","title":{"rendered":"F\u00fcnf Buddhafiguren wie vergoldete Riesenkartoffeln"},"content":{"rendered":"<h3><a href=\"http:\/\/ludwig-witzani.de\/wp-content\/uploads\/2013\/12\/c-17.jpg\"><img loading=\"lazy\" decoding=\"async\" class=\"aligncenter size-full wp-image-1131\" src=\"http:\/\/ludwig-witzani.de\/wp-content\/uploads\/2013\/12\/c-17.jpg\" alt=\"c (17)\" width=\"800\" height=\"530\" \/><\/a><\/h3>\n<h3>\u00dcber die Shan-Berge zum Inle-See in Burma<\/h3>\n<div>\u00a0 Um in die Shan-Berge zu gelangen, gibt es mehrere M\u00f6glichkeiten. Entweder man kauft sich f\u00fcr knapp hundert Dollar bei der burmesischen Tourismusbeh\u00f6rde Myanmar Travel Tours in Yangon \u00a0(<a title=\"Im Schatten der Gro\u00dfen Pagode\" href=\"http:\/\/ludwig-witzani.de\/backpackers-welt\/im-schatten-der-grossen-pagode\/\">Rangun<\/a>)ein Flugticket und mobilisiert ein beachtliches Gottvertrauen beim Betreten der uralten Fokker, oder man bezahlt hundert Kyatt f\u00fcr einen Platz in einem \u00f6ffentlichen Kollektivtaxi. Da Taxis wie Flugzeuge in Burma meist aus der Kolonialzeit stammen, ist es schwer, zu entscheiden, welches der beiden Transportmittel als sicherer zu gelten hat. Erlebnisreicher ist auf jeden Fall die Fahrt mit dem Taxi, im englischen Kolonialjargon auch &#8222;Pickup&#8220; genannt.<br \/>\nPickups sind in Burma die landes\u00fcbliche Art der motorisierten Fortbewegung. Sie sind preiswert, langsam und eng und verf\u00fcgen \u00fcber die bemerkenswerte Eigenschaft, niemals so voll besetzt zu sein, dass nicht noch mindestens eine Familie mit ihrer Gem\u00fcseernte mitgenommen werden k\u00f6nnte. Entgegen dem indischen Guru Sri Sai Baba, der aus seinen ber\u00fchmten Gef\u00e4\u00dfen endlos Staub regnen lassen kann, vermag der Pickup-Driver immer noch mehr Fahrg\u00e4ste einzuladen: zun\u00e4chst am Beginn der Reise auf die regul\u00e4ren Holzpritschen, dann auf kleine Schemel, die bei Bedarf zwischen den Pritschen aufgestellt werden, auf dem Dach und endlich auf winzigen Trittbrettern an den Seiten des Kombis.<br \/>\nDie erste Lektion f\u00fcr den Europ\u00e4er, der in einem solchen Gef\u00e4hrt l\u00e4ngere Strecken zur\u00fccklegen m\u00f6chte, lautet: niemals innen sitzen, auch wenn zun\u00e4chst alles einen ger\u00e4umigen Eindruck macht. Denn sp\u00e4testens nach einer Stunde verwandelt sich die \u00fcberdachte Ladefl\u00e4che in eine Sardinendose f\u00fcr Menschen. Am besten wird man deswegen gleich zu Beginn der Reise beim Fahrer vorstellig, zahlt den doppelten Preis, das hei\u00dft in diesem Fall nicht einen, sondern umgerechnet zwei Dollar, und erbittet daf\u00fcr den Platz in der Fahrerkabine, ein Verfahren, mit dem man allerdings nur dann Erfolg hat, wenn keine buddhistischen M\u00f6nche zu den Fahrg\u00e4sten geh\u00f6ren. Dann bleibt nur noch das Dach.<\/div>\n<div><\/div>\n<div><em>Hat Ihnen dieser Anfang gefallen? Interessiert Sie der Ort, die Landschaft, die Geschichte? Weiter geht es in dem Buch \u201e<a href=\"http:\/\/ludwig-witzani.de\/buecher\/der-garten-der-welt-reisen-in-thailand-burma-laos-kambodscha-und-vietnam\/\">Der Garten der Welt<\/a>. Reisen in Thailand, Burma, Laos, Kambodscha und Vietnam\u201c,S. 144ff.\u00a0<\/em><\/div>\n<div><a href=\"http:\/\/ludwig-witzani.de\/wp-content\/uploads\/2013\/12\/Burma-1993-76.jpg\"><img loading=\"lazy\" decoding=\"async\" class=\"aligncenter size-full wp-image-1850\" src=\"http:\/\/ludwig-witzani.de\/wp-content\/uploads\/2013\/12\/Burma-1993-76.jpg\" alt=\"Burma 1993 (76)\" width=\"800\" height=\"527\" \/><\/a><\/div>\n","protected":false},"excerpt":{"rendered":"<p>\u00dcber die Shan-Berge zum Inle-See in Burma \u00a0 Um in die Shan-Berge zu gelangen, gibt es mehrere M\u00f6glichkeiten. Entweder man kauft sich f\u00fcr knapp hundert Dollar bei der burmesischen Tourismusbeh\u00f6rde Myanmar Travel Tours in Yangon \u00a0(Rangun)ein Flugticket und mobilisiert ein beachtliches Gottvertrauen beim Betreten der uralten Fokker, oder man bezahlt hundert Kyatt f\u00fcr einen Platz &hellip; <a href=\"https:\/\/ludwig-witzani.de\/zu-den-grossen-traeumen\/backpackers-welt\/fuenf-buddhafiguren-wie-vergoldete-riesenkartoffeln\/\" class=\"more-link\"><span class=\"screen-reader-text\">F\u00fcnf Buddhafiguren wie vergoldete Riesenkartoffeln<\/span> weiterlesen <span class=\"meta-nav\">&rarr;<\/span><\/a><\/p>\n","protected":false},"author":2,"featured_media":0,"parent":160,"menu_order":26,"comment_status":"open","ping_status":"open","template":"","meta":{"ngg_post_thumbnail":0,"jetpack_post_was_ever_published":false,"footnotes":""},"class_list":["post-1128","page","type-page","status-publish","hentry"],"yoast_head":"<!-- This site is optimized with the Yoast SEO plugin v27.4 - https:\/\/yoast.com\/product\/yoast-seo-wordpress\/ -->\n<title>F\u00fcnf Buddhafiguren wie vergoldete Riesenkartoffeln - Ludwig Witzani<\/title>\n<meta name=\"robots\" content=\"index, follow, max-snippet:-1, max-image-preview:large, max-video-preview:-1\" \/>\n<link rel=\"canonical\" href=\"https:\/\/ludwig-witzani.de\/zu-den-grossen-traeumen\/backpackers-welt\/fuenf-buddhafiguren-wie-vergoldete-riesenkartoffeln\/\" \/>\n<meta property=\"og:locale\" content=\"de_DE\" \/>\n<meta property=\"og:type\" content=\"article\" \/>\n<meta property=\"og:title\" content=\"F\u00fcnf Buddhafiguren wie vergoldete Riesenkartoffeln - Ludwig Witzani\" \/>\n<meta property=\"og:description\" content=\"\u00dcber die Shan-Berge zum Inle-See in Burma \u00a0 Um in die Shan-Berge zu gelangen, gibt es mehrere M\u00f6glichkeiten. Entweder man kauft sich f\u00fcr knapp hundert Dollar bei der burmesischen Tourismusbeh\u00f6rde Myanmar Travel Tours in Yangon \u00a0(Rangun)ein Flugticket und mobilisiert ein beachtliches Gottvertrauen beim Betreten der uralten Fokker, oder man bezahlt hundert Kyatt f\u00fcr einen Platz &hellip; F\u00fcnf Buddhafiguren wie vergoldete Riesenkartoffeln weiterlesen &rarr;\" \/>\n<meta property=\"og:url\" content=\"https:\/\/ludwig-witzani.de\/zu-den-grossen-traeumen\/backpackers-welt\/fuenf-buddhafiguren-wie-vergoldete-riesenkartoffeln\/\" \/>\n<meta property=\"og:site_name\" content=\"Ludwig Witzani\" \/>\n<meta property=\"article:modified_time\" content=\"2025-06-03T10:32:55+00:00\" \/>\n<meta property=\"og:image\" content=\"https:\/\/ludwig-witzani.de\/wp-content\/uploads\/2013\/12\/c-17.jpg\" \/>\n\t<meta property=\"og:image:width\" content=\"800\" \/>\n\t<meta property=\"og:image:height\" content=\"530\" \/>\n\t<meta property=\"og:image:type\" content=\"image\/jpeg\" \/>\n<meta name=\"twitter:card\" content=\"summary_large_image\" \/>\n<meta name=\"twitter:label1\" content=\"Gesch\u00e4tzte Lesezeit\" \/>\n\t<meta name=\"twitter:data1\" content=\"2\u00a0Minuten\" \/>\n<script type=\"application\/ld+json\" class=\"yoast-schema-graph\">{\"@context\":\"https:\\\/\\\/schema.org\",\"@graph\":[{\"@type\":\"WebPage\",\"@id\":\"https:\\\/\\\/ludwig-witzani.de\\\/zu-den-grossen-traeumen\\\/backpackers-welt\\\/fuenf-buddhafiguren-wie-vergoldete-riesenkartoffeln\\\/\",\"url\":\"https:\\\/\\\/ludwig-witzani.de\\\/zu-den-grossen-traeumen\\\/backpackers-welt\\\/fuenf-buddhafiguren-wie-vergoldete-riesenkartoffeln\\\/\",\"name\":\"F\u00fcnf Buddhafiguren wie vergoldete Riesenkartoffeln - Ludwig Witzani\",\"isPartOf\":{\"@id\":\"https:\\\/\\\/ludwig-witzani.de\\\/zu-den-grossen-traeumen\\\/#website\"},\"primaryImageOfPage\":{\"@id\":\"https:\\\/\\\/ludwig-witzani.de\\\/zu-den-grossen-traeumen\\\/backpackers-welt\\\/fuenf-buddhafiguren-wie-vergoldete-riesenkartoffeln\\\/#primaryimage\"},\"image\":{\"@id\":\"https:\\\/\\\/ludwig-witzani.de\\\/zu-den-grossen-traeumen\\\/backpackers-welt\\\/fuenf-buddhafiguren-wie-vergoldete-riesenkartoffeln\\\/#primaryimage\"},\"thumbnailUrl\":\"http:\\\/\\\/ludwig-witzani.de\\\/wp-content\\\/uploads\\\/2013\\\/12\\\/c-17.jpg\",\"datePublished\":\"2013-12-22T14:13:25+00:00\",\"dateModified\":\"2025-06-03T10:32:55+00:00\",\"breadcrumb\":{\"@id\":\"https:\\\/\\\/ludwig-witzani.de\\\/zu-den-grossen-traeumen\\\/backpackers-welt\\\/fuenf-buddhafiguren-wie-vergoldete-riesenkartoffeln\\\/#breadcrumb\"},\"inLanguage\":\"de\",\"potentialAction\":[{\"@type\":\"ReadAction\",\"target\":[\"https:\\\/\\\/ludwig-witzani.de\\\/zu-den-grossen-traeumen\\\/backpackers-welt\\\/fuenf-buddhafiguren-wie-vergoldete-riesenkartoffeln\\\/\"]}]},{\"@type\":\"ImageObject\",\"inLanguage\":\"de\",\"@id\":\"https:\\\/\\\/ludwig-witzani.de\\\/zu-den-grossen-traeumen\\\/backpackers-welt\\\/fuenf-buddhafiguren-wie-vergoldete-riesenkartoffeln\\\/#primaryimage\",\"url\":\"http:\\\/\\\/ludwig-witzani.de\\\/wp-content\\\/uploads\\\/2013\\\/12\\\/c-17.jpg\",\"contentUrl\":\"http:\\\/\\\/ludwig-witzani.de\\\/wp-content\\\/uploads\\\/2013\\\/12\\\/c-17.jpg\"},{\"@type\":\"BreadcrumbList\",\"@id\":\"https:\\\/\\\/ludwig-witzani.de\\\/zu-den-grossen-traeumen\\\/backpackers-welt\\\/fuenf-buddhafiguren-wie-vergoldete-riesenkartoffeln\\\/#breadcrumb\",\"itemListElement\":[{\"@type\":\"ListItem\",\"position\":1,\"name\":\"Startseite\",\"item\":\"https:\\\/\\\/ludwig-witzani.de\\\/zu-den-grossen-traeumen\\\/\"},{\"@type\":\"ListItem\",\"position\":2,\"name\":\"Einladung zur Weltreise\",\"item\":\"https:\\\/\\\/ludwig-witzani.de\\\/zu-den-grossen-traeumen\\\/backpackers-welt\\\/\"},{\"@type\":\"ListItem\",\"position\":3,\"name\":\"F\u00fcnf Buddhafiguren wie vergoldete Riesenkartoffeln\"}]},{\"@type\":\"WebSite\",\"@id\":\"https:\\\/\\\/ludwig-witzani.de\\\/zu-den-grossen-traeumen\\\/#website\",\"url\":\"https:\\\/\\\/ludwig-witzani.de\\\/zu-den-grossen-traeumen\\\/\",\"name\":\"Ludwig Witzani\",\"description\":\"World Wide Travel\",\"potentialAction\":[{\"@type\":\"SearchAction\",\"target\":{\"@type\":\"EntryPoint\",\"urlTemplate\":\"https:\\\/\\\/ludwig-witzani.de\\\/zu-den-grossen-traeumen\\\/?s={search_term_string}\"},\"query-input\":{\"@type\":\"PropertyValueSpecification\",\"valueRequired\":true,\"valueName\":\"search_term_string\"}}],\"inLanguage\":\"de\"}]}<\/script>\n<!-- \/ Yoast SEO plugin. -->","yoast_head_json":{"title":"F\u00fcnf Buddhafiguren wie vergoldete Riesenkartoffeln - Ludwig Witzani","robots":{"index":"index","follow":"follow","max-snippet":"max-snippet:-1","max-image-preview":"max-image-preview:large","max-video-preview":"max-video-preview:-1"},"canonical":"https:\/\/ludwig-witzani.de\/zu-den-grossen-traeumen\/backpackers-welt\/fuenf-buddhafiguren-wie-vergoldete-riesenkartoffeln\/","og_locale":"de_DE","og_type":"article","og_title":"F\u00fcnf Buddhafiguren wie vergoldete Riesenkartoffeln - Ludwig Witzani","og_description":"\u00dcber die Shan-Berge zum Inle-See in Burma \u00a0 Um in die Shan-Berge zu gelangen, gibt es mehrere M\u00f6glichkeiten. Entweder man kauft sich f\u00fcr knapp hundert Dollar bei der burmesischen Tourismusbeh\u00f6rde Myanmar Travel Tours in Yangon \u00a0(Rangun)ein Flugticket und mobilisiert ein beachtliches Gottvertrauen beim Betreten der uralten Fokker, oder man bezahlt hundert Kyatt f\u00fcr einen Platz &hellip; F\u00fcnf Buddhafiguren wie vergoldete Riesenkartoffeln weiterlesen &rarr;","og_url":"https:\/\/ludwig-witzani.de\/zu-den-grossen-traeumen\/backpackers-welt\/fuenf-buddhafiguren-wie-vergoldete-riesenkartoffeln\/","og_site_name":"Ludwig Witzani","article_modified_time":"2025-06-03T10:32:55+00:00","og_image":[{"width":800,"height":530,"url":"https:\/\/ludwig-witzani.de\/wp-content\/uploads\/2013\/12\/c-17.jpg","type":"image\/jpeg"}],"twitter_card":"summary_large_image","twitter_misc":{"Gesch\u00e4tzte Lesezeit":"2\u00a0Minuten"},"schema":{"@context":"https:\/\/schema.org","@graph":[{"@type":"WebPage","@id":"https:\/\/ludwig-witzani.de\/zu-den-grossen-traeumen\/backpackers-welt\/fuenf-buddhafiguren-wie-vergoldete-riesenkartoffeln\/","url":"https:\/\/ludwig-witzani.de\/zu-den-grossen-traeumen\/backpackers-welt\/fuenf-buddhafiguren-wie-vergoldete-riesenkartoffeln\/","name":"F\u00fcnf Buddhafiguren wie vergoldete Riesenkartoffeln - Ludwig Witzani","isPartOf":{"@id":"https:\/\/ludwig-witzani.de\/zu-den-grossen-traeumen\/#website"},"primaryImageOfPage":{"@id":"https:\/\/ludwig-witzani.de\/zu-den-grossen-traeumen\/backpackers-welt\/fuenf-buddhafiguren-wie-vergoldete-riesenkartoffeln\/#primaryimage"},"image":{"@id":"https:\/\/ludwig-witzani.de\/zu-den-grossen-traeumen\/backpackers-welt\/fuenf-buddhafiguren-wie-vergoldete-riesenkartoffeln\/#primaryimage"},"thumbnailUrl":"http:\/\/ludwig-witzani.de\/wp-content\/uploads\/2013\/12\/c-17.jpg","datePublished":"2013-12-22T14:13:25+00:00","dateModified":"2025-06-03T10:32:55+00:00","breadcrumb":{"@id":"https:\/\/ludwig-witzani.de\/zu-den-grossen-traeumen\/backpackers-welt\/fuenf-buddhafiguren-wie-vergoldete-riesenkartoffeln\/#breadcrumb"},"inLanguage":"de","potentialAction":[{"@type":"ReadAction","target":["https:\/\/ludwig-witzani.de\/zu-den-grossen-traeumen\/backpackers-welt\/fuenf-buddhafiguren-wie-vergoldete-riesenkartoffeln\/"]}]},{"@type":"ImageObject","inLanguage":"de","@id":"https:\/\/ludwig-witzani.de\/zu-den-grossen-traeumen\/backpackers-welt\/fuenf-buddhafiguren-wie-vergoldete-riesenkartoffeln\/#primaryimage","url":"http:\/\/ludwig-witzani.de\/wp-content\/uploads\/2013\/12\/c-17.jpg","contentUrl":"http:\/\/ludwig-witzani.de\/wp-content\/uploads\/2013\/12\/c-17.jpg"},{"@type":"BreadcrumbList","@id":"https:\/\/ludwig-witzani.de\/zu-den-grossen-traeumen\/backpackers-welt\/fuenf-buddhafiguren-wie-vergoldete-riesenkartoffeln\/#breadcrumb","itemListElement":[{"@type":"ListItem","position":1,"name":"Startseite","item":"https:\/\/ludwig-witzani.de\/zu-den-grossen-traeumen\/"},{"@type":"ListItem","position":2,"name":"Einladung zur Weltreise","item":"https:\/\/ludwig-witzani.de\/zu-den-grossen-traeumen\/backpackers-welt\/"},{"@type":"ListItem","position":3,"name":"F\u00fcnf Buddhafiguren wie vergoldete Riesenkartoffeln"}]},{"@type":"WebSite","@id":"https:\/\/ludwig-witzani.de\/zu-den-grossen-traeumen\/#website","url":"https:\/\/ludwig-witzani.de\/zu-den-grossen-traeumen\/","name":"Ludwig Witzani","description":"World Wide Travel","potentialAction":[{"@type":"SearchAction","target":{"@type":"EntryPoint","urlTemplate":"https:\/\/ludwig-witzani.de\/zu-den-grossen-traeumen\/?s={search_term_string}"},"query-input":{"@type":"PropertyValueSpecification","valueRequired":true,"valueName":"search_term_string"}}],"inLanguage":"de"}]}},"jetpack_shortlink":"https:\/\/wp.me\/P4daYo-ic","jetpack_sharing_enabled":true,"_links":{"self":[{"href":"https:\/\/ludwig-witzani.de\/zu-den-grossen-traeumen\/wp-json\/wp\/v2\/pages\/1128","targetHints":{"allow":["GET"]}}],"collection":[{"href":"https:\/\/ludwig-witzani.de\/zu-den-grossen-traeumen\/wp-json\/wp\/v2\/pages"}],"about":[{"href":"https:\/\/ludwig-witzani.de\/zu-den-grossen-traeumen\/wp-json\/wp\/v2\/types\/page"}],"author":[{"embeddable":true,"href":"https:\/\/ludwig-witzani.de\/zu-den-grossen-traeumen\/wp-json\/wp\/v2\/users\/2"}],"replies":[{"embeddable":true,"href":"https:\/\/ludwig-witzani.de\/zu-den-grossen-traeumen\/wp-json\/wp\/v2\/comments?post=1128"}],"version-history":[{"count":7,"href":"https:\/\/ludwig-witzani.de\/zu-den-grossen-traeumen\/wp-json\/wp\/v2\/pages\/1128\/revisions"}],"predecessor-version":[{"id":5258,"href":"https:\/\/ludwig-witzani.de\/zu-den-grossen-traeumen\/wp-json\/wp\/v2\/pages\/1128\/revisions\/5258"}],"up":[{"embeddable":true,"href":"https:\/\/ludwig-witzani.de\/zu-den-grossen-traeumen\/wp-json\/wp\/v2\/pages\/160"}],"wp:attachment":[{"href":"https:\/\/ludwig-witzani.de\/zu-den-grossen-traeumen\/wp-json\/wp\/v2\/media?parent=1128"}],"curies":[{"name":"wp","href":"https:\/\/api.w.org\/{rel}","templated":true}]}}