{"id":10953,"date":"2026-02-19T11:20:34","date_gmt":"2026-02-19T11:20:34","guid":{"rendered":"https:\/\/ludwig-witzani.de\/zu-den-grossen-traeumen\/?page_id=10953"},"modified":"2026-02-27T11:39:11","modified_gmt":"2026-02-27T11:39:11","slug":"auf-dem-inkapfad","status":"publish","type":"page","link":"https:\/\/ludwig-witzani.de\/zu-den-grossen-traeumen\/auf-dem-inkapfad\/","title":{"rendered":"Auf dem Inkapfad"},"content":{"rendered":"<p style=\"text-align: center;\"><a href=\"https:\/\/ludwig-witzani.de\/wp-content\/uploads\/2026\/02\/01-Inhaltsverzeichnis.pdf\">0<\/a><img loading=\"lazy\" decoding=\"async\" class=\"wp-image-10951\" src=\"https:\/\/ludwig-witzani.de\/wp-content\/uploads\/2026\/02\/buch-front-cover-inka-193x128-mm-inkl-Beschnitt-3-mm-531x800.jpg\" alt=\"\" width=\"359\" height=\"541\" srcset=\"https:\/\/ludwig-witzani.de\/wp-content\/uploads\/2026\/02\/buch-front-cover-inka-193x128-mm-inkl-Beschnitt-3-mm-531x800.jpg 531w, https:\/\/ludwig-witzani.de\/wp-content\/uploads\/2026\/02\/buch-front-cover-inka-193x128-mm-inkl-Beschnitt-3-mm-796x1200.jpg 796w, https:\/\/ludwig-witzani.de\/wp-content\/uploads\/2026\/02\/buch-front-cover-inka-193x128-mm-inkl-Beschnitt-3-mm-768x1158.jpg 768w, https:\/\/ludwig-witzani.de\/wp-content\/uploads\/2026\/02\/buch-front-cover-inka-193x128-mm-inkl-Beschnitt-3-mm-1019x1536.jpg 1019w, https:\/\/ludwig-witzani.de\/wp-content\/uploads\/2026\/02\/buch-front-cover-inka-193x128-mm-inkl-Beschnitt-3-mm-1358x2048.jpg 1358w, https:\/\/ludwig-witzani.de\/wp-content\/uploads\/2026\/02\/buch-front-cover-inka-193x128-mm-inkl-Beschnitt-3-mm.jpg 1512w\" sizes=\"auto, (max-width: 359px) 100vw, 359px\" \/><\/p>\n<p style=\"text-align: center;\">&nbsp; &nbsp;Wer den Osten S\u00fcdamerikas zwischen Santa Fe de Bogot\u00e1 und Santiago de Chile bereist, bewegt sich nicht nur durch Landschaften, sondern durch Zeitschichten. Schneebedeckte Gipfel und staubige Hochebenen, tropische T\u00e4ler und karge W\u00fcstenr\u00e4ume bilden die B\u00fchne f\u00fcr eine Geschichte, die &nbsp;ganz anders ist als die europ\u00e4ische und zugleich von dessen Erbe durchdrungen. In den Ruinen von Tiahuanaco und Machu Picchu scheint die Zeit stillzustehen, w\u00e4hrend auf den Indianerm\u00e4rkten von Otavalo oder Pisac das Leben in Farben, Ger\u00fcchenn und Stimmen pulsiert. Die Plazas von Bogot\u00e1, Quito, Lima, Potosi oder Santiago de Chile &nbsp;erz\u00e4hlen von Eroberungen, Gewalt und Neuanfang. In den Museen dieser St\u00e4dte begegnet der Reisende den Zeugnissenn einer Weltdeutung, die bis heute nachwirkt.&nbsp;<\/p>\n<p style=\"text-align: center;\">Ludwig Witzani hat diesen Raum in zwei aufeinander aufbauenden&nbsp; &nbsp;Reisen auf eigene Faust erkundet. &nbsp;Er folgte den Spuren vergangener Reiche und versuchte zu begreifen, wie sich Erinnerung und Moderne ineinander verschr\u00e4nken. Seine Wege f\u00fchrten ihn \u00fcber Hochplateaus und durch Metropolen, in stille Klosterh\u00f6fe ebenso wie in l\u00e4rmende Stra\u00dfenz\u00fcge- bis auf die Galapagos Inseln, dem Laboratorium der Evolution im pazifischen Ozean. Was sich ihm offenbarte, war ein Kontinent im Wandel: gepr\u00e4gt von sozialen Spannungen und \u00f6kologischen Herausforderungen, zugleich reich an kultureller Vitalit\u00e4t und sch\u00f6pferischer Kraft. &nbsp;&nbsp;&nbsp;<\/p>\n<p>___________________________________________________________________________<\/p>\n<h6 style=\"text-align: center;\"><a href=\"https:\/\/ludwig-witzani.de\/wp-content\/uploads\/2026\/02\/01-Inhaltsverzeichnis.pdf\">01 Inhaltsverzeichnis<\/a><\/h6>\n<h6 style=\"text-align: center;\"><a href=\"https:\/\/ludwig-witzani.de\/wp-content\/uploads\/2026\/02\/02-Einfuehrung.pdf\">02 Einf\u00fchrung<\/a><\/h6>\n<h6 style=\"text-align: center;\"><a href=\"https:\/\/ludwig-witzani.de\/wp-content\/uploads\/2026\/02\/03-Inkatrail.pdf\">03 Inkatrail<\/a><\/h6>\n<h6 style=\"text-align: center;\"><a href=\"https:\/\/ludwig-witzani.de\/wp-content\/uploads\/2026\/02\/04-Antofagasta-NEU.pdf\">04 Am Ende der Welt in Antofagasta&nbsp;<\/a><\/h6>\n<p>_________________________________________________________________________<\/p>\n<p style=\"text-align: center;\">Manche Momente der F\u00fclle auf Reisen bleiben in der Erinnerung wie Sch\u00e4tze, die uns \u00fcber die Jahre hinweg begleiten. So unvollkommen die technischen M\u00f6glichkeiten der Speicherung dieser Momente auch sein m\u00f6gen &#8211; hier sind drei dieser Augenblicke, <strong>Miniaturen aus der&nbsp; bolivianischen Salzw\u00fcste Salar de Uyuni, vom argentinischen Wolkenzug und vom peruanischen&nbsp; Inkatrail<\/strong>. Bitte klicken die auf den folgenden Link :&nbsp;<\/p>\n<h6 style=\"text-align: center;\"><a href=\"https:\/\/www.dropbox.com\/scl\/fi\/jrw6tzmwsf6cc10r5ku7f\/Mix-Salar-de-Uyuni-Wolkenzug-Inkatrail.MP4?rlkey=gh0egik9hfabv2cq5lgceyjxp&amp;st=tq64vx8c&amp;dl=0\">https:\/\/www.dropbox.com MIX SALAR DE UYINI &#8211; WOLKENZUG &#8211; INKATRAIL<\/a><\/h6>\n<h6>&nbsp; &nbsp; &nbsp; &nbsp; &nbsp; &nbsp; &nbsp; &nbsp; &nbsp; &nbsp; &nbsp; &nbsp; &nbsp; &nbsp; &nbsp; &nbsp; &nbsp; &nbsp; &nbsp; &nbsp; &nbsp; &nbsp; &nbsp; &nbsp; &nbsp; &nbsp; &nbsp; &nbsp; &nbsp; &nbsp; &nbsp; &nbsp; &nbsp; &nbsp;und vielleicht auch <strong><a href=\"https:\/\/www.dropbox.com\/scl\/fi\/xjejpf09tcumqdn8iewaf\/016b-Ludwig-erz-hlt-im-Bett-wie-kalt-es-ist.mp4?rlkey=oqni9movjgf027x15hfdv25de&amp;st=4dumuvsn&amp;dl=0\">HIER <\/a>&nbsp;<\/strong><\/h6>\n<p>__________________________________________________________________________<\/p>\n<h3 style=\"text-align: center;\"><a href=\"https:\/\/ludwig-witzani.de\/zu-den-grossen-traeumen\/bildergalerie-ecuador-peru-bolivien-argentinien-chile\/\">BILDERGALERIE&nbsp; ECUADOR PERU<\/a>&nbsp;<a href=\"https:\/\/ludwig-witzani.de\/zu-den-grossen-traeumen\/bildergalerie-ecuador-peru-bolivien-argentinien-chile\/\">BOLIVIEN ARGENTINIEN CHILE<\/a><\/h3>\n<p><img loading=\"lazy\" decoding=\"async\" class=\"aligncenter size-medium wp-image-11145\" src=\"https:\/\/ludwig-witzani.de\/wp-content\/uploads\/2026\/02\/2-1098-900x545.jpg\" alt=\"\" width=\"900\" height=\"545\" srcset=\"https:\/\/ludwig-witzani.de\/wp-content\/uploads\/2026\/02\/2-1098-900x545.jpg 900w, https:\/\/ludwig-witzani.de\/wp-content\/uploads\/2026\/02\/2-1098-768x465.jpg 768w, https:\/\/ludwig-witzani.de\/wp-content\/uploads\/2026\/02\/2-1098.jpg 1200w\" sizes=\"auto, (max-width: 900px) 100vw, 900px\" \/><\/p>\n<h3 style=\"text-align: center;\">hier bestellen bei&nbsp;<a href=\"https:\/\/www.amazon.de\/dp\/3565270659\/ref=sr_1_1?__mk_de_DE=%C3%85M%C3%85%C5%BD%C3%95%C3%91&amp;crid=373A49O04DGU&amp;dib=eyJ2IjoiMSJ9.rOs2gJVhZwEp2hwzeqelv1E30x3mulyQm0uoVkYAbUKnVKqtAn4B7ql48u6711gTfV4eNTuI4j4JhxkkOi6BSZCPCOdJlOp3A-Hm-EBqzwaeGKlc9IwNllB0-4iDbjMx.iTf_MOzXufknFHXSLli94ltWWBJOM3KKqcSUHSGPt1g&amp;dib_tag=se&amp;keywords=Ludwig+Witzani%3A+Auf+dem+Inkapfad&amp;qid=1772192086&amp;sprefix=ludwig+witzani+auf+dem+inkapfad%2Caps%2C99&amp;sr=8-1\"> Amazon<\/a><\/h3>\n<p>&nbsp;<\/p>\n<p style=\"text-align: center;\">R\u00dcCKMELDUNGEN WILLKOMMEN UNTER l.l.witzani@t-online.de<\/p>\n<p>&nbsp;<\/p>\n","protected":false},"excerpt":{"rendered":"<p>0 &nbsp; &nbsp;Wer den Osten S\u00fcdamerikas zwischen Santa Fe de Bogot\u00e1 und Santiago de Chile bereist, bewegt sich nicht nur durch Landschaften, sondern durch Zeitschichten. Schneebedeckte Gipfel und staubige Hochebenen, tropische T\u00e4ler und karge W\u00fcstenr\u00e4ume bilden die B\u00fchne f\u00fcr eine Geschichte, die &nbsp;ganz anders ist als die europ\u00e4ische und zugleich von dessen Erbe durchdrungen. In &hellip; <a href=\"https:\/\/ludwig-witzani.de\/zu-den-grossen-traeumen\/auf-dem-inkapfad\/\" class=\"more-link\"><span class=\"screen-reader-text\">Auf dem Inkapfad<\/span> weiterlesen <span class=\"meta-nav\">&rarr;<\/span><\/a><\/p>\n","protected":false},"author":2,"featured_media":0,"parent":0,"menu_order":0,"comment_status":"closed","ping_status":"closed","template":"","meta":{"ngg_post_thumbnail":0,"jetpack_post_was_ever_published":false,"footnotes":""},"class_list":["post-10953","page","type-page","status-publish","hentry"],"yoast_head":"<!-- This site is optimized with the Yoast SEO plugin v27.4 - https:\/\/yoast.com\/product\/yoast-seo-wordpress\/ -->\n<title>Auf dem Inkapfad - Ludwig Witzani<\/title>\n<meta name=\"description\" content=\"Eine Reise durch die Anden von Bogot\u00e1 bis Santiago de Chile zu den Monumenten der pr\u00e4kolumbianischen Kultur, zu Kl\u00f6stern und Indianerm\u00e4rkten und den gro\u00dfen Kolonialmetroplen Spanisch-Amerikas\" \/>\n<meta name=\"robots\" content=\"index, follow, max-snippet:-1, max-image-preview:large, max-video-preview:-1\" \/>\n<link rel=\"canonical\" href=\"https:\/\/ludwig-witzani.de\/zu-den-grossen-traeumen\/auf-dem-inkapfad\/\" \/>\n<meta property=\"og:locale\" content=\"de_DE\" \/>\n<meta property=\"og:type\" content=\"article\" \/>\n<meta property=\"og:title\" content=\"Auf dem Inkapfad - Ludwig Witzani\" \/>\n<meta property=\"og:description\" content=\"Eine Reise durch die Anden von Bogot\u00e1 bis Santiago de Chile zu den Monumenten der pr\u00e4kolumbianischen Kultur, zu Kl\u00f6stern und Indianerm\u00e4rkten und den gro\u00dfen Kolonialmetroplen Spanisch-Amerikas\" \/>\n<meta property=\"og:url\" content=\"https:\/\/ludwig-witzani.de\/zu-den-grossen-traeumen\/auf-dem-inkapfad\/\" \/>\n<meta property=\"og:site_name\" content=\"Ludwig Witzani\" \/>\n<meta property=\"article:modified_time\" content=\"2026-02-27T11:39:11+00:00\" \/>\n<meta property=\"og:image\" content=\"https:\/\/ludwig-witzani.de\/wp-content\/uploads\/2026\/02\/buch-front-cover-inka-193x128-mm-inkl-Beschnitt-3-mm.jpg\" \/>\n\t<meta property=\"og:image:width\" content=\"1512\" \/>\n\t<meta property=\"og:image:height\" content=\"2280\" \/>\n\t<meta property=\"og:image:type\" content=\"image\/jpeg\" \/>\n<meta name=\"twitter:card\" content=\"summary_large_image\" \/>\n<meta name=\"twitter:label1\" content=\"Gesch\u00e4tzte Lesezeit\" \/>\n\t<meta name=\"twitter:data1\" content=\"3\u00a0Minuten\" \/>\n<script type=\"application\/ld+json\" class=\"yoast-schema-graph\">{\"@context\":\"https:\\\/\\\/schema.org\",\"@graph\":[{\"@type\":\"WebPage\",\"@id\":\"https:\\\/\\\/ludwig-witzani.de\\\/zu-den-grossen-traeumen\\\/auf-dem-inkapfad\\\/\",\"url\":\"https:\\\/\\\/ludwig-witzani.de\\\/zu-den-grossen-traeumen\\\/auf-dem-inkapfad\\\/\",\"name\":\"Auf dem Inkapfad - Ludwig Witzani\",\"isPartOf\":{\"@id\":\"https:\\\/\\\/ludwig-witzani.de\\\/zu-den-grossen-traeumen\\\/#website\"},\"primaryImageOfPage\":{\"@id\":\"https:\\\/\\\/ludwig-witzani.de\\\/zu-den-grossen-traeumen\\\/auf-dem-inkapfad\\\/#primaryimage\"},\"image\":{\"@id\":\"https:\\\/\\\/ludwig-witzani.de\\\/zu-den-grossen-traeumen\\\/auf-dem-inkapfad\\\/#primaryimage\"},\"thumbnailUrl\":\"https:\\\/\\\/ludwig-witzani.de\\\/wp-content\\\/uploads\\\/2026\\\/02\\\/buch-front-cover-inka-193x128-mm-inkl-Beschnitt-3-mm-531x800.jpg\",\"datePublished\":\"2026-02-19T11:20:34+00:00\",\"dateModified\":\"2026-02-27T11:39:11+00:00\",\"description\":\"Eine Reise durch die Anden von Bogot\u00e1 bis Santiago de Chile zu den Monumenten der pr\u00e4kolumbianischen Kultur, zu Kl\u00f6stern und Indianerm\u00e4rkten und den gro\u00dfen Kolonialmetroplen Spanisch-Amerikas\",\"breadcrumb\":{\"@id\":\"https:\\\/\\\/ludwig-witzani.de\\\/zu-den-grossen-traeumen\\\/auf-dem-inkapfad\\\/#breadcrumb\"},\"inLanguage\":\"de\",\"potentialAction\":[{\"@type\":\"ReadAction\",\"target\":[\"https:\\\/\\\/ludwig-witzani.de\\\/zu-den-grossen-traeumen\\\/auf-dem-inkapfad\\\/\"]}]},{\"@type\":\"ImageObject\",\"inLanguage\":\"de\",\"@id\":\"https:\\\/\\\/ludwig-witzani.de\\\/zu-den-grossen-traeumen\\\/auf-dem-inkapfad\\\/#primaryimage\",\"url\":\"https:\\\/\\\/ludwig-witzani.de\\\/wp-content\\\/uploads\\\/2026\\\/02\\\/buch-front-cover-inka-193x128-mm-inkl-Beschnitt-3-mm-531x800.jpg\",\"contentUrl\":\"https:\\\/\\\/ludwig-witzani.de\\\/wp-content\\\/uploads\\\/2026\\\/02\\\/buch-front-cover-inka-193x128-mm-inkl-Beschnitt-3-mm-531x800.jpg\"},{\"@type\":\"BreadcrumbList\",\"@id\":\"https:\\\/\\\/ludwig-witzani.de\\\/zu-den-grossen-traeumen\\\/auf-dem-inkapfad\\\/#breadcrumb\",\"itemListElement\":[{\"@type\":\"ListItem\",\"position\":1,\"name\":\"Startseite\",\"item\":\"https:\\\/\\\/ludwig-witzani.de\\\/zu-den-grossen-traeumen\\\/\"},{\"@type\":\"ListItem\",\"position\":2,\"name\":\"Auf dem Inkapfad\"}]},{\"@type\":\"WebSite\",\"@id\":\"https:\\\/\\\/ludwig-witzani.de\\\/zu-den-grossen-traeumen\\\/#website\",\"url\":\"https:\\\/\\\/ludwig-witzani.de\\\/zu-den-grossen-traeumen\\\/\",\"name\":\"Ludwig Witzani\",\"description\":\"World Wide Travel\",\"potentialAction\":[{\"@type\":\"SearchAction\",\"target\":{\"@type\":\"EntryPoint\",\"urlTemplate\":\"https:\\\/\\\/ludwig-witzani.de\\\/zu-den-grossen-traeumen\\\/?s={search_term_string}\"},\"query-input\":{\"@type\":\"PropertyValueSpecification\",\"valueRequired\":true,\"valueName\":\"search_term_string\"}}],\"inLanguage\":\"de\"}]}<\/script>\n<!-- \/ Yoast SEO plugin. -->","yoast_head_json":{"title":"Auf dem Inkapfad - Ludwig Witzani","description":"Eine Reise durch die Anden von Bogot\u00e1 bis Santiago de Chile zu den Monumenten der pr\u00e4kolumbianischen Kultur, zu Kl\u00f6stern und Indianerm\u00e4rkten und den gro\u00dfen Kolonialmetroplen Spanisch-Amerikas","robots":{"index":"index","follow":"follow","max-snippet":"max-snippet:-1","max-image-preview":"max-image-preview:large","max-video-preview":"max-video-preview:-1"},"canonical":"https:\/\/ludwig-witzani.de\/zu-den-grossen-traeumen\/auf-dem-inkapfad\/","og_locale":"de_DE","og_type":"article","og_title":"Auf dem Inkapfad - Ludwig Witzani","og_description":"Eine Reise durch die Anden von Bogot\u00e1 bis Santiago de Chile zu den Monumenten der pr\u00e4kolumbianischen Kultur, zu Kl\u00f6stern und Indianerm\u00e4rkten und den gro\u00dfen Kolonialmetroplen Spanisch-Amerikas","og_url":"https:\/\/ludwig-witzani.de\/zu-den-grossen-traeumen\/auf-dem-inkapfad\/","og_site_name":"Ludwig Witzani","article_modified_time":"2026-02-27T11:39:11+00:00","og_image":[{"width":1512,"height":2280,"url":"https:\/\/ludwig-witzani.de\/wp-content\/uploads\/2026\/02\/buch-front-cover-inka-193x128-mm-inkl-Beschnitt-3-mm.jpg","type":"image\/jpeg"}],"twitter_card":"summary_large_image","twitter_misc":{"Gesch\u00e4tzte Lesezeit":"3\u00a0Minuten"},"schema":{"@context":"https:\/\/schema.org","@graph":[{"@type":"WebPage","@id":"https:\/\/ludwig-witzani.de\/zu-den-grossen-traeumen\/auf-dem-inkapfad\/","url":"https:\/\/ludwig-witzani.de\/zu-den-grossen-traeumen\/auf-dem-inkapfad\/","name":"Auf dem Inkapfad - Ludwig Witzani","isPartOf":{"@id":"https:\/\/ludwig-witzani.de\/zu-den-grossen-traeumen\/#website"},"primaryImageOfPage":{"@id":"https:\/\/ludwig-witzani.de\/zu-den-grossen-traeumen\/auf-dem-inkapfad\/#primaryimage"},"image":{"@id":"https:\/\/ludwig-witzani.de\/zu-den-grossen-traeumen\/auf-dem-inkapfad\/#primaryimage"},"thumbnailUrl":"https:\/\/ludwig-witzani.de\/wp-content\/uploads\/2026\/02\/buch-front-cover-inka-193x128-mm-inkl-Beschnitt-3-mm-531x800.jpg","datePublished":"2026-02-19T11:20:34+00:00","dateModified":"2026-02-27T11:39:11+00:00","description":"Eine Reise durch die Anden von Bogot\u00e1 bis Santiago de Chile zu den Monumenten der pr\u00e4kolumbianischen Kultur, zu Kl\u00f6stern und Indianerm\u00e4rkten und den gro\u00dfen Kolonialmetroplen Spanisch-Amerikas","breadcrumb":{"@id":"https:\/\/ludwig-witzani.de\/zu-den-grossen-traeumen\/auf-dem-inkapfad\/#breadcrumb"},"inLanguage":"de","potentialAction":[{"@type":"ReadAction","target":["https:\/\/ludwig-witzani.de\/zu-den-grossen-traeumen\/auf-dem-inkapfad\/"]}]},{"@type":"ImageObject","inLanguage":"de","@id":"https:\/\/ludwig-witzani.de\/zu-den-grossen-traeumen\/auf-dem-inkapfad\/#primaryimage","url":"https:\/\/ludwig-witzani.de\/wp-content\/uploads\/2026\/02\/buch-front-cover-inka-193x128-mm-inkl-Beschnitt-3-mm-531x800.jpg","contentUrl":"https:\/\/ludwig-witzani.de\/wp-content\/uploads\/2026\/02\/buch-front-cover-inka-193x128-mm-inkl-Beschnitt-3-mm-531x800.jpg"},{"@type":"BreadcrumbList","@id":"https:\/\/ludwig-witzani.de\/zu-den-grossen-traeumen\/auf-dem-inkapfad\/#breadcrumb","itemListElement":[{"@type":"ListItem","position":1,"name":"Startseite","item":"https:\/\/ludwig-witzani.de\/zu-den-grossen-traeumen\/"},{"@type":"ListItem","position":2,"name":"Auf dem Inkapfad"}]},{"@type":"WebSite","@id":"https:\/\/ludwig-witzani.de\/zu-den-grossen-traeumen\/#website","url":"https:\/\/ludwig-witzani.de\/zu-den-grossen-traeumen\/","name":"Ludwig Witzani","description":"World Wide Travel","potentialAction":[{"@type":"SearchAction","target":{"@type":"EntryPoint","urlTemplate":"https:\/\/ludwig-witzani.de\/zu-den-grossen-traeumen\/?s={search_term_string}"},"query-input":{"@type":"PropertyValueSpecification","valueRequired":true,"valueName":"search_term_string"}}],"inLanguage":"de"}]}},"jetpack_shortlink":"https:\/\/wp.me\/P4daYo-2QF","jetpack_sharing_enabled":true,"_links":{"self":[{"href":"https:\/\/ludwig-witzani.de\/zu-den-grossen-traeumen\/wp-json\/wp\/v2\/pages\/10953","targetHints":{"allow":["GET"]}}],"collection":[{"href":"https:\/\/ludwig-witzani.de\/zu-den-grossen-traeumen\/wp-json\/wp\/v2\/pages"}],"about":[{"href":"https:\/\/ludwig-witzani.de\/zu-den-grossen-traeumen\/wp-json\/wp\/v2\/types\/page"}],"author":[{"embeddable":true,"href":"https:\/\/ludwig-witzani.de\/zu-den-grossen-traeumen\/wp-json\/wp\/v2\/users\/2"}],"replies":[{"embeddable":true,"href":"https:\/\/ludwig-witzani.de\/zu-den-grossen-traeumen\/wp-json\/wp\/v2\/comments?post=10953"}],"version-history":[{"count":24,"href":"https:\/\/ludwig-witzani.de\/zu-den-grossen-traeumen\/wp-json\/wp\/v2\/pages\/10953\/revisions"}],"predecessor-version":[{"id":10955,"href":"https:\/\/ludwig-witzani.de\/zu-den-grossen-traeumen\/wp-json\/wp\/v2\/pages\/10953\/revisions\/10955"}],"wp:attachment":[{"href":"https:\/\/ludwig-witzani.de\/zu-den-grossen-traeumen\/wp-json\/wp\/v2\/media?parent=10953"}],"curies":[{"name":"wp","href":"https:\/\/api.w.org\/{rel}","templated":true}]}}