{"id":10396,"date":"2025-04-18T10:10:36","date_gmt":"2025-04-18T10:10:36","guid":{"rendered":"https:\/\/ludwig-witzani.de\/zu-den-grossen-traeumen\/?page_id=10396"},"modified":"2025-06-03T10:32:49","modified_gmt":"2025-06-03T10:32:49","slug":"adrian-ambrer-schule-des-lesens","status":"publish","type":"page","link":"https:\/\/ludwig-witzani.de\/zu-den-grossen-traeumen\/adrian-ambrer-schule-des-lesens\/","title":{"rendered":"Adrian Ambrer: Schule des Lesens"},"content":{"rendered":"<h5><img loading=\"lazy\" decoding=\"async\" class=\"aligncenter wp-image-10358\" src=\"https:\/\/ludwig-witzani.de\/wp-content\/uploads\/2025\/04\/0--535x800.jpg\" alt=\"\" width=\"385\" height=\"576\" srcset=\"https:\/\/ludwig-witzani.de\/wp-content\/uploads\/2025\/04\/0--535x800.jpg 535w, https:\/\/ludwig-witzani.de\/wp-content\/uploads\/2025\/04\/0--803x1200.jpg 803w, https:\/\/ludwig-witzani.de\/wp-content\/uploads\/2025\/04\/0--768x1148.jpg 768w, https:\/\/ludwig-witzani.de\/wp-content\/uploads\/2025\/04\/0--1027x1536.jpg 1027w, https:\/\/ludwig-witzani.de\/wp-content\/uploads\/2025\/04\/0--1370x2048.jpg 1370w, https:\/\/ludwig-witzani.de\/wp-content\/uploads\/2025\/04\/0--scaled.jpg 1712w\" sizes=\"auto, (max-width: 385px) 100vw, 385px\" \/><\/h5>\n<h5>Frank, Marcel, Lothar und Elke sind leidenschaftliche&nbsp; Leser, die es dazu dr\u00e4ngt, ihre Leseeindr\u00fccke auszutauschen. Sie haben einen Lesekreis gegr\u00fcndet und versuchen sich bei ihren regelm\u00e4\u00dfigen Treffen tollk\u00fchn an mehr oder weniger gro\u00dfen Werken der Gegenwartsliteratur &#8211; an Roth und Updike, an McEwan, Kehlmann, Genazino, Safran Foer und anderen. Mal sind sie einig, mal zanken sie sich wie die Kesselflicker &#8211; immer aber reden sie auch du vor allem \u00fcber sich selbst.<\/h5>\n<h5>So vergehen die Jahre, doch auch das Leben bleibt nicht sehen. Frank durchlebt eine spannungsreiche und letztlich scheiternde Liebe mit&nbsp; er sch\u00f6nen Karin, &nbsp;Lothar versucht nach einer Scheidung wieder auf die Beine zu kommen, Marcel gr\u00e4mt sich \u00fcber das mangelnde Interesse seiner Sch\u00fcler an guter Literatur, und Elke, die Au\u00dfenseiterin des Lesekreis, verfolgt einen geheimen Plan&#8230;.<\/h5>\n<h5>Im Mittelpunkt der Handlung aber stehen B\u00fccher (insgesamt sind es achtzehn Romane ) \u2013 beziehungsweise die unterschiedlichen Arten, wie B\u00fccher gelesen werden k\u00f6nnen.&nbsp; Es geht um das Gl\u00fcck, das sie spenden, um die Kontroversen, die sie ausl\u00f6sen und am Ende um ihre Eigenschaft, immer auch Spiegel derer zu sein, die sie lesen.&nbsp;<\/h5>\n<h4 style=\"text-align: center;\"><a href=\"https:\/\/ludwig-witzani.de\/wp-content\/uploads\/2025\/04\/Leseprobe-Die-Gruendung-des-Lesekreises.pdf\">Leseprobe 1:&nbsp; Die Gr\u00fcndung des Lesekreises<\/a><\/h4>\n<h4 style=\"text-align: center;\"><a href=\"https:\/\/ludwig-witzani.de\/wp-content\/uploads\/2025\/04\/Leseprobe-2-Genazino.pdf\">Leseprobe 2 Genazino: Die Liebesbl\u00f6digkeit<\/a><\/h4>\n<p>Printausgabe 17,95 Euro, ISBN 978-3-819078-49-1epubli Verlag, Berlin, 2025, ca. 260 Seiten, hals Printausgabe bestellen bei <strong><a href=\"https:\/\/www.amazon.de\/-\/en\/dp\/3819078495\/ref=sr_1_2?crid=1EK7QEZ4TBJAO&amp;dib=eyJ2IjoiMSJ9.-VtICzBVbTmBlt5Ip9kj46lo2NrmydrJkd-Dh0pV4AOu8KYzdAPcJv9k6WvJpdIK.7cqx8cjz04MgYX2vnxh8wvYc1Aub-1AjJ43bj0gn2Yk&amp;dib_tag=se&amp;keywords=Adrian+Ambrer+Schule+des+Lesens&amp;qid=1744971886&amp;sprefix=adrian+ambrer+schule+des+lesens%2Caps%2C67&amp;sr=8-2\">&nbsp;Amazon.de: B\u00fccher<\/a>&nbsp;<\/strong> &#8211; auch erh\u00e4ltlich als textidentische PDF Datei hier:<\/p>\n","protected":false},"excerpt":{"rendered":"<p>Frank, Marcel, Lothar und Elke sind leidenschaftliche&nbsp; Leser, die es dazu dr\u00e4ngt, ihre Leseeindr\u00fccke auszutauschen. Sie haben einen Lesekreis gegr\u00fcndet und versuchen sich bei ihren regelm\u00e4\u00dfigen Treffen tollk\u00fchn an mehr oder weniger gro\u00dfen Werken der Gegenwartsliteratur &#8211; an Roth und Updike, an McEwan, Kehlmann, Genazino, Safran Foer und anderen. Mal sind sie einig, mal zanken &hellip; <a href=\"https:\/\/ludwig-witzani.de\/zu-den-grossen-traeumen\/adrian-ambrer-schule-des-lesens\/\" class=\"more-link\"><span class=\"screen-reader-text\">Adrian Ambrer: Schule des Lesens<\/span> weiterlesen <span class=\"meta-nav\">&rarr;<\/span><\/a><\/p>\n","protected":false},"author":2,"featured_media":0,"parent":0,"menu_order":0,"comment_status":"closed","ping_status":"closed","template":"","meta":{"ngg_post_thumbnail":0,"jetpack_post_was_ever_published":false,"footnotes":""},"class_list":["post-10396","page","type-page","status-publish","hentry"],"yoast_head":"<!-- This site is optimized with the Yoast SEO plugin v27.5 - https:\/\/yoast.com\/product\/yoast-seo-wordpress\/ -->\n<title>Adrian Ambrer: Schule des Lesens - Ludwig Witzani<\/title>\n<meta name=\"description\" content=\"Frank, Marcel, Lothar und Elke sind leidenschaftliche\u00a0 Leser, die es dazu dr\u00e4ngt, ihre Leseeindr\u00fccke auszutauschen. Sie haben einen Lesekreis gegr\u00fcndet und versuchen sich bei ihren regelm\u00e4\u00dfigen Treffen tollk\u00fchn an mehr oder weniger gro\u00dfen Werken der Gegenwartsliteratur - an Roth und Updike, an McEwan, Kehlmann, Genazino, Safran Foer und anderen. Mal sind sie einig, mal zanken sie sich wie die Kesselflicker - immer aber reden sie auch du vor allem \u00fcber sich selbst.So vergehen die Jahre, doch auch das Leben bleibt nicht sehen. Frank durchlebt eine spannungsreiche und letztlich scheiternde Liebe mit\u00a0 er sch\u00f6nen Karin, \u00a0Lothar versucht nach einer Scheidung wieder auf die Beine zu kommen, Marcel gr\u00e4mt sich \u00fcber das mangelnde Interesse seiner Sch\u00fcler an guter Literatur, und Elke, die Au\u00dfenseiterin des Lesekreis, verfolgt einen geheimen Plan....Im Mittelpunkt der Handlung aber stehen B\u00fccher (insgesamt sind es achtzehn Romane ) \u2013 beziehungsweise die unterschiedlichen Arten, wie B\u00fccher gelesen werden k\u00f6nnen.\u00a0 Es geht um das Gl\u00fcck, das sie spenden, um die Kontroversen, die sie ausl\u00f6sen und am Ende um ihre Eigenschaft, immer auch Spiegel derer zu sein, die sie lesen.\u00a0\" \/>\n<meta name=\"robots\" content=\"index, follow, max-snippet:-1, max-image-preview:large, max-video-preview:-1\" \/>\n<link rel=\"canonical\" href=\"https:\/\/ludwig-witzani.de\/zu-den-grossen-traeumen\/adrian-ambrer-schule-des-lesens\/\" \/>\n<meta property=\"og:locale\" content=\"de_DE\" \/>\n<meta property=\"og:type\" content=\"article\" \/>\n<meta property=\"og:title\" content=\"Adrian Ambrer: Schule des Lesens - Ludwig Witzani\" \/>\n<meta property=\"og:description\" content=\"Frank, Marcel, Lothar und Elke sind leidenschaftliche\u00a0 Leser, die es dazu dr\u00e4ngt, ihre Leseeindr\u00fccke auszutauschen. Sie haben einen Lesekreis gegr\u00fcndet und versuchen sich bei ihren regelm\u00e4\u00dfigen Treffen tollk\u00fchn an mehr oder weniger gro\u00dfen Werken der Gegenwartsliteratur - an Roth und Updike, an McEwan, Kehlmann, Genazino, Safran Foer und anderen. Mal sind sie einig, mal zanken sie sich wie die Kesselflicker - immer aber reden sie auch du vor allem \u00fcber sich selbst.So vergehen die Jahre, doch auch das Leben bleibt nicht sehen. Frank durchlebt eine spannungsreiche und letztlich scheiternde Liebe mit\u00a0 er sch\u00f6nen Karin, \u00a0Lothar versucht nach einer Scheidung wieder auf die Beine zu kommen, Marcel gr\u00e4mt sich \u00fcber das mangelnde Interesse seiner Sch\u00fcler an guter Literatur, und Elke, die Au\u00dfenseiterin des Lesekreis, verfolgt einen geheimen Plan....Im Mittelpunkt der Handlung aber stehen B\u00fccher (insgesamt sind es achtzehn Romane ) \u2013 beziehungsweise die unterschiedlichen Arten, wie B\u00fccher gelesen werden k\u00f6nnen.\u00a0 Es geht um das Gl\u00fcck, das sie spenden, um die Kontroversen, die sie ausl\u00f6sen und am Ende um ihre Eigenschaft, immer auch Spiegel derer zu sein, die sie lesen.\u00a0\" \/>\n<meta property=\"og:url\" content=\"https:\/\/ludwig-witzani.de\/zu-den-grossen-traeumen\/adrian-ambrer-schule-des-lesens\/\" \/>\n<meta property=\"og:site_name\" content=\"Ludwig Witzani\" \/>\n<meta property=\"article:modified_time\" content=\"2025-06-03T10:32:49+00:00\" \/>\n<meta property=\"og:image\" content=\"https:\/\/ludwig-witzani.de\/wp-content\/uploads\/2025\/04\/0--scaled.jpg\" \/>\n\t<meta property=\"og:image:width\" content=\"1712\" \/>\n\t<meta property=\"og:image:height\" content=\"2560\" \/>\n\t<meta property=\"og:image:type\" content=\"image\/jpeg\" \/>\n<meta name=\"twitter:card\" content=\"summary_large_image\" \/>\n<meta name=\"twitter:label1\" content=\"Gesch\u00e4tzte Lesezeit\" \/>\n\t<meta name=\"twitter:data1\" content=\"2\u00a0Minuten\" \/>\n<script type=\"application\/ld+json\" class=\"yoast-schema-graph\">{\"@context\":\"https:\\\/\\\/schema.org\",\"@graph\":[{\"@type\":\"WebPage\",\"@id\":\"https:\\\/\\\/ludwig-witzani.de\\\/zu-den-grossen-traeumen\\\/adrian-ambrer-schule-des-lesens\\\/\",\"url\":\"https:\\\/\\\/ludwig-witzani.de\\\/zu-den-grossen-traeumen\\\/adrian-ambrer-schule-des-lesens\\\/\",\"name\":\"Adrian Ambrer: Schule des Lesens - Ludwig Witzani\",\"isPartOf\":{\"@id\":\"https:\\\/\\\/ludwig-witzani.de\\\/zu-den-grossen-traeumen\\\/#website\"},\"primaryImageOfPage\":{\"@id\":\"https:\\\/\\\/ludwig-witzani.de\\\/zu-den-grossen-traeumen\\\/adrian-ambrer-schule-des-lesens\\\/#primaryimage\"},\"image\":{\"@id\":\"https:\\\/\\\/ludwig-witzani.de\\\/zu-den-grossen-traeumen\\\/adrian-ambrer-schule-des-lesens\\\/#primaryimage\"},\"thumbnailUrl\":\"https:\\\/\\\/ludwig-witzani.de\\\/wp-content\\\/uploads\\\/2025\\\/04\\\/0--535x800.jpg\",\"datePublished\":\"2025-04-18T10:10:36+00:00\",\"dateModified\":\"2025-06-03T10:32:49+00:00\",\"description\":\"Frank, Marcel, Lothar und Elke sind leidenschaftliche\u00a0 Leser, die es dazu dr\u00e4ngt, ihre Leseeindr\u00fccke auszutauschen. Sie haben einen Lesekreis gegr\u00fcndet und versuchen sich bei ihren regelm\u00e4\u00dfigen Treffen tollk\u00fchn an mehr oder weniger gro\u00dfen Werken der Gegenwartsliteratur - an Roth und Updike, an McEwan, Kehlmann, Genazino, Safran Foer und anderen. Mal sind sie einig, mal zanken sie sich wie die Kesselflicker - immer aber reden sie auch du vor allem \u00fcber sich selbst.So vergehen die Jahre, doch auch das Leben bleibt nicht sehen. Frank durchlebt eine spannungsreiche und letztlich scheiternde Liebe mit\u00a0 er sch\u00f6nen Karin, \u00a0Lothar versucht nach einer Scheidung wieder auf die Beine zu kommen, Marcel gr\u00e4mt sich \u00fcber das mangelnde Interesse seiner Sch\u00fcler an guter Literatur, und Elke, die Au\u00dfenseiterin des Lesekreis, verfolgt einen geheimen Plan....Im Mittelpunkt der Handlung aber stehen B\u00fccher (insgesamt sind es achtzehn Romane ) \u2013 beziehungsweise die unterschiedlichen Arten, wie B\u00fccher gelesen werden k\u00f6nnen.\u00a0 Es geht um das Gl\u00fcck, das sie spenden, um die Kontroversen, die sie ausl\u00f6sen und am Ende um ihre Eigenschaft, immer auch Spiegel derer zu sein, die sie lesen.\u00a0\",\"breadcrumb\":{\"@id\":\"https:\\\/\\\/ludwig-witzani.de\\\/zu-den-grossen-traeumen\\\/adrian-ambrer-schule-des-lesens\\\/#breadcrumb\"},\"inLanguage\":\"de\",\"potentialAction\":[{\"@type\":\"ReadAction\",\"target\":[\"https:\\\/\\\/ludwig-witzani.de\\\/zu-den-grossen-traeumen\\\/adrian-ambrer-schule-des-lesens\\\/\"]}]},{\"@type\":\"ImageObject\",\"inLanguage\":\"de\",\"@id\":\"https:\\\/\\\/ludwig-witzani.de\\\/zu-den-grossen-traeumen\\\/adrian-ambrer-schule-des-lesens\\\/#primaryimage\",\"url\":\"https:\\\/\\\/ludwig-witzani.de\\\/wp-content\\\/uploads\\\/2025\\\/04\\\/0--535x800.jpg\",\"contentUrl\":\"https:\\\/\\\/ludwig-witzani.de\\\/wp-content\\\/uploads\\\/2025\\\/04\\\/0--535x800.jpg\"},{\"@type\":\"BreadcrumbList\",\"@id\":\"https:\\\/\\\/ludwig-witzani.de\\\/zu-den-grossen-traeumen\\\/adrian-ambrer-schule-des-lesens\\\/#breadcrumb\",\"itemListElement\":[{\"@type\":\"ListItem\",\"position\":1,\"name\":\"Startseite\",\"item\":\"https:\\\/\\\/ludwig-witzani.de\\\/zu-den-grossen-traeumen\\\/\"},{\"@type\":\"ListItem\",\"position\":2,\"name\":\"Adrian Ambrer: Schule des Lesens\"}]},{\"@type\":\"WebSite\",\"@id\":\"https:\\\/\\\/ludwig-witzani.de\\\/zu-den-grossen-traeumen\\\/#website\",\"url\":\"https:\\\/\\\/ludwig-witzani.de\\\/zu-den-grossen-traeumen\\\/\",\"name\":\"Ludwig Witzani\",\"description\":\"World Wide Travel\",\"potentialAction\":[{\"@type\":\"SearchAction\",\"target\":{\"@type\":\"EntryPoint\",\"urlTemplate\":\"https:\\\/\\\/ludwig-witzani.de\\\/zu-den-grossen-traeumen\\\/?s={search_term_string}\"},\"query-input\":{\"@type\":\"PropertyValueSpecification\",\"valueRequired\":true,\"valueName\":\"search_term_string\"}}],\"inLanguage\":\"de\"}]}<\/script>\n<!-- \/ Yoast SEO plugin. -->","yoast_head_json":{"title":"Adrian Ambrer: Schule des Lesens - Ludwig Witzani","description":"Frank, Marcel, Lothar und Elke sind leidenschaftliche\u00a0 Leser, die es dazu dr\u00e4ngt, ihre Leseeindr\u00fccke auszutauschen. Sie haben einen Lesekreis gegr\u00fcndet und versuchen sich bei ihren regelm\u00e4\u00dfigen Treffen tollk\u00fchn an mehr oder weniger gro\u00dfen Werken der Gegenwartsliteratur - an Roth und Updike, an McEwan, Kehlmann, Genazino, Safran Foer und anderen. Mal sind sie einig, mal zanken sie sich wie die Kesselflicker - immer aber reden sie auch du vor allem \u00fcber sich selbst.So vergehen die Jahre, doch auch das Leben bleibt nicht sehen. Frank durchlebt eine spannungsreiche und letztlich scheiternde Liebe mit\u00a0 er sch\u00f6nen Karin, \u00a0Lothar versucht nach einer Scheidung wieder auf die Beine zu kommen, Marcel gr\u00e4mt sich \u00fcber das mangelnde Interesse seiner Sch\u00fcler an guter Literatur, und Elke, die Au\u00dfenseiterin des Lesekreis, verfolgt einen geheimen Plan....Im Mittelpunkt der Handlung aber stehen B\u00fccher (insgesamt sind es achtzehn Romane ) \u2013 beziehungsweise die unterschiedlichen Arten, wie B\u00fccher gelesen werden k\u00f6nnen.\u00a0 Es geht um das Gl\u00fcck, das sie spenden, um die Kontroversen, die sie ausl\u00f6sen und am Ende um ihre Eigenschaft, immer auch Spiegel derer zu sein, die sie lesen.\u00a0","robots":{"index":"index","follow":"follow","max-snippet":"max-snippet:-1","max-image-preview":"max-image-preview:large","max-video-preview":"max-video-preview:-1"},"canonical":"https:\/\/ludwig-witzani.de\/zu-den-grossen-traeumen\/adrian-ambrer-schule-des-lesens\/","og_locale":"de_DE","og_type":"article","og_title":"Adrian Ambrer: Schule des Lesens - Ludwig Witzani","og_description":"Frank, Marcel, Lothar und Elke sind leidenschaftliche\u00a0 Leser, die es dazu dr\u00e4ngt, ihre Leseeindr\u00fccke auszutauschen. Sie haben einen Lesekreis gegr\u00fcndet und versuchen sich bei ihren regelm\u00e4\u00dfigen Treffen tollk\u00fchn an mehr oder weniger gro\u00dfen Werken der Gegenwartsliteratur - an Roth und Updike, an McEwan, Kehlmann, Genazino, Safran Foer und anderen. Mal sind sie einig, mal zanken sie sich wie die Kesselflicker - immer aber reden sie auch du vor allem \u00fcber sich selbst.So vergehen die Jahre, doch auch das Leben bleibt nicht sehen. Frank durchlebt eine spannungsreiche und letztlich scheiternde Liebe mit\u00a0 er sch\u00f6nen Karin, \u00a0Lothar versucht nach einer Scheidung wieder auf die Beine zu kommen, Marcel gr\u00e4mt sich \u00fcber das mangelnde Interesse seiner Sch\u00fcler an guter Literatur, und Elke, die Au\u00dfenseiterin des Lesekreis, verfolgt einen geheimen Plan....Im Mittelpunkt der Handlung aber stehen B\u00fccher (insgesamt sind es achtzehn Romane ) \u2013 beziehungsweise die unterschiedlichen Arten, wie B\u00fccher gelesen werden k\u00f6nnen.\u00a0 Es geht um das Gl\u00fcck, das sie spenden, um die Kontroversen, die sie ausl\u00f6sen und am Ende um ihre Eigenschaft, immer auch Spiegel derer zu sein, die sie lesen.\u00a0","og_url":"https:\/\/ludwig-witzani.de\/zu-den-grossen-traeumen\/adrian-ambrer-schule-des-lesens\/","og_site_name":"Ludwig Witzani","article_modified_time":"2025-06-03T10:32:49+00:00","og_image":[{"width":1712,"height":2560,"url":"https:\/\/ludwig-witzani.de\/wp-content\/uploads\/2025\/04\/0--scaled.jpg","type":"image\/jpeg"}],"twitter_card":"summary_large_image","twitter_misc":{"Gesch\u00e4tzte Lesezeit":"2\u00a0Minuten"},"schema":{"@context":"https:\/\/schema.org","@graph":[{"@type":"WebPage","@id":"https:\/\/ludwig-witzani.de\/zu-den-grossen-traeumen\/adrian-ambrer-schule-des-lesens\/","url":"https:\/\/ludwig-witzani.de\/zu-den-grossen-traeumen\/adrian-ambrer-schule-des-lesens\/","name":"Adrian Ambrer: Schule des Lesens - Ludwig Witzani","isPartOf":{"@id":"https:\/\/ludwig-witzani.de\/zu-den-grossen-traeumen\/#website"},"primaryImageOfPage":{"@id":"https:\/\/ludwig-witzani.de\/zu-den-grossen-traeumen\/adrian-ambrer-schule-des-lesens\/#primaryimage"},"image":{"@id":"https:\/\/ludwig-witzani.de\/zu-den-grossen-traeumen\/adrian-ambrer-schule-des-lesens\/#primaryimage"},"thumbnailUrl":"https:\/\/ludwig-witzani.de\/wp-content\/uploads\/2025\/04\/0--535x800.jpg","datePublished":"2025-04-18T10:10:36+00:00","dateModified":"2025-06-03T10:32:49+00:00","description":"Frank, Marcel, Lothar und Elke sind leidenschaftliche\u00a0 Leser, die es dazu dr\u00e4ngt, ihre Leseeindr\u00fccke auszutauschen. Sie haben einen Lesekreis gegr\u00fcndet und versuchen sich bei ihren regelm\u00e4\u00dfigen Treffen tollk\u00fchn an mehr oder weniger gro\u00dfen Werken der Gegenwartsliteratur - an Roth und Updike, an McEwan, Kehlmann, Genazino, Safran Foer und anderen. Mal sind sie einig, mal zanken sie sich wie die Kesselflicker - immer aber reden sie auch du vor allem \u00fcber sich selbst.So vergehen die Jahre, doch auch das Leben bleibt nicht sehen. Frank durchlebt eine spannungsreiche und letztlich scheiternde Liebe mit\u00a0 er sch\u00f6nen Karin, \u00a0Lothar versucht nach einer Scheidung wieder auf die Beine zu kommen, Marcel gr\u00e4mt sich \u00fcber das mangelnde Interesse seiner Sch\u00fcler an guter Literatur, und Elke, die Au\u00dfenseiterin des Lesekreis, verfolgt einen geheimen Plan....Im Mittelpunkt der Handlung aber stehen B\u00fccher (insgesamt sind es achtzehn Romane ) \u2013 beziehungsweise die unterschiedlichen Arten, wie B\u00fccher gelesen werden k\u00f6nnen.\u00a0 Es geht um das Gl\u00fcck, das sie spenden, um die Kontroversen, die sie ausl\u00f6sen und am Ende um ihre Eigenschaft, immer auch Spiegel derer zu sein, die sie lesen.\u00a0","breadcrumb":{"@id":"https:\/\/ludwig-witzani.de\/zu-den-grossen-traeumen\/adrian-ambrer-schule-des-lesens\/#breadcrumb"},"inLanguage":"de","potentialAction":[{"@type":"ReadAction","target":["https:\/\/ludwig-witzani.de\/zu-den-grossen-traeumen\/adrian-ambrer-schule-des-lesens\/"]}]},{"@type":"ImageObject","inLanguage":"de","@id":"https:\/\/ludwig-witzani.de\/zu-den-grossen-traeumen\/adrian-ambrer-schule-des-lesens\/#primaryimage","url":"https:\/\/ludwig-witzani.de\/wp-content\/uploads\/2025\/04\/0--535x800.jpg","contentUrl":"https:\/\/ludwig-witzani.de\/wp-content\/uploads\/2025\/04\/0--535x800.jpg"},{"@type":"BreadcrumbList","@id":"https:\/\/ludwig-witzani.de\/zu-den-grossen-traeumen\/adrian-ambrer-schule-des-lesens\/#breadcrumb","itemListElement":[{"@type":"ListItem","position":1,"name":"Startseite","item":"https:\/\/ludwig-witzani.de\/zu-den-grossen-traeumen\/"},{"@type":"ListItem","position":2,"name":"Adrian Ambrer: Schule des Lesens"}]},{"@type":"WebSite","@id":"https:\/\/ludwig-witzani.de\/zu-den-grossen-traeumen\/#website","url":"https:\/\/ludwig-witzani.de\/zu-den-grossen-traeumen\/","name":"Ludwig Witzani","description":"World Wide Travel","potentialAction":[{"@type":"SearchAction","target":{"@type":"EntryPoint","urlTemplate":"https:\/\/ludwig-witzani.de\/zu-den-grossen-traeumen\/?s={search_term_string}"},"query-input":{"@type":"PropertyValueSpecification","valueRequired":true,"valueName":"search_term_string"}}],"inLanguage":"de"}]}},"jetpack_shortlink":"https:\/\/wp.me\/P4daYo-2HG","jetpack_sharing_enabled":true,"_links":{"self":[{"href":"https:\/\/ludwig-witzani.de\/zu-den-grossen-traeumen\/wp-json\/wp\/v2\/pages\/10396","targetHints":{"allow":["GET"]}}],"collection":[{"href":"https:\/\/ludwig-witzani.de\/zu-den-grossen-traeumen\/wp-json\/wp\/v2\/pages"}],"about":[{"href":"https:\/\/ludwig-witzani.de\/zu-den-grossen-traeumen\/wp-json\/wp\/v2\/types\/page"}],"author":[{"embeddable":true,"href":"https:\/\/ludwig-witzani.de\/zu-den-grossen-traeumen\/wp-json\/wp\/v2\/users\/2"}],"replies":[{"embeddable":true,"href":"https:\/\/ludwig-witzani.de\/zu-den-grossen-traeumen\/wp-json\/wp\/v2\/comments?post=10396"}],"version-history":[{"count":5,"href":"https:\/\/ludwig-witzani.de\/zu-den-grossen-traeumen\/wp-json\/wp\/v2\/pages\/10396\/revisions"}],"predecessor-version":[{"id":10404,"href":"https:\/\/ludwig-witzani.de\/zu-den-grossen-traeumen\/wp-json\/wp\/v2\/pages\/10396\/revisions\/10404"}],"wp:attachment":[{"href":"https:\/\/ludwig-witzani.de\/zu-den-grossen-traeumen\/wp-json\/wp\/v2\/media?parent=10396"}],"curies":[{"name":"wp","href":"https:\/\/api.w.org\/{rel}","templated":true}]}}