{"id":10381,"date":"2025-04-18T09:17:07","date_gmt":"2025-04-18T09:17:07","guid":{"rendered":"https:\/\/ludwig-witzani.de\/zu-den-grossen-traeumen\/?page_id=10381"},"modified":"2025-06-03T10:32:49","modified_gmt":"2025-06-03T10:32:49","slug":"adrian-ambrer-ende-einer-ehe","status":"publish","type":"page","link":"https:\/\/ludwig-witzani.de\/zu-den-grossen-traeumen\/adrian-ambrer-ende-einer-ehe\/","title":{"rendered":"Adrian Ambrer: Ende einer Ehe"},"content":{"rendered":"<p><img loading=\"lazy\" decoding=\"async\" class=\"wp-image-10357 aligncenter\" src=\"https:\/\/ludwig-witzani.de\/wp-content\/uploads\/2025\/04\/Cover-Ende-einer-Ehe-1000px-514x800.jpg\" alt=\"\" width=\"400\" height=\"623\" srcset=\"https:\/\/ludwig-witzani.de\/wp-content\/uploads\/2025\/04\/Cover-Ende-einer-Ehe-1000px-514x800.jpg 514w, https:\/\/ludwig-witzani.de\/wp-content\/uploads\/2025\/04\/Cover-Ende-einer-Ehe-1000px.jpg 643w\" sizes=\"auto, (max-width: 400px) 100vw, 400px\" \/><\/p>\n<h5 style=\"text-align: center;\">An einem der sch\u00f6nsten Fr\u00fchlingstage, die er im Bergischen Land jemals erlebt hatte, wurde Ralf Sani aus Overath von seiner Frau Sabrina verlassen. Pl\u00f6tzlich und ohne Vorwarnung floh Sabrina Sani aus dem ehelichen Haus, um bei einem anderen Mann&nbsp; einzuziehen. Vor aller Augen brachen&nbsp; eine ganze Existenz, ein Freundeskreis, ein Nachbarschaftsumfeld auseinander, bis die eheliche Krise in einer Katastrophe endete. Zwei Jahre nach den Ereignissen macht sich ein Freund auf, der Geschichte von Ralf und Sabrina Sani nachzusp\u00fcren. In einer mitrei\u00dfenden Mischung aus R\u00fcckblenden und Handlungszuspitzungen erz\u00e4hlt Adrian Ambrer von Vertrauen und Treulosigkeit, Selbstlosigkeit und Egoismus mit einem \u00fcberraschenden Ende\u2026<\/h5>\n<h5 style=\"text-align: center;\">Adrian Ambrer:&nbsp; ENDE EINER EHE&nbsp; Printausgabe. 17,95&nbsp; Euro,ISBN 978-3-819078-49-1&nbsp;epubli Verlag Berlin, Berlin, 2025, ca. 280 Seiten&nbsp;<\/h5>\n<p style=\"text-align: center;\">zum bestellen hier klicken: <strong>&#8211;&nbsp;<\/strong><a href=\"https:\/\/www.amazon.de\/-\/en\/dp\/3819078851\/ref=sr_1_4?crid=2IPMSLKHLPX2G&amp;dib=eyJ2IjoiMSJ9.-VtICzBVbTmBlt5Ip9kj48YFn00i7LNrU1PctwMfgtdlmBtR1gTbteFFG-mSX99ZBLaSSnZsFzRiqyJqHVNvO93FG6jvx4iHAUDOR4bx5mnGSl0cov3Bs0WYargCl47-YvXk3cUMjiILCF0QRuW4HA.C1uUSqNh55JrjDhBBCOHqDtpY6C3J0ZAuM5K9gZzzxM&amp;dib_tag=se&amp;keywords=Adrian+Ambrer&amp;qid=1744969460&amp;s=books&amp;sprefix=adrian+ambrer%2Cstripbooks%2C69&amp;sr=1-4\"><strong>Ende einer Ehe : Ambrer, Adrian: Amazon.de: B\u00fccher<\/strong>&nbsp;<\/a><\/p>\n<p style=\"text-align: center;\">auch lieferbar als&nbsp; PDF Datei in der vollst\u00e4ndigen Textfassung, zum Bestellen hier klicken&nbsp;<\/p>\n<h3 style=\"text-align: center;\"><strong><a href=\"https:\/\/ludwig-witzani.de\/wp-content\/uploads\/2025\/04\/Leseprobe-1.pdf\">Leseprobe 1: Einleitung<\/a><\/strong><\/h3>\n<h3 style=\"text-align: center;\"><strong><a href=\"https:\/\/ludwig-witzani.de\/wp-content\/uploads\/2025\/04\/Leseprobe-2.pdf\">Leseprobe 2: Bei der Ehetherapeutin<\/a><\/strong><\/h3>\n<p><img loading=\"lazy\" decoding=\"async\" class=\"aligncenter wp-image-10388\" src=\"https:\/\/ludwig-witzani.de\/wp-content\/uploads\/2025\/04\/image053-1.jpg\" alt=\"\" width=\"539\" height=\"417\"\/><\/p>\n<p>&nbsp;<\/p>\n<p>&nbsp;<\/p>\n","protected":false},"excerpt":{"rendered":"<p>An einem der sch\u00f6nsten Fr\u00fchlingstage, die er im Bergischen Land jemals erlebt hatte, wurde Ralf Sani aus Overath von seiner Frau Sabrina verlassen. Pl\u00f6tzlich und ohne Vorwarnung floh Sabrina Sani aus dem ehelichen Haus, um bei einem anderen Mann&nbsp; einzuziehen. Vor aller Augen brachen&nbsp; eine ganze Existenz, ein Freundeskreis, ein Nachbarschaftsumfeld auseinander, bis die eheliche &hellip; <a href=\"https:\/\/ludwig-witzani.de\/zu-den-grossen-traeumen\/adrian-ambrer-ende-einer-ehe\/\" class=\"more-link\"><span class=\"screen-reader-text\">Adrian Ambrer: Ende einer Ehe<\/span> weiterlesen <span class=\"meta-nav\">&rarr;<\/span><\/a><\/p>\n","protected":false},"author":2,"featured_media":0,"parent":0,"menu_order":0,"comment_status":"closed","ping_status":"closed","template":"","meta":{"ngg_post_thumbnail":0,"jetpack_post_was_ever_published":false,"footnotes":""},"class_list":["post-10381","page","type-page","status-publish","hentry"],"yoast_head":"<!-- This site is optimized with the Yoast SEO plugin v27.5 - https:\/\/yoast.com\/product\/yoast-seo-wordpress\/ -->\n<title>Adrian Ambrer: Ende einer Ehe - Ludwig Witzani<\/title>\n<meta name=\"robots\" content=\"index, follow, max-snippet:-1, max-image-preview:large, max-video-preview:-1\" \/>\n<link rel=\"canonical\" href=\"https:\/\/ludwig-witzani.de\/zu-den-grossen-traeumen\/adrian-ambrer-ende-einer-ehe\/\" \/>\n<meta property=\"og:locale\" content=\"de_DE\" \/>\n<meta property=\"og:type\" content=\"article\" \/>\n<meta property=\"og:title\" content=\"Adrian Ambrer: Ende einer Ehe - Ludwig Witzani\" \/>\n<meta property=\"og:description\" content=\"An einem der sch\u00f6nsten Fr\u00fchlingstage, die er im Bergischen Land jemals erlebt hatte, wurde Ralf Sani aus Overath von seiner Frau Sabrina verlassen. Pl\u00f6tzlich und ohne Vorwarnung floh Sabrina Sani aus dem ehelichen Haus, um bei einem anderen Mann&nbsp; einzuziehen. Vor aller Augen brachen&nbsp; eine ganze Existenz, ein Freundeskreis, ein Nachbarschaftsumfeld auseinander, bis die eheliche &hellip; Adrian Ambrer: Ende einer Ehe weiterlesen &rarr;\" \/>\n<meta property=\"og:url\" content=\"https:\/\/ludwig-witzani.de\/zu-den-grossen-traeumen\/adrian-ambrer-ende-einer-ehe\/\" \/>\n<meta property=\"og:site_name\" content=\"Ludwig Witzani\" \/>\n<meta property=\"article:modified_time\" content=\"2025-06-03T10:32:49+00:00\" \/>\n<meta property=\"og:image\" content=\"https:\/\/ludwig-witzani.de\/wp-content\/uploads\/2025\/04\/Cover-Ende-einer-Ehe-1000px.jpg\" \/>\n\t<meta property=\"og:image:width\" content=\"643\" \/>\n\t<meta property=\"og:image:height\" content=\"1000\" \/>\n\t<meta property=\"og:image:type\" content=\"image\/jpeg\" \/>\n<meta name=\"twitter:card\" content=\"summary_large_image\" \/>\n<meta name=\"twitter:label1\" content=\"Gesch\u00e4tzte Lesezeit\" \/>\n\t<meta name=\"twitter:data1\" content=\"2\u00a0Minuten\" \/>\n<script type=\"application\/ld+json\" class=\"yoast-schema-graph\">{\"@context\":\"https:\\\/\\\/schema.org\",\"@graph\":[{\"@type\":\"WebPage\",\"@id\":\"https:\\\/\\\/ludwig-witzani.de\\\/zu-den-grossen-traeumen\\\/adrian-ambrer-ende-einer-ehe\\\/\",\"url\":\"https:\\\/\\\/ludwig-witzani.de\\\/zu-den-grossen-traeumen\\\/adrian-ambrer-ende-einer-ehe\\\/\",\"name\":\"Adrian Ambrer: Ende einer Ehe - Ludwig Witzani\",\"isPartOf\":{\"@id\":\"https:\\\/\\\/ludwig-witzani.de\\\/zu-den-grossen-traeumen\\\/#website\"},\"primaryImageOfPage\":{\"@id\":\"https:\\\/\\\/ludwig-witzani.de\\\/zu-den-grossen-traeumen\\\/adrian-ambrer-ende-einer-ehe\\\/#primaryimage\"},\"image\":{\"@id\":\"https:\\\/\\\/ludwig-witzani.de\\\/zu-den-grossen-traeumen\\\/adrian-ambrer-ende-einer-ehe\\\/#primaryimage\"},\"thumbnailUrl\":\"https:\\\/\\\/ludwig-witzani.de\\\/wp-content\\\/uploads\\\/2025\\\/04\\\/Cover-Ende-einer-Ehe-1000px-514x800.jpg\",\"datePublished\":\"2025-04-18T09:17:07+00:00\",\"dateModified\":\"2025-06-03T10:32:49+00:00\",\"breadcrumb\":{\"@id\":\"https:\\\/\\\/ludwig-witzani.de\\\/zu-den-grossen-traeumen\\\/adrian-ambrer-ende-einer-ehe\\\/#breadcrumb\"},\"inLanguage\":\"de\",\"potentialAction\":[{\"@type\":\"ReadAction\",\"target\":[\"https:\\\/\\\/ludwig-witzani.de\\\/zu-den-grossen-traeumen\\\/adrian-ambrer-ende-einer-ehe\\\/\"]}]},{\"@type\":\"ImageObject\",\"inLanguage\":\"de\",\"@id\":\"https:\\\/\\\/ludwig-witzani.de\\\/zu-den-grossen-traeumen\\\/adrian-ambrer-ende-einer-ehe\\\/#primaryimage\",\"url\":\"https:\\\/\\\/ludwig-witzani.de\\\/wp-content\\\/uploads\\\/2025\\\/04\\\/Cover-Ende-einer-Ehe-1000px-514x800.jpg\",\"contentUrl\":\"https:\\\/\\\/ludwig-witzani.de\\\/wp-content\\\/uploads\\\/2025\\\/04\\\/Cover-Ende-einer-Ehe-1000px-514x800.jpg\"},{\"@type\":\"BreadcrumbList\",\"@id\":\"https:\\\/\\\/ludwig-witzani.de\\\/zu-den-grossen-traeumen\\\/adrian-ambrer-ende-einer-ehe\\\/#breadcrumb\",\"itemListElement\":[{\"@type\":\"ListItem\",\"position\":1,\"name\":\"Startseite\",\"item\":\"https:\\\/\\\/ludwig-witzani.de\\\/zu-den-grossen-traeumen\\\/\"},{\"@type\":\"ListItem\",\"position\":2,\"name\":\"Adrian Ambrer: Ende einer Ehe\"}]},{\"@type\":\"WebSite\",\"@id\":\"https:\\\/\\\/ludwig-witzani.de\\\/zu-den-grossen-traeumen\\\/#website\",\"url\":\"https:\\\/\\\/ludwig-witzani.de\\\/zu-den-grossen-traeumen\\\/\",\"name\":\"Ludwig Witzani\",\"description\":\"World Wide Travel\",\"potentialAction\":[{\"@type\":\"SearchAction\",\"target\":{\"@type\":\"EntryPoint\",\"urlTemplate\":\"https:\\\/\\\/ludwig-witzani.de\\\/zu-den-grossen-traeumen\\\/?s={search_term_string}\"},\"query-input\":{\"@type\":\"PropertyValueSpecification\",\"valueRequired\":true,\"valueName\":\"search_term_string\"}}],\"inLanguage\":\"de\"}]}<\/script>\n<!-- \/ Yoast SEO plugin. -->","yoast_head_json":{"title":"Adrian Ambrer: Ende einer Ehe - Ludwig Witzani","robots":{"index":"index","follow":"follow","max-snippet":"max-snippet:-1","max-image-preview":"max-image-preview:large","max-video-preview":"max-video-preview:-1"},"canonical":"https:\/\/ludwig-witzani.de\/zu-den-grossen-traeumen\/adrian-ambrer-ende-einer-ehe\/","og_locale":"de_DE","og_type":"article","og_title":"Adrian Ambrer: Ende einer Ehe - Ludwig Witzani","og_description":"An einem der sch\u00f6nsten Fr\u00fchlingstage, die er im Bergischen Land jemals erlebt hatte, wurde Ralf Sani aus Overath von seiner Frau Sabrina verlassen. Pl\u00f6tzlich und ohne Vorwarnung floh Sabrina Sani aus dem ehelichen Haus, um bei einem anderen Mann&nbsp; einzuziehen. Vor aller Augen brachen&nbsp; eine ganze Existenz, ein Freundeskreis, ein Nachbarschaftsumfeld auseinander, bis die eheliche &hellip; Adrian Ambrer: Ende einer Ehe weiterlesen &rarr;","og_url":"https:\/\/ludwig-witzani.de\/zu-den-grossen-traeumen\/adrian-ambrer-ende-einer-ehe\/","og_site_name":"Ludwig Witzani","article_modified_time":"2025-06-03T10:32:49+00:00","og_image":[{"width":643,"height":1000,"url":"https:\/\/ludwig-witzani.de\/wp-content\/uploads\/2025\/04\/Cover-Ende-einer-Ehe-1000px.jpg","type":"image\/jpeg"}],"twitter_card":"summary_large_image","twitter_misc":{"Gesch\u00e4tzte Lesezeit":"2\u00a0Minuten"},"schema":{"@context":"https:\/\/schema.org","@graph":[{"@type":"WebPage","@id":"https:\/\/ludwig-witzani.de\/zu-den-grossen-traeumen\/adrian-ambrer-ende-einer-ehe\/","url":"https:\/\/ludwig-witzani.de\/zu-den-grossen-traeumen\/adrian-ambrer-ende-einer-ehe\/","name":"Adrian Ambrer: Ende einer Ehe - Ludwig Witzani","isPartOf":{"@id":"https:\/\/ludwig-witzani.de\/zu-den-grossen-traeumen\/#website"},"primaryImageOfPage":{"@id":"https:\/\/ludwig-witzani.de\/zu-den-grossen-traeumen\/adrian-ambrer-ende-einer-ehe\/#primaryimage"},"image":{"@id":"https:\/\/ludwig-witzani.de\/zu-den-grossen-traeumen\/adrian-ambrer-ende-einer-ehe\/#primaryimage"},"thumbnailUrl":"https:\/\/ludwig-witzani.de\/wp-content\/uploads\/2025\/04\/Cover-Ende-einer-Ehe-1000px-514x800.jpg","datePublished":"2025-04-18T09:17:07+00:00","dateModified":"2025-06-03T10:32:49+00:00","breadcrumb":{"@id":"https:\/\/ludwig-witzani.de\/zu-den-grossen-traeumen\/adrian-ambrer-ende-einer-ehe\/#breadcrumb"},"inLanguage":"de","potentialAction":[{"@type":"ReadAction","target":["https:\/\/ludwig-witzani.de\/zu-den-grossen-traeumen\/adrian-ambrer-ende-einer-ehe\/"]}]},{"@type":"ImageObject","inLanguage":"de","@id":"https:\/\/ludwig-witzani.de\/zu-den-grossen-traeumen\/adrian-ambrer-ende-einer-ehe\/#primaryimage","url":"https:\/\/ludwig-witzani.de\/wp-content\/uploads\/2025\/04\/Cover-Ende-einer-Ehe-1000px-514x800.jpg","contentUrl":"https:\/\/ludwig-witzani.de\/wp-content\/uploads\/2025\/04\/Cover-Ende-einer-Ehe-1000px-514x800.jpg"},{"@type":"BreadcrumbList","@id":"https:\/\/ludwig-witzani.de\/zu-den-grossen-traeumen\/adrian-ambrer-ende-einer-ehe\/#breadcrumb","itemListElement":[{"@type":"ListItem","position":1,"name":"Startseite","item":"https:\/\/ludwig-witzani.de\/zu-den-grossen-traeumen\/"},{"@type":"ListItem","position":2,"name":"Adrian Ambrer: Ende einer Ehe"}]},{"@type":"WebSite","@id":"https:\/\/ludwig-witzani.de\/zu-den-grossen-traeumen\/#website","url":"https:\/\/ludwig-witzani.de\/zu-den-grossen-traeumen\/","name":"Ludwig Witzani","description":"World Wide Travel","potentialAction":[{"@type":"SearchAction","target":{"@type":"EntryPoint","urlTemplate":"https:\/\/ludwig-witzani.de\/zu-den-grossen-traeumen\/?s={search_term_string}"},"query-input":{"@type":"PropertyValueSpecification","valueRequired":true,"valueName":"search_term_string"}}],"inLanguage":"de"}]}},"jetpack_shortlink":"https:\/\/wp.me\/P4daYo-2Hr","jetpack_sharing_enabled":true,"_links":{"self":[{"href":"https:\/\/ludwig-witzani.de\/zu-den-grossen-traeumen\/wp-json\/wp\/v2\/pages\/10381","targetHints":{"allow":["GET"]}}],"collection":[{"href":"https:\/\/ludwig-witzani.de\/zu-den-grossen-traeumen\/wp-json\/wp\/v2\/pages"}],"about":[{"href":"https:\/\/ludwig-witzani.de\/zu-den-grossen-traeumen\/wp-json\/wp\/v2\/types\/page"}],"author":[{"embeddable":true,"href":"https:\/\/ludwig-witzani.de\/zu-den-grossen-traeumen\/wp-json\/wp\/v2\/users\/2"}],"replies":[{"embeddable":true,"href":"https:\/\/ludwig-witzani.de\/zu-den-grossen-traeumen\/wp-json\/wp\/v2\/comments?post=10381"}],"version-history":[{"count":5,"href":"https:\/\/ludwig-witzani.de\/zu-den-grossen-traeumen\/wp-json\/wp\/v2\/pages\/10381\/revisions"}],"predecessor-version":[{"id":10390,"href":"https:\/\/ludwig-witzani.de\/zu-den-grossen-traeumen\/wp-json\/wp\/v2\/pages\/10381\/revisions\/10390"}],"wp:attachment":[{"href":"https:\/\/ludwig-witzani.de\/zu-den-grossen-traeumen\/wp-json\/wp\/v2\/media?parent=10381"}],"curies":[{"name":"wp","href":"https:\/\/api.w.org\/{rel}","templated":true}]}}