{"id":10353,"date":"2025-04-17T09:30:08","date_gmt":"2025-04-17T09:30:08","guid":{"rendered":"https:\/\/ludwig-witzani.de\/zu-den-grossen-traeumen\/?page_id=10353"},"modified":"2025-06-03T10:32:49","modified_gmt":"2025-06-03T10:32:49","slug":"romane-von-adrian-ambrer","status":"publish","type":"page","link":"https:\/\/ludwig-witzani.de\/zu-den-grossen-traeumen\/romane-von-adrian-ambrer\/","title":{"rendered":"Romane von Adrian Ambrer"},"content":{"rendered":"<h5><img loading=\"lazy\" decoding=\"async\" class=\"wp-image-10356 alignleft\" src=\"https:\/\/ludwig-witzani.de\/wp-content\/uploads\/2025\/04\/sieben-geschichten-v2-2025-523x800.jpg\" alt=\"\" width=\"249\" height=\"381\" srcset=\"https:\/\/ludwig-witzani.de\/wp-content\/uploads\/2025\/04\/sieben-geschichten-v2-2025-523x800.jpg 523w, https:\/\/ludwig-witzani.de\/wp-content\/uploads\/2025\/04\/sieben-geschichten-v2-2025-784x1200.jpg 784w, https:\/\/ludwig-witzani.de\/wp-content\/uploads\/2025\/04\/sieben-geschichten-v2-2025-768x1175.jpg 768w, https:\/\/ludwig-witzani.de\/wp-content\/uploads\/2025\/04\/sieben-geschichten-v2-2025-1004x1536.jpg 1004w, https:\/\/ludwig-witzani.de\/wp-content\/uploads\/2025\/04\/sieben-geschichten-v2-2025-1339x2048.jpg 1339w, https:\/\/ludwig-witzani.de\/wp-content\/uploads\/2025\/04\/sieben-geschichten-v2-2025-scaled.jpg 1673w\" sizes=\"auto, (max-width: 249px) 100vw, 249px\" \/><a href=\"https:\/\/ludwig-witzani.de\/zu-den-grossen-traeumen\/adrian-ambrer-sieben-geschichten-ueber-die-liebe-unterwegs\/\">Adrian Ambrer:&nbsp;<strong>SIEBEN GESCHICHTEN \u00dcBER DIE LIEBE UNTERWEGS<\/strong><\/a><\/h5>\n<p>Printausgabe, 17,95 euro ISBN 978-3-819078-42-2 epubli &nbsp;Verlag, Berlin 2025, ca. 345 Seiten,&nbsp; bestellen bei&nbsp;<\/p>\n<p><em>Sieben Kurzgeschichten \u00fcber die Dialektik von N\u00e4he und Ferne daheim und in der Fremde, dargestellt vor den Kulissen von Rio de Janeiro, der T\u00fcrkei, New Yorks, der Kanaren, Portugals,&nbsp; Thailands und Mauritius&nbsp;<\/em><\/p>\n<p>(Eine PDF Ausgabe dieses Buches kann f\u00fcr 5 Euro hier&nbsp; bestellt werden)<\/p>\n<p>&nbsp;<\/p>\n<h5><img loading=\"lazy\" decoding=\"async\" class=\"wp-image-10357 alignleft\" src=\"https:\/\/ludwig-witzani.de\/wp-content\/uploads\/2025\/04\/Cover-Ende-einer-Ehe-1000px-514x800.jpg\" alt=\"\" width=\"251\" height=\"391\" srcset=\"https:\/\/ludwig-witzani.de\/wp-content\/uploads\/2025\/04\/Cover-Ende-einer-Ehe-1000px-514x800.jpg 514w, https:\/\/ludwig-witzani.de\/wp-content\/uploads\/2025\/04\/Cover-Ende-einer-Ehe-1000px.jpg 643w\" sizes=\"auto, (max-width: 251px) 100vw, 251px\" \/><a href=\"https:\/\/ludwig-witzani.de\/zu-den-grossen-traeumen\/adrian-ambrer-ende-einer-ehe\/\">Adrian Ambrer:&nbsp; ENDE EINER EHE&nbsp;<\/a><\/h5>\n<p>Printausgabe. 17,95&nbsp; Euro,ISBN 978-3-819078-49-1epubli Verlag Berlin, Berlin, 2025, ca. 280 Seiten , bestellen bei <a href=\"https:\/\/www.amazon.de\/-\/en\/dp\/3819078851\/ref=sr_1_1?crid=3KRAUF1170LXS&amp;dib=eyJ2IjoiMSJ9.WZFJqCvXN64MVUGyqoEa3YykGrWgH3PqxrthaKurQWN99092hI0OvGbV_ZorZO7iYktP8BeeoMlO9qB1NhgOeojNKNgl7rSd2YPLMRWGMviZP1XfNUolxLMk2yEPudK8OCuaXFbG7NZgp54yeumAtu4KTEndP4K_vD0QmuPHgW-LceZjipq68cYR1xBRox0m.iq-dh-f-d7DVdHIQSC0v98Xls_a4oiMXFjMO1pDWxhQ&amp;dib_tag=se&amp;keywords=Adrian+Ambrer%3A+Ende+einer+Ehe&amp;qid=1744969912&amp;s=books&amp;sprefix=adrian+ambrer+ende+einer+ehe%2Cstripbooks%2C71&amp;sr=1-1\">&nbsp; Amazon.de: B\u00fccher<\/a><\/p>\n<p><em>Ein Roman \u00fcber den Zusammenbruch einer Ehe, aus verschiedenen Perspektiven erz\u00e4hlt und&nbsp; mit einem \u00fcberraschenden Ende.<\/em><\/p>\n<p>(Eine PDF Ausgabe dieses Buches kann f\u00fcr 5 Euro hier&nbsp; bestellt werden)<\/p>\n<p>&nbsp;<\/p>\n<p>&nbsp;<\/p>\n<h3><strong><img loading=\"lazy\" decoding=\"async\" class=\"wp-image-10358 alignleft\" src=\"https:\/\/ludwig-witzani.de\/wp-content\/uploads\/2025\/04\/0--535x800.jpg\" alt=\"\" width=\"256\" height=\"383\" srcset=\"https:\/\/ludwig-witzani.de\/wp-content\/uploads\/2025\/04\/0--535x800.jpg 535w, https:\/\/ludwig-witzani.de\/wp-content\/uploads\/2025\/04\/0--803x1200.jpg 803w, https:\/\/ludwig-witzani.de\/wp-content\/uploads\/2025\/04\/0--768x1148.jpg 768w, https:\/\/ludwig-witzani.de\/wp-content\/uploads\/2025\/04\/0--1027x1536.jpg 1027w, https:\/\/ludwig-witzani.de\/wp-content\/uploads\/2025\/04\/0--1370x2048.jpg 1370w, https:\/\/ludwig-witzani.de\/wp-content\/uploads\/2025\/04\/0--scaled.jpg 1712w\" sizes=\"auto, (max-width: 256px) 100vw, 256px\" \/><a href=\"https:\/\/ludwig-witzani.de\/zu-den-grossen-traeumen\/adrian-ambrer-schule-des-lesens\/\">Adrian Ambrer: Schule des Lesens&nbsp;<\/a><\/strong><\/h3>\n<p><em>Der Roman eines Lesekreises und dar\u00fcber wie&nbsp;&nbsp;man \u00fcber B\u00fccher streiten und urteilen kann..<\/em><\/p>\n<p>Printausgabe 17,95 Euro, ISBN 978-3-819078-49-1epubli Verlag, Berlin, 2025, ca. 260 Seiten, hier als Printausgabe bestellen bei&nbsp; <a href=\"https:\/\/www.amazon.de\/-\/en\/dp\/3819078495\/ref=sr_1_2?crid=1EK7QEZ4TBJAO&amp;dib=eyJ2IjoiMSJ9.-VtICzBVbTmBlt5Ip9kj46lo2NrmydrJkd-Dh0pV4AOu8KYzdAPcJv9k6WvJpdIK.7cqx8cjz04MgYX2vnxh8wvYc1Aub-1AjJ43bj0gn2Yk&amp;dib_tag=se&amp;keywords=Adrian+Ambrer+Schule+des+Lesens&amp;qid=1744971886&amp;sprefix=adrian+ambrer+schule+des+lesens%2Caps%2C67&amp;sr=8-2\">Amazon.de: B\u00fccher<\/a><\/p>\n<p>(Eine PDF Ausgabe dieses Buches kann f\u00fcr 5 Euro hier bestellt werden)<\/p>\n","protected":false},"excerpt":{"rendered":"<p>Adrian Ambrer:&nbsp;SIEBEN GESCHICHTEN \u00dcBER DIE LIEBE UNTERWEGS Printausgabe, 17,95 euro ISBN 978-3-819078-42-2 epubli &nbsp;Verlag, Berlin 2025, ca. 345 Seiten,&nbsp; bestellen bei&nbsp; Sieben Kurzgeschichten \u00fcber die Dialektik von N\u00e4he und Ferne daheim und in der Fremde, dargestellt vor den Kulissen von Rio de Janeiro, der T\u00fcrkei, New Yorks, der Kanaren, Portugals,&nbsp; Thailands und Mauritius&nbsp; (Eine PDF &hellip; <a href=\"https:\/\/ludwig-witzani.de\/zu-den-grossen-traeumen\/romane-von-adrian-ambrer\/\" class=\"more-link\"><span class=\"screen-reader-text\">Romane von Adrian Ambrer<\/span> weiterlesen <span class=\"meta-nav\">&rarr;<\/span><\/a><\/p>\n","protected":false},"author":2,"featured_media":0,"parent":0,"menu_order":0,"comment_status":"closed","ping_status":"closed","template":"","meta":{"ngg_post_thumbnail":0,"jetpack_post_was_ever_published":false,"footnotes":""},"class_list":["post-10353","page","type-page","status-publish","hentry"],"yoast_head":"<!-- This site is optimized with the Yoast SEO plugin v27.5 - https:\/\/yoast.com\/product\/yoast-seo-wordpress\/ -->\n<title>Romane von Adrian Ambrer - Ludwig Witzani<\/title>\n<meta name=\"robots\" content=\"index, follow, max-snippet:-1, max-image-preview:large, max-video-preview:-1\" \/>\n<link rel=\"canonical\" href=\"https:\/\/ludwig-witzani.de\/zu-den-grossen-traeumen\/romane-von-adrian-ambrer\/\" \/>\n<meta property=\"og:locale\" content=\"de_DE\" \/>\n<meta property=\"og:type\" content=\"article\" \/>\n<meta property=\"og:title\" content=\"Romane von Adrian Ambrer - Ludwig Witzani\" \/>\n<meta property=\"og:description\" content=\"Adrian Ambrer:&nbsp;SIEBEN GESCHICHTEN \u00dcBER DIE LIEBE UNTERWEGS Printausgabe, 17,95 euro ISBN 978-3-819078-42-2 epubli &nbsp;Verlag, Berlin 2025, ca. 345 Seiten,&nbsp; bestellen bei&nbsp; Sieben Kurzgeschichten \u00fcber die Dialektik von N\u00e4he und Ferne daheim und in der Fremde, dargestellt vor den Kulissen von Rio de Janeiro, der T\u00fcrkei, New Yorks, der Kanaren, Portugals,&nbsp; Thailands und Mauritius&nbsp; (Eine PDF &hellip; Romane von Adrian Ambrer weiterlesen &rarr;\" \/>\n<meta property=\"og:url\" content=\"https:\/\/ludwig-witzani.de\/zu-den-grossen-traeumen\/romane-von-adrian-ambrer\/\" \/>\n<meta property=\"og:site_name\" content=\"Ludwig Witzani\" \/>\n<meta property=\"article:modified_time\" content=\"2025-06-03T10:32:49+00:00\" \/>\n<meta property=\"og:image\" content=\"https:\/\/ludwig-witzani.de\/wp-content\/uploads\/2025\/04\/sieben-geschichten-v2-2025-scaled.jpg\" \/>\n\t<meta property=\"og:image:width\" content=\"1673\" \/>\n\t<meta property=\"og:image:height\" content=\"2560\" \/>\n\t<meta property=\"og:image:type\" content=\"image\/jpeg\" \/>\n<meta name=\"twitter:card\" content=\"summary_large_image\" \/>\n<meta name=\"twitter:label1\" content=\"Gesch\u00e4tzte Lesezeit\" \/>\n\t<meta name=\"twitter:data1\" content=\"2\u00a0Minuten\" \/>\n<script type=\"application\/ld+json\" class=\"yoast-schema-graph\">{\"@context\":\"https:\\\/\\\/schema.org\",\"@graph\":[{\"@type\":\"WebPage\",\"@id\":\"https:\\\/\\\/ludwig-witzani.de\\\/zu-den-grossen-traeumen\\\/romane-von-adrian-ambrer\\\/\",\"url\":\"https:\\\/\\\/ludwig-witzani.de\\\/zu-den-grossen-traeumen\\\/romane-von-adrian-ambrer\\\/\",\"name\":\"Romane von Adrian Ambrer - Ludwig Witzani\",\"isPartOf\":{\"@id\":\"https:\\\/\\\/ludwig-witzani.de\\\/zu-den-grossen-traeumen\\\/#website\"},\"primaryImageOfPage\":{\"@id\":\"https:\\\/\\\/ludwig-witzani.de\\\/zu-den-grossen-traeumen\\\/romane-von-adrian-ambrer\\\/#primaryimage\"},\"image\":{\"@id\":\"https:\\\/\\\/ludwig-witzani.de\\\/zu-den-grossen-traeumen\\\/romane-von-adrian-ambrer\\\/#primaryimage\"},\"thumbnailUrl\":\"https:\\\/\\\/ludwig-witzani.de\\\/wp-content\\\/uploads\\\/2025\\\/04\\\/sieben-geschichten-v2-2025-523x800.jpg\",\"datePublished\":\"2025-04-17T09:30:08+00:00\",\"dateModified\":\"2025-06-03T10:32:49+00:00\",\"breadcrumb\":{\"@id\":\"https:\\\/\\\/ludwig-witzani.de\\\/zu-den-grossen-traeumen\\\/romane-von-adrian-ambrer\\\/#breadcrumb\"},\"inLanguage\":\"de\",\"potentialAction\":[{\"@type\":\"ReadAction\",\"target\":[\"https:\\\/\\\/ludwig-witzani.de\\\/zu-den-grossen-traeumen\\\/romane-von-adrian-ambrer\\\/\"]}]},{\"@type\":\"ImageObject\",\"inLanguage\":\"de\",\"@id\":\"https:\\\/\\\/ludwig-witzani.de\\\/zu-den-grossen-traeumen\\\/romane-von-adrian-ambrer\\\/#primaryimage\",\"url\":\"https:\\\/\\\/ludwig-witzani.de\\\/wp-content\\\/uploads\\\/2025\\\/04\\\/sieben-geschichten-v2-2025-523x800.jpg\",\"contentUrl\":\"https:\\\/\\\/ludwig-witzani.de\\\/wp-content\\\/uploads\\\/2025\\\/04\\\/sieben-geschichten-v2-2025-523x800.jpg\"},{\"@type\":\"BreadcrumbList\",\"@id\":\"https:\\\/\\\/ludwig-witzani.de\\\/zu-den-grossen-traeumen\\\/romane-von-adrian-ambrer\\\/#breadcrumb\",\"itemListElement\":[{\"@type\":\"ListItem\",\"position\":1,\"name\":\"Startseite\",\"item\":\"https:\\\/\\\/ludwig-witzani.de\\\/zu-den-grossen-traeumen\\\/\"},{\"@type\":\"ListItem\",\"position\":2,\"name\":\"Romane von Adrian Ambrer\"}]},{\"@type\":\"WebSite\",\"@id\":\"https:\\\/\\\/ludwig-witzani.de\\\/zu-den-grossen-traeumen\\\/#website\",\"url\":\"https:\\\/\\\/ludwig-witzani.de\\\/zu-den-grossen-traeumen\\\/\",\"name\":\"Ludwig Witzani\",\"description\":\"World Wide Travel\",\"potentialAction\":[{\"@type\":\"SearchAction\",\"target\":{\"@type\":\"EntryPoint\",\"urlTemplate\":\"https:\\\/\\\/ludwig-witzani.de\\\/zu-den-grossen-traeumen\\\/?s={search_term_string}\"},\"query-input\":{\"@type\":\"PropertyValueSpecification\",\"valueRequired\":true,\"valueName\":\"search_term_string\"}}],\"inLanguage\":\"de\"}]}<\/script>\n<!-- \/ Yoast SEO plugin. -->","yoast_head_json":{"title":"Romane von Adrian Ambrer - Ludwig Witzani","robots":{"index":"index","follow":"follow","max-snippet":"max-snippet:-1","max-image-preview":"max-image-preview:large","max-video-preview":"max-video-preview:-1"},"canonical":"https:\/\/ludwig-witzani.de\/zu-den-grossen-traeumen\/romane-von-adrian-ambrer\/","og_locale":"de_DE","og_type":"article","og_title":"Romane von Adrian Ambrer - Ludwig Witzani","og_description":"Adrian Ambrer:&nbsp;SIEBEN GESCHICHTEN \u00dcBER DIE LIEBE UNTERWEGS Printausgabe, 17,95 euro ISBN 978-3-819078-42-2 epubli &nbsp;Verlag, Berlin 2025, ca. 345 Seiten,&nbsp; bestellen bei&nbsp; Sieben Kurzgeschichten \u00fcber die Dialektik von N\u00e4he und Ferne daheim und in der Fremde, dargestellt vor den Kulissen von Rio de Janeiro, der T\u00fcrkei, New Yorks, der Kanaren, Portugals,&nbsp; Thailands und Mauritius&nbsp; (Eine PDF &hellip; Romane von Adrian Ambrer weiterlesen &rarr;","og_url":"https:\/\/ludwig-witzani.de\/zu-den-grossen-traeumen\/romane-von-adrian-ambrer\/","og_site_name":"Ludwig Witzani","article_modified_time":"2025-06-03T10:32:49+00:00","og_image":[{"width":1673,"height":2560,"url":"https:\/\/ludwig-witzani.de\/wp-content\/uploads\/2025\/04\/sieben-geschichten-v2-2025-scaled.jpg","type":"image\/jpeg"}],"twitter_card":"summary_large_image","twitter_misc":{"Gesch\u00e4tzte Lesezeit":"2\u00a0Minuten"},"schema":{"@context":"https:\/\/schema.org","@graph":[{"@type":"WebPage","@id":"https:\/\/ludwig-witzani.de\/zu-den-grossen-traeumen\/romane-von-adrian-ambrer\/","url":"https:\/\/ludwig-witzani.de\/zu-den-grossen-traeumen\/romane-von-adrian-ambrer\/","name":"Romane von Adrian Ambrer - Ludwig Witzani","isPartOf":{"@id":"https:\/\/ludwig-witzani.de\/zu-den-grossen-traeumen\/#website"},"primaryImageOfPage":{"@id":"https:\/\/ludwig-witzani.de\/zu-den-grossen-traeumen\/romane-von-adrian-ambrer\/#primaryimage"},"image":{"@id":"https:\/\/ludwig-witzani.de\/zu-den-grossen-traeumen\/romane-von-adrian-ambrer\/#primaryimage"},"thumbnailUrl":"https:\/\/ludwig-witzani.de\/wp-content\/uploads\/2025\/04\/sieben-geschichten-v2-2025-523x800.jpg","datePublished":"2025-04-17T09:30:08+00:00","dateModified":"2025-06-03T10:32:49+00:00","breadcrumb":{"@id":"https:\/\/ludwig-witzani.de\/zu-den-grossen-traeumen\/romane-von-adrian-ambrer\/#breadcrumb"},"inLanguage":"de","potentialAction":[{"@type":"ReadAction","target":["https:\/\/ludwig-witzani.de\/zu-den-grossen-traeumen\/romane-von-adrian-ambrer\/"]}]},{"@type":"ImageObject","inLanguage":"de","@id":"https:\/\/ludwig-witzani.de\/zu-den-grossen-traeumen\/romane-von-adrian-ambrer\/#primaryimage","url":"https:\/\/ludwig-witzani.de\/wp-content\/uploads\/2025\/04\/sieben-geschichten-v2-2025-523x800.jpg","contentUrl":"https:\/\/ludwig-witzani.de\/wp-content\/uploads\/2025\/04\/sieben-geschichten-v2-2025-523x800.jpg"},{"@type":"BreadcrumbList","@id":"https:\/\/ludwig-witzani.de\/zu-den-grossen-traeumen\/romane-von-adrian-ambrer\/#breadcrumb","itemListElement":[{"@type":"ListItem","position":1,"name":"Startseite","item":"https:\/\/ludwig-witzani.de\/zu-den-grossen-traeumen\/"},{"@type":"ListItem","position":2,"name":"Romane von Adrian Ambrer"}]},{"@type":"WebSite","@id":"https:\/\/ludwig-witzani.de\/zu-den-grossen-traeumen\/#website","url":"https:\/\/ludwig-witzani.de\/zu-den-grossen-traeumen\/","name":"Ludwig Witzani","description":"World Wide Travel","potentialAction":[{"@type":"SearchAction","target":{"@type":"EntryPoint","urlTemplate":"https:\/\/ludwig-witzani.de\/zu-den-grossen-traeumen\/?s={search_term_string}"},"query-input":{"@type":"PropertyValueSpecification","valueRequired":true,"valueName":"search_term_string"}}],"inLanguage":"de"}]}},"jetpack_shortlink":"https:\/\/wp.me\/P4daYo-2GZ","jetpack_sharing_enabled":true,"_links":{"self":[{"href":"https:\/\/ludwig-witzani.de\/zu-den-grossen-traeumen\/wp-json\/wp\/v2\/pages\/10353","targetHints":{"allow":["GET"]}}],"collection":[{"href":"https:\/\/ludwig-witzani.de\/zu-den-grossen-traeumen\/wp-json\/wp\/v2\/pages"}],"about":[{"href":"https:\/\/ludwig-witzani.de\/zu-den-grossen-traeumen\/wp-json\/wp\/v2\/types\/page"}],"author":[{"embeddable":true,"href":"https:\/\/ludwig-witzani.de\/zu-den-grossen-traeumen\/wp-json\/wp\/v2\/users\/2"}],"replies":[{"embeddable":true,"href":"https:\/\/ludwig-witzani.de\/zu-den-grossen-traeumen\/wp-json\/wp\/v2\/comments?post=10353"}],"version-history":[{"count":14,"href":"https:\/\/ludwig-witzani.de\/zu-den-grossen-traeumen\/wp-json\/wp\/v2\/pages\/10353\/revisions"}],"predecessor-version":[{"id":10406,"href":"https:\/\/ludwig-witzani.de\/zu-den-grossen-traeumen\/wp-json\/wp\/v2\/pages\/10353\/revisions\/10406"}],"wp:attachment":[{"href":"https:\/\/ludwig-witzani.de\/zu-den-grossen-traeumen\/wp-json\/wp\/v2\/media?parent=10353"}],"curies":[{"name":"wp","href":"https:\/\/api.w.org\/{rel}","templated":true}]}}