{"id":10075,"date":"2025-02-27T07:55:08","date_gmt":"2025-02-27T07:55:08","guid":{"rendered":"https:\/\/ludwig-witzani.de\/?page_id=10075"},"modified":"2025-08-20T06:54:01","modified_gmt":"2025-08-20T06:54:01","slug":"wo-der-sifaka-tanzt-reisen-zu-den-inseln-des-indischen-ozeans","status":"publish","type":"page","link":"https:\/\/ludwig-witzani.de\/zu-den-grossen-traeumen\/wo-der-sifaka-tanzt-reisen-zu-den-inseln-des-indischen-ozeans\/","title":{"rendered":"Wo der Sifaka tanzt. Reisen zu den Inseln des Indischen Ozeans"},"content":{"rendered":"<h4><img loading=\"lazy\" decoding=\"async\" class=\"aligncenter wp-image-10429\" src=\"https:\/\/ludwig-witzani.de\/wp-content\/uploads\/2025\/05\/01-Frontcover-531x800.jpg\" alt=\"\" width=\"454\" height=\"684\" srcset=\"https:\/\/ludwig-witzani.de\/wp-content\/uploads\/2025\/05\/01-Frontcover-531x800.jpg 531w, https:\/\/ludwig-witzani.de\/wp-content\/uploads\/2025\/05\/01-Frontcover-796x1200.jpg 796w, https:\/\/ludwig-witzani.de\/wp-content\/uploads\/2025\/05\/01-Frontcover-768x1158.jpg 768w, https:\/\/ludwig-witzani.de\/wp-content\/uploads\/2025\/05\/01-Frontcover-1019x1536.jpg 1019w, https:\/\/ludwig-witzani.de\/wp-content\/uploads\/2025\/05\/01-Frontcover-1358x2048.jpg 1358w, https:\/\/ludwig-witzani.de\/wp-content\/uploads\/2025\/05\/01-Frontcover.jpg 1512w\" sizes=\"auto, (max-width: 454px) 100vw, 454px\" \/><\/h4>\n<p style=\"text-align: center;\">Der Indische Ozean ist der kleinste, aber auch der eigenartigste&nbsp; Ozean der Welt. Er umfasst \u201enur\u201c 75 Millionen qkm (im Unterschied zum Atlantik mit 82 und dem Pazifik mit 166 Millionen qkm Fl\u00e4che), ist aber der einzige, der \u00fcberwiegend auf der s\u00fcdlichen Erdhalbkugel liegt. Sein Erscheinungsbild ist nahezu durchg\u00e4ngig tropisch, was ganz besonders f\u00fcr seine Inseln zutrifft, die zu den sogenannten \u201eTraumzielen\u201c des weltweiten Ferntourismus geh\u00f6ren, auch wenn sie sich im einzelnen sehr unterschiedlich darstellen.&nbsp;&nbsp; Ludwig Witzani hat diese Inseln selbstorganisiert bereist, zuerst Sri Lanka, die buddhistische Insel des gl\u00fcckhaften Zeichens, dann Sansibar vor der K\u00fcste Ostafrikas.&nbsp; Wochenlang war er in Madagaskar unterwegs, dem Labor der Evolution, w\u00e4hrend er in Mauritius eine vorgezogene Hochzeitsreise erlebte. Die Reisen zu den Seychellen und den Malediven zu den vermeidlich sch\u00f6nsten Str\u00e4nden der Welt runden eine Darstellung ab, die nicht nur die Inseln des&nbsp; Indischen Ozean sondern auchdas Reiseleben des Autors widerspiegelt.&nbsp;<\/p>\n<h3 style=\"text-align: center;\"><strong>Ludwig Witzani: Wo der Sifaka tanzt. Reisen zu den Inseln des indischen Ozeans, epubli Verlag, Berlin, 2025, 323 Seiten, 17,95 Euro&nbsp; ISBN&nbsp; 9783819098536<\/strong><\/h3>\n<h3 style=\"text-align: center;\"><strong>Das Buch kann bestellt werden bei&nbsp;<\/strong><\/h3>\n<h3 style=\"text-align: center;\"><strong><a href=\"https:\/\/www.epubli.com\/shop\/wo-der-sifaka-tanzt-9783819098536\">epubli<\/a><\/strong><\/h3>\n<h3 style=\"text-align: center;\"><a href=\"https:\/\/www.amazon.de\/-\/en\/dp\/3819098542\/ref=sr_1_1?crid=3CVG12C5IK8YB&amp;dib=eyJ2IjoiMSJ9.5L4CO-B_RUVQjdmMYhUwnPQRtBE8SMfVTPqP7vH9hvTKKVKclyYIg9J9tGSodMEzcfWOdeBh_wOGJ4zNYUwaQhpo455YmSRK0VrrjnjWaazMmjoLVcOL5QzfhqZ5Cc4EX-BTgsBu37w4lf-hIebRGrRMKlSEipvbyBYQzezMV8iZ8OnyWaStJwqN36_YS6ktvptm7yjX1ABJXxtRGYFkCkyv7vKOfi0xmCbnGeV36a0.danGVklEduPaA7cqgb0soNiTmkT5LNhP5o93d-KAVEo&amp;dib_tag=se&amp;keywords=Ludwig+Witzani+Wo+der+Sifaka+tanzt&amp;qid=1747287223&amp;sprefix=ludwig+witzani+wo+der+sifaka+tanzt%2Caps%2C82&amp;sr=8-1\"><strong>&nbsp; &nbsp;Amazon.de: Books<\/strong><\/a><\/h3>\n<p>__________________________________________________________________________<\/p>\n<h3>&nbsp;&nbsp; &nbsp; &nbsp; &nbsp; &nbsp; &nbsp; &nbsp; &nbsp; &nbsp; &nbsp; &nbsp; &nbsp; &nbsp; &nbsp; &nbsp; &nbsp; &nbsp; &nbsp; &nbsp; &nbsp; &nbsp; &nbsp; &nbsp; &nbsp; &nbsp; <a href=\"https:\/\/ludwig-witzani.de\/wp-content\/uploads\/2025\/05\/INHALTSVERZEICHNIS.pdf\">INHALTSVERZEICHNIS<\/a><\/h3>\n<p><img loading=\"lazy\" decoding=\"async\" class=\"aligncenter size-medium wp-image-10309\" src=\"https:\/\/ludwig-witzani.de\/wp-content\/uploads\/2025\/03\/OM-Indischer-Ozean-900x577.jpg\" alt=\"\" width=\"900\" height=\"577\" srcset=\"https:\/\/ludwig-witzani.de\/wp-content\/uploads\/2025\/03\/OM-Indischer-Ozean-900x577.jpg 900w, https:\/\/ludwig-witzani.de\/wp-content\/uploads\/2025\/03\/OM-Indischer-Ozean-768x492.jpg 768w, https:\/\/ludwig-witzani.de\/wp-content\/uploads\/2025\/03\/OM-Indischer-Ozean.jpg 913w\" sizes=\"auto, (max-width: 900px) 100vw, 900px\" \/><\/p>\n<h4 style=\"text-align: center;\"><strong>LESEPROBEN&nbsp;<\/strong><\/h4>\n<h4 style=\"text-align: center;\"><strong><a href=\"https:\/\/ludwig-witzani.de\/wp-content\/uploads\/2025\/05\/Inhaltsverzeichnis-S.4-8.pdf\">Inhaltsverzeichnis S.4-8<\/a><\/strong><\/h4>\n<h4 style=\"text-align: center;\"><strong><a href=\"https:\/\/ludwig-witzani.de\/wp-content\/uploads\/2025\/05\/Leseprobe-Madagaskar-S.-150-164.pdf\">Leseprobe Madagaskar S. 150-164<\/a><\/strong><\/h4>\n<h4 style=\"text-align: center;\"><a href=\"https:\/\/ludwig-witzani.de\/wp-content\/uploads\/2025\/05\/Leseprobe-Hikkaduwa-78-87.pdf\">Leseprobe Hikkaduwa 78-87<\/a><\/h4>\n<h4>____________________________________________________________<\/h4>\n<h4 style=\"text-align: center;\">&nbsp; &nbsp; &nbsp; &nbsp; &nbsp; &nbsp; &nbsp; &nbsp; Nicht immer gelingt die Reproduktion eines Fotos in einem Schwarz-Wei\u00df-Buch wirklich zufriedenstellend. Deswegen finden sich im folgenden die meisten Bilder des Buches und einige mehr in bunt und besserer Aufl\u00f6sung in der unten anklickbaren&nbsp; &nbsp; &nbsp; &nbsp; &nbsp; &nbsp; &nbsp; &nbsp;&nbsp;<\/h4>\n<h4 style=\"text-align: center;\">&nbsp; &nbsp; <a href=\"https:\/\/ludwig-witzani.de\/zu-den-grossen-traeumen\/bildergalerie-indischer-ozean\/\">Bildergalerie: Indischer Ozean<\/a><\/h4>\n<p style=\"text-align: center;\">Die Bildbeschreibungen finden Sie im o.a. Buch. Die Reihenfolge der Bilder orientiert sich ebenfalls am Buch &#8211; zuerst sehen Sie Bilder aus Sri Lanka, dann Sansibar, gefolgt von Madagaskar, Mauritius, den Seychellen und den Malediven<\/p>\n<p style=\"text-align: center;\">Bitte beachten Sie dass die Bilder urheberrechtlich gesch\u00fctzt&nbsp; sind. Gerne k\u00f6nnen Sie sich aber einzelne Bilder f\u00fcr eine Copyright-Geb\u00fchr von 3 Euro pro Bild herunterladen. Kontaktaufnahme \u00fcber l.l.witzani@t-online.de&nbsp;<\/p>\n<p>__________________________________________________________________________<\/p>\n<h5 style=\"text-align: center;\">&nbsp;Musik-Bild-Animation<\/h5>\n<h4 style=\"text-align: center;\"><a href=\"https:\/\/www.dropbox.com\/scl\/fi\/xsyb19a7zbd5a6gu1bxka\/Ein-Tag-im-Summer-Island-Resort-auf-den-Malediven-Piano-Music.MP4?rlkey=262bfakqcmwk3ifg13jjhcg3w&amp;st=y68kxd5y&amp;dl=0\">Ein-Tag-im-Summer-Island-Resort-auf-den-Malediven<\/a><\/h4>\n<p style=\"text-align: center;\">Quellen: die ersten 12 Sekunden stammen von Andreas Hollmetz, dividendenbackpacker.de, die Musik wurde&nbsp; pixabay.com (Portal zum rechtefreien Herunterladen von Musik) entnommen<\/p>\n<p>&nbsp;<img loading=\"lazy\" decoding=\"async\" class=\"aligncenter size-medium wp-image-10250\" src=\"https:\/\/ludwig-witzani.de\/wp-content\/uploads\/2025\/02\/IMG_1707-900x490.jpg\" alt=\"\" width=\"900\" height=\"490\" srcset=\"https:\/\/ludwig-witzani.de\/wp-content\/uploads\/2025\/02\/IMG_1707-900x490.jpg 900w, https:\/\/ludwig-witzani.de\/wp-content\/uploads\/2025\/02\/IMG_1707-1920x1046.jpg 1920w, https:\/\/ludwig-witzani.de\/wp-content\/uploads\/2025\/02\/IMG_1707-768x418.jpg 768w, https:\/\/ludwig-witzani.de\/wp-content\/uploads\/2025\/02\/IMG_1707-1536x837.jpg 1536w, https:\/\/ludwig-witzani.de\/wp-content\/uploads\/2025\/02\/IMG_1707-2048x1115.jpg 2048w\" sizes=\"auto, (max-width: 900px) 100vw, 900px\" \/><\/p>\n<p>&nbsp;<\/p>\n","protected":false},"excerpt":{"rendered":"<p>Der Indische Ozean ist der kleinste, aber auch der eigenartigste&nbsp; Ozean der Welt. Er umfasst \u201enur\u201c 75 Millionen qkm (im Unterschied zum Atlantik mit 82 und dem Pazifik mit 166 Millionen qkm Fl\u00e4che), ist aber der einzige, der \u00fcberwiegend auf der s\u00fcdlichen Erdhalbkugel liegt. Sein Erscheinungsbild ist nahezu durchg\u00e4ngig tropisch, was ganz besonders f\u00fcr seine &hellip; <a href=\"https:\/\/ludwig-witzani.de\/zu-den-grossen-traeumen\/wo-der-sifaka-tanzt-reisen-zu-den-inseln-des-indischen-ozeans\/\" class=\"more-link\"><span class=\"screen-reader-text\">Wo der Sifaka tanzt. Reisen zu den Inseln des Indischen Ozeans<\/span> weiterlesen <span class=\"meta-nav\">&rarr;<\/span><\/a><\/p>\n","protected":false},"author":2,"featured_media":0,"parent":0,"menu_order":0,"comment_status":"closed","ping_status":"closed","template":"","meta":{"ngg_post_thumbnail":0,"jetpack_post_was_ever_published":false,"footnotes":""},"class_list":["post-10075","page","type-page","status-publish","hentry"],"yoast_head":"<!-- This site is optimized with the Yoast SEO plugin v27.4 - https:\/\/yoast.com\/product\/yoast-seo-wordpress\/ -->\n<title>Wo der Sifaka tanzt. Reisen zu den Inseln des Indischen Ozeans - Ludwig Witzani<\/title>\n<meta name=\"description\" content=\"Der Indische Ozean ist der kleinste, aber auch der eigenartigste Ozean der Welt. Er umfasst \u201enur\u201c 75 Millionen qkm (im Unterschied zum Atlantik mit 82 und dem Pazifik mit 166 Millionen qkm Fl\u00e4che), ist aber der einzige, der \u00fcberwiegend auf der s\u00fcdlichen Erdhalbkugel liegt. Sein Erscheinungsbild ist nahezu durchg\u00e4ngig tropisch, was ganz besonders f\u00fcr seine Inseln zutrifft, die zu den sogenannten \u201eTraumzielen\u201c des weltweiten Ferntourismus geh\u00f6ren, auch wenn sie sich im Einzelnen sehr unterschiedlich darstellen. Ludwig Witzani hat diese Inseln selbstorganisiert bereist, zuerst Sri Lanka, die buddhistische Insel des gl\u00fcckhaften Zeichens, dann Sansibar vor der K\u00fcste Ostafrikas und das franz\u00f6sische \u00dcberseedepartment R\u00e9union. Wochenlang war er in Madagaskar unterwegs, dem Labor der Evolution, w\u00e4hrend er in Mauritius einen tr\u00fcgerischen Honeymoon erlebte. Die Reisen zu den Seychellen und den Malediven zu den vermeidlich sch\u00f6nsten Str\u00e4nden der Welt runden eine Darstellung ab, die nicht nur die Inseln des Indischen Ozean sondern auch das Reiseleben des Autors widerspiegelt.\" \/>\n<meta name=\"robots\" content=\"index, follow, max-snippet:-1, max-image-preview:large, max-video-preview:-1\" \/>\n<link rel=\"canonical\" href=\"https:\/\/ludwig-witzani.de\/zu-den-grossen-traeumen\/wo-der-sifaka-tanzt-reisen-zu-den-inseln-des-indischen-ozeans\/\" \/>\n<meta property=\"og:locale\" content=\"de_DE\" \/>\n<meta property=\"og:type\" content=\"article\" \/>\n<meta property=\"og:title\" content=\"Wo der Sifaka tanzt. Reisen zu den Inseln des Indischen Ozeans - Ludwig Witzani\" \/>\n<meta property=\"og:description\" content=\"Der Indische Ozean ist der kleinste, aber auch der eigenartigste Ozean der Welt. Er umfasst \u201enur\u201c 75 Millionen qkm (im Unterschied zum Atlantik mit 82 und dem Pazifik mit 166 Millionen qkm Fl\u00e4che), ist aber der einzige, der \u00fcberwiegend auf der s\u00fcdlichen Erdhalbkugel liegt. Sein Erscheinungsbild ist nahezu durchg\u00e4ngig tropisch, was ganz besonders f\u00fcr seine Inseln zutrifft, die zu den sogenannten \u201eTraumzielen\u201c des weltweiten Ferntourismus geh\u00f6ren, auch wenn sie sich im Einzelnen sehr unterschiedlich darstellen. Ludwig Witzani hat diese Inseln selbstorganisiert bereist, zuerst Sri Lanka, die buddhistische Insel des gl\u00fcckhaften Zeichens, dann Sansibar vor der K\u00fcste Ostafrikas und das franz\u00f6sische \u00dcberseedepartment R\u00e9union. Wochenlang war er in Madagaskar unterwegs, dem Labor der Evolution, w\u00e4hrend er in Mauritius einen tr\u00fcgerischen Honeymoon erlebte. Die Reisen zu den Seychellen und den Malediven zu den vermeidlich sch\u00f6nsten Str\u00e4nden der Welt runden eine Darstellung ab, die nicht nur die Inseln des Indischen Ozean sondern auch das Reiseleben des Autors widerspiegelt.\" \/>\n<meta property=\"og:url\" content=\"https:\/\/ludwig-witzani.de\/zu-den-grossen-traeumen\/wo-der-sifaka-tanzt-reisen-zu-den-inseln-des-indischen-ozeans\/\" \/>\n<meta property=\"og:site_name\" content=\"Ludwig Witzani\" \/>\n<meta property=\"article:modified_time\" content=\"2025-08-20T06:54:01+00:00\" \/>\n<meta property=\"og:image\" content=\"https:\/\/ludwig-witzani.de\/wp-content\/uploads\/2025\/05\/01-Frontcover.jpg\" \/>\n\t<meta property=\"og:image:width\" content=\"1512\" \/>\n\t<meta property=\"og:image:height\" content=\"2280\" \/>\n\t<meta property=\"og:image:type\" content=\"image\/jpeg\" \/>\n<meta name=\"twitter:card\" content=\"summary_large_image\" \/>\n<meta name=\"twitter:label1\" content=\"Gesch\u00e4tzte Lesezeit\" \/>\n\t<meta name=\"twitter:data1\" content=\"3\u00a0Minuten\" \/>\n<script type=\"application\/ld+json\" class=\"yoast-schema-graph\">{\"@context\":\"https:\\\/\\\/schema.org\",\"@graph\":[{\"@type\":\"WebPage\",\"@id\":\"https:\\\/\\\/ludwig-witzani.de\\\/zu-den-grossen-traeumen\\\/wo-der-sifaka-tanzt-reisen-zu-den-inseln-des-indischen-ozeans\\\/\",\"url\":\"https:\\\/\\\/ludwig-witzani.de\\\/zu-den-grossen-traeumen\\\/wo-der-sifaka-tanzt-reisen-zu-den-inseln-des-indischen-ozeans\\\/\",\"name\":\"Wo der Sifaka tanzt. Reisen zu den Inseln des Indischen Ozeans - Ludwig Witzani\",\"isPartOf\":{\"@id\":\"https:\\\/\\\/ludwig-witzani.de\\\/zu-den-grossen-traeumen\\\/#website\"},\"primaryImageOfPage\":{\"@id\":\"https:\\\/\\\/ludwig-witzani.de\\\/zu-den-grossen-traeumen\\\/wo-der-sifaka-tanzt-reisen-zu-den-inseln-des-indischen-ozeans\\\/#primaryimage\"},\"image\":{\"@id\":\"https:\\\/\\\/ludwig-witzani.de\\\/zu-den-grossen-traeumen\\\/wo-der-sifaka-tanzt-reisen-zu-den-inseln-des-indischen-ozeans\\\/#primaryimage\"},\"thumbnailUrl\":\"https:\\\/\\\/ludwig-witzani.de\\\/wp-content\\\/uploads\\\/2025\\\/05\\\/01-Frontcover-531x800.jpg\",\"datePublished\":\"2025-02-27T07:55:08+00:00\",\"dateModified\":\"2025-08-20T06:54:01+00:00\",\"description\":\"Der Indische Ozean ist der kleinste, aber auch der eigenartigste Ozean der Welt. Er umfasst \u201enur\u201c 75 Millionen qkm (im Unterschied zum Atlantik mit 82 und dem Pazifik mit 166 Millionen qkm Fl\u00e4che), ist aber der einzige, der \u00fcberwiegend auf der s\u00fcdlichen Erdhalbkugel liegt. Sein Erscheinungsbild ist nahezu durchg\u00e4ngig tropisch, was ganz besonders f\u00fcr seine Inseln zutrifft, die zu den sogenannten \u201eTraumzielen\u201c des weltweiten Ferntourismus geh\u00f6ren, auch wenn sie sich im Einzelnen sehr unterschiedlich darstellen. Ludwig Witzani hat diese Inseln selbstorganisiert bereist, zuerst Sri Lanka, die buddhistische Insel des gl\u00fcckhaften Zeichens, dann Sansibar vor der K\u00fcste Ostafrikas und das franz\u00f6sische \u00dcberseedepartment R\u00e9union. Wochenlang war er in Madagaskar unterwegs, dem Labor der Evolution, w\u00e4hrend er in Mauritius einen tr\u00fcgerischen Honeymoon erlebte. Die Reisen zu den Seychellen und den Malediven zu den vermeidlich sch\u00f6nsten Str\u00e4nden der Welt runden eine Darstellung ab, die nicht nur die Inseln des Indischen Ozean sondern auch das Reiseleben des Autors widerspiegelt.\",\"breadcrumb\":{\"@id\":\"https:\\\/\\\/ludwig-witzani.de\\\/zu-den-grossen-traeumen\\\/wo-der-sifaka-tanzt-reisen-zu-den-inseln-des-indischen-ozeans\\\/#breadcrumb\"},\"inLanguage\":\"de\",\"potentialAction\":[{\"@type\":\"ReadAction\",\"target\":[\"https:\\\/\\\/ludwig-witzani.de\\\/zu-den-grossen-traeumen\\\/wo-der-sifaka-tanzt-reisen-zu-den-inseln-des-indischen-ozeans\\\/\"]}]},{\"@type\":\"ImageObject\",\"inLanguage\":\"de\",\"@id\":\"https:\\\/\\\/ludwig-witzani.de\\\/zu-den-grossen-traeumen\\\/wo-der-sifaka-tanzt-reisen-zu-den-inseln-des-indischen-ozeans\\\/#primaryimage\",\"url\":\"https:\\\/\\\/ludwig-witzani.de\\\/wp-content\\\/uploads\\\/2025\\\/05\\\/01-Frontcover-531x800.jpg\",\"contentUrl\":\"https:\\\/\\\/ludwig-witzani.de\\\/wp-content\\\/uploads\\\/2025\\\/05\\\/01-Frontcover-531x800.jpg\"},{\"@type\":\"BreadcrumbList\",\"@id\":\"https:\\\/\\\/ludwig-witzani.de\\\/zu-den-grossen-traeumen\\\/wo-der-sifaka-tanzt-reisen-zu-den-inseln-des-indischen-ozeans\\\/#breadcrumb\",\"itemListElement\":[{\"@type\":\"ListItem\",\"position\":1,\"name\":\"Startseite\",\"item\":\"https:\\\/\\\/ludwig-witzani.de\\\/zu-den-grossen-traeumen\\\/\"},{\"@type\":\"ListItem\",\"position\":2,\"name\":\"Wo der Sifaka tanzt. Reisen zu den Inseln des Indischen Ozeans\"}]},{\"@type\":\"WebSite\",\"@id\":\"https:\\\/\\\/ludwig-witzani.de\\\/zu-den-grossen-traeumen\\\/#website\",\"url\":\"https:\\\/\\\/ludwig-witzani.de\\\/zu-den-grossen-traeumen\\\/\",\"name\":\"Ludwig Witzani\",\"description\":\"World Wide Travel\",\"potentialAction\":[{\"@type\":\"SearchAction\",\"target\":{\"@type\":\"EntryPoint\",\"urlTemplate\":\"https:\\\/\\\/ludwig-witzani.de\\\/zu-den-grossen-traeumen\\\/?s={search_term_string}\"},\"query-input\":{\"@type\":\"PropertyValueSpecification\",\"valueRequired\":true,\"valueName\":\"search_term_string\"}}],\"inLanguage\":\"de\"}]}<\/script>\n<!-- \/ Yoast SEO plugin. -->","yoast_head_json":{"title":"Wo der Sifaka tanzt. Reisen zu den Inseln des Indischen Ozeans - Ludwig Witzani","description":"Der Indische Ozean ist der kleinste, aber auch der eigenartigste Ozean der Welt. Er umfasst \u201enur\u201c 75 Millionen qkm (im Unterschied zum Atlantik mit 82 und dem Pazifik mit 166 Millionen qkm Fl\u00e4che), ist aber der einzige, der \u00fcberwiegend auf der s\u00fcdlichen Erdhalbkugel liegt. Sein Erscheinungsbild ist nahezu durchg\u00e4ngig tropisch, was ganz besonders f\u00fcr seine Inseln zutrifft, die zu den sogenannten \u201eTraumzielen\u201c des weltweiten Ferntourismus geh\u00f6ren, auch wenn sie sich im Einzelnen sehr unterschiedlich darstellen. Ludwig Witzani hat diese Inseln selbstorganisiert bereist, zuerst Sri Lanka, die buddhistische Insel des gl\u00fcckhaften Zeichens, dann Sansibar vor der K\u00fcste Ostafrikas und das franz\u00f6sische \u00dcberseedepartment R\u00e9union. Wochenlang war er in Madagaskar unterwegs, dem Labor der Evolution, w\u00e4hrend er in Mauritius einen tr\u00fcgerischen Honeymoon erlebte. Die Reisen zu den Seychellen und den Malediven zu den vermeidlich sch\u00f6nsten Str\u00e4nden der Welt runden eine Darstellung ab, die nicht nur die Inseln des Indischen Ozean sondern auch das Reiseleben des Autors widerspiegelt.","robots":{"index":"index","follow":"follow","max-snippet":"max-snippet:-1","max-image-preview":"max-image-preview:large","max-video-preview":"max-video-preview:-1"},"canonical":"https:\/\/ludwig-witzani.de\/zu-den-grossen-traeumen\/wo-der-sifaka-tanzt-reisen-zu-den-inseln-des-indischen-ozeans\/","og_locale":"de_DE","og_type":"article","og_title":"Wo der Sifaka tanzt. Reisen zu den Inseln des Indischen Ozeans - Ludwig Witzani","og_description":"Der Indische Ozean ist der kleinste, aber auch der eigenartigste Ozean der Welt. Er umfasst \u201enur\u201c 75 Millionen qkm (im Unterschied zum Atlantik mit 82 und dem Pazifik mit 166 Millionen qkm Fl\u00e4che), ist aber der einzige, der \u00fcberwiegend auf der s\u00fcdlichen Erdhalbkugel liegt. Sein Erscheinungsbild ist nahezu durchg\u00e4ngig tropisch, was ganz besonders f\u00fcr seine Inseln zutrifft, die zu den sogenannten \u201eTraumzielen\u201c des weltweiten Ferntourismus geh\u00f6ren, auch wenn sie sich im Einzelnen sehr unterschiedlich darstellen. Ludwig Witzani hat diese Inseln selbstorganisiert bereist, zuerst Sri Lanka, die buddhistische Insel des gl\u00fcckhaften Zeichens, dann Sansibar vor der K\u00fcste Ostafrikas und das franz\u00f6sische \u00dcberseedepartment R\u00e9union. Wochenlang war er in Madagaskar unterwegs, dem Labor der Evolution, w\u00e4hrend er in Mauritius einen tr\u00fcgerischen Honeymoon erlebte. Die Reisen zu den Seychellen und den Malediven zu den vermeidlich sch\u00f6nsten Str\u00e4nden der Welt runden eine Darstellung ab, die nicht nur die Inseln des Indischen Ozean sondern auch das Reiseleben des Autors widerspiegelt.","og_url":"https:\/\/ludwig-witzani.de\/zu-den-grossen-traeumen\/wo-der-sifaka-tanzt-reisen-zu-den-inseln-des-indischen-ozeans\/","og_site_name":"Ludwig Witzani","article_modified_time":"2025-08-20T06:54:01+00:00","og_image":[{"width":1512,"height":2280,"url":"https:\/\/ludwig-witzani.de\/wp-content\/uploads\/2025\/05\/01-Frontcover.jpg","type":"image\/jpeg"}],"twitter_card":"summary_large_image","twitter_misc":{"Gesch\u00e4tzte Lesezeit":"3\u00a0Minuten"},"schema":{"@context":"https:\/\/schema.org","@graph":[{"@type":"WebPage","@id":"https:\/\/ludwig-witzani.de\/zu-den-grossen-traeumen\/wo-der-sifaka-tanzt-reisen-zu-den-inseln-des-indischen-ozeans\/","url":"https:\/\/ludwig-witzani.de\/zu-den-grossen-traeumen\/wo-der-sifaka-tanzt-reisen-zu-den-inseln-des-indischen-ozeans\/","name":"Wo der Sifaka tanzt. Reisen zu den Inseln des Indischen Ozeans - Ludwig Witzani","isPartOf":{"@id":"https:\/\/ludwig-witzani.de\/zu-den-grossen-traeumen\/#website"},"primaryImageOfPage":{"@id":"https:\/\/ludwig-witzani.de\/zu-den-grossen-traeumen\/wo-der-sifaka-tanzt-reisen-zu-den-inseln-des-indischen-ozeans\/#primaryimage"},"image":{"@id":"https:\/\/ludwig-witzani.de\/zu-den-grossen-traeumen\/wo-der-sifaka-tanzt-reisen-zu-den-inseln-des-indischen-ozeans\/#primaryimage"},"thumbnailUrl":"https:\/\/ludwig-witzani.de\/wp-content\/uploads\/2025\/05\/01-Frontcover-531x800.jpg","datePublished":"2025-02-27T07:55:08+00:00","dateModified":"2025-08-20T06:54:01+00:00","description":"Der Indische Ozean ist der kleinste, aber auch der eigenartigste Ozean der Welt. Er umfasst \u201enur\u201c 75 Millionen qkm (im Unterschied zum Atlantik mit 82 und dem Pazifik mit 166 Millionen qkm Fl\u00e4che), ist aber der einzige, der \u00fcberwiegend auf der s\u00fcdlichen Erdhalbkugel liegt. Sein Erscheinungsbild ist nahezu durchg\u00e4ngig tropisch, was ganz besonders f\u00fcr seine Inseln zutrifft, die zu den sogenannten \u201eTraumzielen\u201c des weltweiten Ferntourismus geh\u00f6ren, auch wenn sie sich im Einzelnen sehr unterschiedlich darstellen. Ludwig Witzani hat diese Inseln selbstorganisiert bereist, zuerst Sri Lanka, die buddhistische Insel des gl\u00fcckhaften Zeichens, dann Sansibar vor der K\u00fcste Ostafrikas und das franz\u00f6sische \u00dcberseedepartment R\u00e9union. Wochenlang war er in Madagaskar unterwegs, dem Labor der Evolution, w\u00e4hrend er in Mauritius einen tr\u00fcgerischen Honeymoon erlebte. Die Reisen zu den Seychellen und den Malediven zu den vermeidlich sch\u00f6nsten Str\u00e4nden der Welt runden eine Darstellung ab, die nicht nur die Inseln des Indischen Ozean sondern auch das Reiseleben des Autors widerspiegelt.","breadcrumb":{"@id":"https:\/\/ludwig-witzani.de\/zu-den-grossen-traeumen\/wo-der-sifaka-tanzt-reisen-zu-den-inseln-des-indischen-ozeans\/#breadcrumb"},"inLanguage":"de","potentialAction":[{"@type":"ReadAction","target":["https:\/\/ludwig-witzani.de\/zu-den-grossen-traeumen\/wo-der-sifaka-tanzt-reisen-zu-den-inseln-des-indischen-ozeans\/"]}]},{"@type":"ImageObject","inLanguage":"de","@id":"https:\/\/ludwig-witzani.de\/zu-den-grossen-traeumen\/wo-der-sifaka-tanzt-reisen-zu-den-inseln-des-indischen-ozeans\/#primaryimage","url":"https:\/\/ludwig-witzani.de\/wp-content\/uploads\/2025\/05\/01-Frontcover-531x800.jpg","contentUrl":"https:\/\/ludwig-witzani.de\/wp-content\/uploads\/2025\/05\/01-Frontcover-531x800.jpg"},{"@type":"BreadcrumbList","@id":"https:\/\/ludwig-witzani.de\/zu-den-grossen-traeumen\/wo-der-sifaka-tanzt-reisen-zu-den-inseln-des-indischen-ozeans\/#breadcrumb","itemListElement":[{"@type":"ListItem","position":1,"name":"Startseite","item":"https:\/\/ludwig-witzani.de\/zu-den-grossen-traeumen\/"},{"@type":"ListItem","position":2,"name":"Wo der Sifaka tanzt. Reisen zu den Inseln des Indischen Ozeans"}]},{"@type":"WebSite","@id":"https:\/\/ludwig-witzani.de\/zu-den-grossen-traeumen\/#website","url":"https:\/\/ludwig-witzani.de\/zu-den-grossen-traeumen\/","name":"Ludwig Witzani","description":"World Wide Travel","potentialAction":[{"@type":"SearchAction","target":{"@type":"EntryPoint","urlTemplate":"https:\/\/ludwig-witzani.de\/zu-den-grossen-traeumen\/?s={search_term_string}"},"query-input":{"@type":"PropertyValueSpecification","valueRequired":true,"valueName":"search_term_string"}}],"inLanguage":"de"}]}},"jetpack_shortlink":"https:\/\/wp.me\/P4daYo-2Cv","jetpack_sharing_enabled":true,"_links":{"self":[{"href":"https:\/\/ludwig-witzani.de\/zu-den-grossen-traeumen\/wp-json\/wp\/v2\/pages\/10075","targetHints":{"allow":["GET"]}}],"collection":[{"href":"https:\/\/ludwig-witzani.de\/zu-den-grossen-traeumen\/wp-json\/wp\/v2\/pages"}],"about":[{"href":"https:\/\/ludwig-witzani.de\/zu-den-grossen-traeumen\/wp-json\/wp\/v2\/types\/page"}],"author":[{"embeddable":true,"href":"https:\/\/ludwig-witzani.de\/zu-den-grossen-traeumen\/wp-json\/wp\/v2\/users\/2"}],"replies":[{"embeddable":true,"href":"https:\/\/ludwig-witzani.de\/zu-den-grossen-traeumen\/wp-json\/wp\/v2\/comments?post=10075"}],"version-history":[{"count":44,"href":"https:\/\/ludwig-witzani.de\/zu-den-grossen-traeumen\/wp-json\/wp\/v2\/pages\/10075\/revisions"}],"predecessor-version":[{"id":10678,"href":"https:\/\/ludwig-witzani.de\/zu-den-grossen-traeumen\/wp-json\/wp\/v2\/pages\/10075\/revisions\/10678"}],"wp:attachment":[{"href":"https:\/\/ludwig-witzani.de\/zu-den-grossen-traeumen\/wp-json\/wp\/v2\/media?parent=10075"}],"curies":[{"name":"wp","href":"https:\/\/api.w.org\/{rel}","templated":true}]}}